{"id":21,"date":"2022-12-22T08:58:55","date_gmt":"2022-12-22T08:58:55","guid":{"rendered":"https:\/\/xstore.8theme.com\/elementor2\/furniture3\/?page_id=21"},"modified":"2024-08-29T12:11:47","modified_gmt":"2024-08-29T11:11:47","slug":"contacta-nuestra-tienda-de-tatuajes-y-formacion","status":"publish","type":"page","link":"https:\/\/xtftattoo.com\/index.php\/contacta-nuestra-tienda-de-tatuajes-y-formacion\/","title":{"rendered":"Contacto"},"content":{"rendered":"\t\t<div data-elementor-type=\"wp-page\" data-elementor-id=\"21\" class=\"elementor elementor-21\" data-elementor-post-type=\"page\">\n\t\t\t\t\t\t<section class=\"elementor-section elementor-top-section elementor-element elementor-element-a9a22b0 elementor-section-boxed elementor-section-height-default elementor-section-height-default\" data-id=\"a9a22b0\" data-element_type=\"section\">\n\t\t\t\t\t\t<div class=\"elementor-container elementor-column-gap-no\">\n\t\t\t\t\t<div class=\"elementor-column elementor-col-100 elementor-top-column elementor-element elementor-element-9e7073f\" data-id=\"9e7073f\" data-element_type=\"column\">\n\t\t\t<div class=\"elementor-widget-wrap elementor-element-populated\">\n\t\t\t\t\t\t<div class=\"elementor-element elementor-element-5a8d882 elementor-align-center elementor-widget elementor-widget-etheme_advanced_headline\" data-id=\"5a8d882\" data-element_type=\"widget\" data-widget_type=\"etheme_advanced_headline.default\">\n\t\t\t\t<div class=\"elementor-widget-container\">\n\t\t\t        \r\n        <div class=\"etheme-a-h-wrapper etheme-a-h-line-under\">\r\n        \r\n            <div class=\"etheme-advanced-headline-heading-wrapper\">\r\n        <h2 class=\"etheme-advanced-headline\">\r\n\r\n             Sirvi\u00e9ndole en toda Espa\u00f1a\r\n        <\/h2>\r\n\t\t\r\n            <div class=\"etheme-advanced-headline-divider\"><\/div><\/div>        \r\n        <\/div>\r\n        \r\n\t\t\t\t<\/div>\n\t\t\t\t<\/div>\n\t\t\t\t<div class=\"elementor-element elementor-element-bcca910 elementor-widget elementor-widget-text-editor\" data-id=\"bcca910\" data-element_type=\"widget\" data-widget_type=\"text-editor.default\">\n\t\t\t\t<div class=\"elementor-widget-container\">\n\t\t\t<style>\/*! elementor - v3.22.0 - 17-06-2024 *\/\n.elementor-widget-text-editor.elementor-drop-cap-view-stacked .elementor-drop-cap{background-color:#69727d;color:#fff}.elementor-widget-text-editor.elementor-drop-cap-view-framed .elementor-drop-cap{color:#69727d;border:3px solid;background-color:transparent}.elementor-widget-text-editor:not(.elementor-drop-cap-view-default) .elementor-drop-cap{margin-top:8px}.elementor-widget-text-editor:not(.elementor-drop-cap-view-default) .elementor-drop-cap-letter{width:1em;height:1em}.elementor-widget-text-editor .elementor-drop-cap{float:left;text-align:center;line-height:1;font-size:50px}.elementor-widget-text-editor .elementor-drop-cap-letter{display:inline-block}<\/style>\t\t\t\t<p>Para cualquier consulta, contacta nuestra tienda de tatuajes y formaci\u00f3n\u00a0<\/p>\t\t\t\t\t\t<\/div>\n\t\t\t\t<\/div>\n\t\t\t\t\t<\/div>\n\t\t<\/div>\n\t\t\t\t\t<\/div>\n\t\t<\/section>\n\t\t\t\t<section class=\"elementor-section elementor-top-section elementor-element elementor-element-be9adbc elementor-section-stretched elementor-section-content-middle elementor-section-boxed elementor-section-height-default elementor-section-height-default\" data-id=\"be9adbc\" data-element_type=\"section\" data-settings=\"{&quot;stretch_section&quot;:&quot;section-stretched&quot;}\">\n\t\t\t\t\t\t<div class=\"elementor-container elementor-column-gap-custom\">\n\t\t\t\t\t<div class=\"elementor-column elementor-col-50 elementor-top-column elementor-element elementor-element-2651ae0\" data-id=\"2651ae0\" data-element_type=\"column\">\n\t\t\t<div class=\"elementor-widget-wrap elementor-element-populated\">\n\t\t\t\t\t\t<div class=\"elementor-element elementor-element-8a2040e elementor-widget elementor-widget-heading\" data-id=\"8a2040e\" data-element_type=\"widget\" data-widget_type=\"heading.default\">\n\t\t\t\t<div class=\"elementor-widget-container\">\n\t\t\t<style>\/*! elementor - v3.22.0 - 17-06-2024 *\/\n.elementor-heading-title{padding:0;margin:0;line-height:1}.elementor-widget-heading .elementor-heading-title[class*=elementor-size-]>a{color:inherit;font-size:inherit;line-height:inherit}.elementor-widget-heading .elementor-heading-title.elementor-size-small{font-size:15px}.elementor-widget-heading .elementor-heading-title.elementor-size-medium{font-size:19px}.elementor-widget-heading .elementor-heading-title.elementor-size-large{font-size:29px}.elementor-widget-heading .elementor-heading-title.elementor-size-xl{font-size:39px}.elementor-widget-heading .elementor-heading-title.elementor-size-xxl{font-size:59px}<\/style><h2 class=\"elementor-heading-title elementor-size-default\">Contacte con nosotros<\/h2>\t\t<\/div>\n\t\t\t\t<\/div>\n\t\t\t\t<div class=\"elementor-element elementor-element-b0d76d3 elementor-align-left elementor-widget elementor-widget-etheme_icon_box\" data-id=\"b0d76d3\" data-element_type=\"widget\" data-widget_type=\"etheme_icon_box.default\">\n\t\t\t\t<div class=\"elementor-widget-container\">\n\t\t\t\t\t\t<div class=\"etheme-icon-box etheme-icon-box-icon-position-left\">\r\n        \r\n                            \r\n                <div class=\"etheme-icon-box-icon etheme-icon-box-icon-type-icon\">\r\n        \r\n                <i aria-hidden=\"true\" class=\"et-icon et-phone-call\"><\/i>        \r\n                <\/div>\r\n            \r\n                <div class=\"etheme-icon-box-content\">\r\n\t\t\r\n                                        \r\n                                            <div class=\"etheme-icon-box-title\">\r\n                            <span>+34914445544<\/span>\r\n                        <\/div>\r\n                    \t\t\r\n                    \r\n                            \r\n                <\/div>\r\n\t\t\t<\/div>\r\n\t\t\t\t<\/div>\n\t\t\t\t<\/div>\n\t\t\t\t<div class=\"elementor-element elementor-element-a573292 elementor-align-left elementor-widget elementor-widget-etheme_icon_box\" data-id=\"a573292\" data-element_type=\"widget\" data-widget_type=\"etheme_icon_box.default\">\n\t\t\t\t<div class=\"elementor-widget-container\">\n\t\t\t\t\t\t<div class=\"etheme-icon-box etheme-icon-box-icon-position-left\">\r\n        \r\n                            \r\n                <div class=\"etheme-icon-box-icon etheme-icon-box-icon-type-icon\">\r\n        \r\n                <svg aria-hidden=\"true\" class=\"e-font-icon-svg e-far-envelope-open\" viewBox=\"0 0 512 512\" xmlns=\"http:\/\/www.w3.org\/2000\/svg\"><path d=\"M494.586 164.516c-4.697-3.883-111.723-89.95-135.251-108.657C337.231 38.191 299.437 0 256 0c-43.205 0-80.636 37.717-103.335 55.859-24.463 19.45-131.07 105.195-135.15 108.549A48.004 48.004 0 0 0 0 201.485V464c0 26.51 21.49 48 48 48h416c26.51 0 48-21.49 48-48V201.509a48 48 0 0 0-17.414-36.993zM464 458a6 6 0 0 1-6 6H54a6 6 0 0 1-6-6V204.347c0-1.813.816-3.526 2.226-4.665 15.87-12.814 108.793-87.554 132.364-106.293C200.755 78.88 232.398 48 256 48c23.693 0 55.857 31.369 73.41 45.389 23.573 18.741 116.503 93.493 132.366 106.316a5.99 5.99 0 0 1 2.224 4.663V458zm-31.991-187.704c4.249 5.159 3.465 12.795-1.745 16.981-28.975 23.283-59.274 47.597-70.929 56.863C336.636 362.283 299.205 400 256 400c-43.452 0-81.287-38.237-103.335-55.86-11.279-8.967-41.744-33.413-70.927-56.865-5.21-4.187-5.993-11.822-1.745-16.981l15.258-18.528c4.178-5.073 11.657-5.843 16.779-1.726 28.618 23.001 58.566 47.035 70.56 56.571C200.143 320.631 232.307 352 256 352c23.602 0 55.246-30.88 73.41-45.389 11.994-9.535 41.944-33.57 70.563-56.568 5.122-4.116 12.601-3.346 16.778 1.727l15.258 18.526z\"><\/path><\/svg>        \r\n                <\/div>\r\n            \r\n                <div class=\"etheme-icon-box-content\">\r\n\t\t\r\n                                        \r\n                                            <div class=\"etheme-icon-box-title\">\r\n                            <span>xandrotattoostudio@gmail.com<\/span>\r\n                        <\/div>\r\n                    \t\t\r\n                    \r\n                            \r\n                <\/div>\r\n\t\t\t<\/div>\r\n\t\t\t\t<\/div>\n\t\t\t\t<\/div>\n\t\t\t\t<div class=\"elementor-element elementor-element-d184ee7 elementor-widget elementor-widget-text-editor\" data-id=\"d184ee7\" data-element_type=\"widget\" data-widget_type=\"text-editor.default\">\n\t\t\t\t<div class=\"elementor-widget-container\">\n\t\t\t\t\t\t\t<p>Si tienes alguna pregunta no dudes en contactar con nosotros nuestro horario de atenci\u00f3n es de:<\/p><p><strong>01:00pm &#8211; 09:00pm<\/strong><\/p><p><strong>Lunes a Domingo<\/strong><\/p>\t\t\t\t\t\t<\/div>\n\t\t\t\t<\/div>\n\t\t\t\t\t<\/div>\n\t\t<\/div>\n\t\t\t\t<div class=\"elementor-column elementor-col-50 elementor-top-column elementor-element elementor-element-0f8f83c\" data-id=\"0f8f83c\" data-element_type=\"column\">\n\t\t\t<div class=\"elementor-widget-wrap elementor-element-populated\">\n\t\t\t\t\t\t<div class=\"elementor-element elementor-element-dca65c6 elementor-widget elementor-widget-google_maps\" data-id=\"dca65c6\" data-element_type=\"widget\" data-widget_type=\"google_maps.default\">\n\t\t\t\t<div class=\"elementor-widget-container\">\n\t\t\t<style>\/*! elementor - v3.22.0 - 17-06-2024 *\/\n.elementor-widget-google_maps .elementor-widget-container{overflow:hidden}.elementor-widget-google_maps .elementor-custom-embed{line-height:0}.elementor-widget-google_maps iframe{height:300px}<\/style>\t\t<div class=\"elementor-custom-embed\">\n\t\t\t<iframe loading=\"lazy\"\n\t\t\t\t\tsrc=\"https:\/\/maps.google.com\/maps?q=Xandro%20Tattoo%20Studio%20Calle%20de%20Viriato%2C%202%2C%20esquina%2C%20Chamber%C3%AD%2C%2028010%20Madrid&#038;t=m&#038;z=14&#038;output=embed&#038;iwloc=near\"\n\t\t\t\t\ttitle=\"Xandro Tattoo Studio Calle de Viriato, 2, esquina, Chamber\u00ed, 28010 Madrid\"\n\t\t\t\t\taria-label=\"Xandro Tattoo Studio Calle de Viriato, 2, esquina, Chamber\u00ed, 28010 Madrid\"\n\t\t\t><\/iframe>\n\t\t<\/div>\n\t\t\t\t<\/div>\n\t\t\t\t<\/div>\n\t\t\t\t\t<\/div>\n\t\t<\/div>\n\t\t\t\t\t<\/div>\n\t\t<\/section>\n\t\t\t\t<\/div>\n\t\t","protected":false},"excerpt":{"rendered":"<p>Sirvi\u00e9ndole en toda Espa\u00f1a Para cualquier consulta sobre nuestra tienda de tatuajes y formaci\u00f3n, no dudes en&#8230;<\/p>\n","protected":false},"author":1,"featured_media":0,"parent":0,"menu_order":0,"comment_status":"closed","ping_status":"closed","template":"","meta":{"footnotes":""},"yoast_head":"<!-- This site is optimized with the Yoast SEO Premium plugin v22.7 (Yoast SEO v22.9) - https:\/\/yoast.com\/wordpress\/plugins\/seo\/ -->\n<title>Contacta nuestra tienda de tatuajes y formaci\u00f3n<\/title>\n<meta name=\"description\" content=\"Para cualquier consulta, contacta nuestra tienda de tatuajes y formaci\u00f3n, no dudes en contactarnos. Estamos aqu\u00ed para ayudarte.\" \/>\n<meta name=\"robots\" content=\"index, follow, max-snippet:-1, max-image-preview:large, max-video-preview:-1\" \/>\n<link rel=\"canonical\" href=\"https:\/\/xtftattoo.com\/index.php\/contacta-nuestra-tienda-de-tatuajes-y-formacion\/\" \/>\n<meta property=\"og:locale\" content=\"es_ES\" \/>\n<meta property=\"og:type\" content=\"article\" \/>\n<meta property=\"og:title\" content=\"Contacto\" \/>\n<meta property=\"og:description\" content=\"Para cualquier consulta, contacta nuestra tienda de tatuajes y formaci\u00f3n, no dudes en contactarnos. Estamos aqu\u00ed para ayudarte.\" \/>\n<meta property=\"og:url\" content=\"https:\/\/xtftattoo.com\/index.php\/contacta-nuestra-tienda-de-tatuajes-y-formacion\/\" \/>\n<meta property=\"og:site_name\" content=\"xtftattoo\" \/>\n<meta property=\"article:modified_time\" content=\"2024-08-29T11:11:47+00:00\" \/>\n<meta name=\"twitter:card\" content=\"summary_large_image\" \/>\n<meta name=\"twitter:label1\" content=\"Tiempo de lectura\" \/>\n\t<meta name=\"twitter:data1\" content=\"1 minuto\" \/>\n<script type=\"application\/ld+json\" class=\"yoast-schema-graph\">{\"@context\":\"https:\/\/schema.org\",\"@graph\":[{\"@type\":\"WebPage\",\"@id\":\"https:\/\/xtftattoo.com\/index.php\/contacta-nuestra-tienda-de-tatuajes-y-formacion\/\",\"url\":\"https:\/\/xtftattoo.com\/index.php\/contacta-nuestra-tienda-de-tatuajes-y-formacion\/\",\"name\":\"Contacta nuestra tienda de tatuajes y formaci\u00f3n\",\"isPartOf\":{\"@id\":\"https:\/\/xtftattoo.com\/#website\"},\"datePublished\":\"2022-12-22T08:58:55+00:00\",\"dateModified\":\"2024-08-29T11:11:47+00:00\",\"description\":\"Para cualquier consulta, contacta nuestra tienda de tatuajes y formaci\u00f3n, no dudes en contactarnos. Estamos aqu\u00ed para ayudarte.\",\"breadcrumb\":{\"@id\":\"https:\/\/xtftattoo.com\/index.php\/contacta-nuestra-tienda-de-tatuajes-y-formacion\/#breadcrumb\"},\"inLanguage\":\"es\",\"potentialAction\":[{\"@type\":\"ReadAction\",\"target\":[\"https:\/\/xtftattoo.com\/index.php\/contacta-nuestra-tienda-de-tatuajes-y-formacion\/\"]}]},{\"@type\":\"BreadcrumbList\",\"@id\":\"https:\/\/xtftattoo.com\/index.php\/contacta-nuestra-tienda-de-tatuajes-y-formacion\/#breadcrumb\",\"itemListElement\":[{\"@type\":\"ListItem\",\"position\":1,\"name\":\"Portada\",\"item\":\"https:\/\/xtftattoo.com\/\"},{\"@type\":\"ListItem\",\"position\":2,\"name\":\"Contacto\"}]},{\"@type\":\"WebSite\",\"@id\":\"https:\/\/xtftattoo.com\/#website\",\"url\":\"https:\/\/xtftattoo.com\/\",\"name\":\"xtftattoo\",\"description\":\"\",\"publisher\":{\"@id\":\"https:\/\/xtftattoo.com\/#organization\"},\"potentialAction\":[{\"@type\":\"SearchAction\",\"target\":{\"@type\":\"EntryPoint\",\"urlTemplate\":\"https:\/\/xtftattoo.com\/?s={search_term_string}\"},\"query-input\":\"required name=search_term_string\"}],\"inLanguage\":\"es\"},{\"@type\":\"Organization\",\"@id\":\"https:\/\/xtftattoo.com\/#organization\",\"name\":\"xtftattoo\",\"url\":\"https:\/\/xtftattoo.com\/\",\"logo\":{\"@type\":\"ImageObject\",\"inLanguage\":\"es\",\"@id\":\"https:\/\/xtftattoo.com\/#\/schema\/logo\/image\/\",\"url\":\"https:\/\/xtftattoo.com\/wp-content\/uploads\/2024\/05\/LogoXandro-e1716470833493.png\",\"contentUrl\":\"https:\/\/xtftattoo.com\/wp-content\/uploads\/2024\/05\/LogoXandro-e1716470833493.png\",\"width\":95,\"height\":100,\"caption\":\"xtftattoo\"},\"image\":{\"@id\":\"https:\/\/xtftattoo.com\/#\/schema\/logo\/image\/\"}}]}<\/script>\n<!-- \/ Yoast SEO Premium plugin. -->","yoast_head_json":{"title":"Contacta nuestra tienda de tatuajes y formaci\u00f3n","description":"Para cualquier consulta, contacta nuestra tienda de tatuajes y formaci\u00f3n, no dudes en contactarnos. Estamos aqu\u00ed para ayudarte.","robots":{"index":"index","follow":"follow","max-snippet":"max-snippet:-1","max-image-preview":"max-image-preview:large","max-video-preview":"max-video-preview:-1"},"canonical":"https:\/\/xtftattoo.com\/index.php\/contacta-nuestra-tienda-de-tatuajes-y-formacion\/","og_locale":"es_ES","og_type":"article","og_title":"Contacto","og_description":"Para cualquier consulta, contacta nuestra tienda de tatuajes y formaci\u00f3n, no dudes en contactarnos. Estamos aqu\u00ed para ayudarte.","og_url":"https:\/\/xtftattoo.com\/index.php\/contacta-nuestra-tienda-de-tatuajes-y-formacion\/","og_site_name":"xtftattoo","article_modified_time":"2024-08-29T11:11:47+00:00","twitter_card":"summary_large_image","twitter_misc":{"Tiempo de lectura":"1 minuto"},"schema":{"@context":"https:\/\/schema.org","@graph":[{"@type":"WebPage","@id":"https:\/\/xtftattoo.com\/index.php\/contacta-nuestra-tienda-de-tatuajes-y-formacion\/","url":"https:\/\/xtftattoo.com\/index.php\/contacta-nuestra-tienda-de-tatuajes-y-formacion\/","name":"Contacta nuestra tienda de tatuajes y formaci\u00f3n","isPartOf":{"@id":"https:\/\/xtftattoo.com\/#website"},"datePublished":"2022-12-22T08:58:55+00:00","dateModified":"2024-08-29T11:11:47+00:00","description":"Para cualquier consulta, contacta nuestra tienda de tatuajes y formaci\u00f3n, no dudes en contactarnos. Estamos aqu\u00ed para ayudarte.","breadcrumb":{"@id":"https:\/\/xtftattoo.com\/index.php\/contacta-nuestra-tienda-de-tatuajes-y-formacion\/#breadcrumb"},"inLanguage":"es","potentialAction":[{"@type":"ReadAction","target":["https:\/\/xtftattoo.com\/index.php\/contacta-nuestra-tienda-de-tatuajes-y-formacion\/"]}]},{"@type":"BreadcrumbList","@id":"https:\/\/xtftattoo.com\/index.php\/contacta-nuestra-tienda-de-tatuajes-y-formacion\/#breadcrumb","itemListElement":[{"@type":"ListItem","position":1,"name":"Portada","item":"https:\/\/xtftattoo.com\/"},{"@type":"ListItem","position":2,"name":"Contacto"}]},{"@type":"WebSite","@id":"https:\/\/xtftattoo.com\/#website","url":"https:\/\/xtftattoo.com\/","name":"xtftattoo","description":"","publisher":{"@id":"https:\/\/xtftattoo.com\/#organization"},"potentialAction":[{"@type":"SearchAction","target":{"@type":"EntryPoint","urlTemplate":"https:\/\/xtftattoo.com\/?s={search_term_string}"},"query-input":"required name=search_term_string"}],"inLanguage":"es"},{"@type":"Organization","@id":"https:\/\/xtftattoo.com\/#organization","name":"xtftattoo","url":"https:\/\/xtftattoo.com\/","logo":{"@type":"ImageObject","inLanguage":"es","@id":"https:\/\/xtftattoo.com\/#\/schema\/logo\/image\/","url":"https:\/\/xtftattoo.com\/wp-content\/uploads\/2024\/05\/LogoXandro-e1716470833493.png","contentUrl":"https:\/\/xtftattoo.com\/wp-content\/uploads\/2024\/05\/LogoXandro-e1716470833493.png","width":95,"height":100,"caption":"xtftattoo"},"image":{"@id":"https:\/\/xtftattoo.com\/#\/schema\/logo\/image\/"}}]}},"_links":{"self":[{"href":"https:\/\/xtftattoo.com\/index.php\/wp-json\/wp\/v2\/pages\/21"}],"collection":[{"href":"https:\/\/xtftattoo.com\/index.php\/wp-json\/wp\/v2\/pages"}],"about":[{"href":"https:\/\/xtftattoo.com\/index.php\/wp-json\/wp\/v2\/types\/page"}],"author":[{"embeddable":true,"href":"https:\/\/xtftattoo.com\/index.php\/wp-json\/wp\/v2\/users\/1"}],"replies":[{"embeddable":true,"href":"https:\/\/xtftattoo.com\/index.php\/wp-json\/wp\/v2\/comments?post=21"}],"version-history":[{"count":20,"href":"https:\/\/xtftattoo.com\/index.php\/wp-json\/wp\/v2\/pages\/21\/revisions"}],"predecessor-version":[{"id":3698,"href":"https:\/\/xtftattoo.com\/index.php\/wp-json\/wp\/v2\/pages\/21\/revisions\/3698"}],"wp:attachment":[{"href":"https:\/\/xtftattoo.com\/index.php\/wp-json\/wp\/v2\/media?parent=21"}],"curies":[{"name":"wp","href":"https:\/\/api.w.org\/{rel}","templated":true}]}}