{"id":2874,"date":"2024-05-28T16:06:05","date_gmt":"2024-05-28T15:06:05","guid":{"rendered":"https:\/\/xtftattoo.com\/?page_id=2874"},"modified":"2024-05-28T16:06:06","modified_gmt":"2024-05-28T15:06:06","slug":"politica-de-cookies","status":"publish","type":"page","link":"https:\/\/xtftattoo.com\/index.php\/politica-de-cookies\/","title":{"rendered":"Politica de cookies"},"content":{"rendered":"\n<h1>Pol\u00edtica de Cookies de www.xtftattoo.com<\/h1>\n    <p>El presente documento informa a los Usuarios sobre las tecnolog\u00edas que ayudan www.xtftattoo.com a lograr los fines descritos a\n    continuaci\u00f3n. Dichas tecnolog\u00edas permiten al Titular acceder a informaci\u00f3n y almacenarla (por ejemplo, utilizando una Cookie) o\n    emplear recursos (por ejemplo, ejecutando un script) en el dispositivo de un Usuario mientras este interact\u00faa con\n    www.xtftattoo.com.<\/p>\n    \n    <p>Para simplificar, en el presente documento toda esta clase de tecnolog\u00edas se define como &#8220;Rastreadores&#8221;, salvo que exista un\n    motivo para diferenciarlas.<\/p>\n    <p>Por ejemplo, mientras que las Cookies se pueden emplear en navegadores web y m\u00f3viles, ser\u00eda inexacto hablar de Cookies en el\n    contexto de las aplicaciones m\u00f3viles ya que son rastreadores basados en navegadores. Por este motivo, en el presente documento,\n    el t\u00e9rmino Cookies \u00fanicamente se utilizar\u00e1 cuando se emplee espec\u00edficamente para designar este tipo concreto de Rastreador.<\/p>\n    <p>Es posible que algunas de las finalidades para las que se utilizan Rastreadores exijan el consentimiento del Usuario. Siempre que\n    se otorgue el consentimiento, este podr\u00e1 revocarse libremente en cualquier momento siguiendo las instrucciones facilitadas en el\n    presente documento.<\/p>\n    <p>Www.xtftattoo.com solo utiliza Rastreadores gestionados directamente por el Titular (denominados Rastreadores \u201cde origen\u201d).\n    Los plazos de validez y expiraci\u00f3n de las Cookies de origen y otros Rastreadores similares pueden variar dependiendo de la\n    duraci\u00f3n establecida por el Titular. Algunas de ellas expiran a la finalizaci\u00f3n de la sesi\u00f3n de navegaci\u00f3n del Usuario.<\/p>\n    \n    <h2>Actividades estrictamente necesarias para el funcionamiento de www.xtftattoo.com y la prestaci\u00f3n del Servicio<\/h2>\n    <p>Www.xtftattoo.com utiliza Cookies denominadas \u201ct\u00e9cnicas\u201d y otros Rastreadores similares para llevar a cabo actividades que\n    son estrictamente necesarias para el funcionamiento o la prestaci\u00f3n del Servicio.<\/p>\n    \n    <h2>C\u00f3mo gestionar preferencias y otorgar o revocar el consentimiento<\/h2>\n    <p>Existen varias maneras de gestionar las preferencias relacionadas con los Rastreadores y de otorgar o revocar el consentimiento,\n    cuando corresponda:<\/p>\n    <ul>\n        <li>Los Usuarios podr\u00e1n gestionar las preferencias relacionadas con los Rastreadores directamente desde la configuraci\u00f3n de sus\n        propios dispositivos, por ejemplo, impidiendo el uso o el almacenamiento de Rastreadores.<\/li>\n        <li>Asimismo, siempre que el uso de los Rastreadores se base en el consentimiento, los Usuarios podr\u00e1n prestar o revocar dicho\n        consentimiento estableciendo sus preferencias dentro del aviso sobre cookies o actualizando dichas preferencias en el sentido que\n        deseen a trav\u00e9s del widget de privacidad de preferencias de consentimiento correspondiente, si lo hubiera.<\/li>\n        <li>Tambi\u00e9n es posible borrar Rastreadores almacenados previamente, incluyendo aquellos utilizados para recordar las preferencias\n        de consentimiento inicial del Usuario, a trav\u00e9s de las funcionalidades correspondientes del navegador o del dispositivo.<\/li>\n        <li>Al borrar el historial de navegaci\u00f3n es posible que se eliminen otros Rastreadores de la memoria local del navegador.<\/li>\n    <\/ul>\n    \n    <h3>Localizaci\u00f3n de la configuraci\u00f3n de Rastreadores<\/h3>\n    <p>Por ejemplo, los Usuarios podr\u00e1n encontrar informaci\u00f3n sobre c\u00f3mo gestionar las Cookies en los navegadores de uso m\u00e1s\n    frecuente en las siguientes direcciones:<\/p>\n    <ul>\n        <li><a href=\"https:\/\/support.google.com\/chrome\/answer\/95647?hl=es&#038;p=cpn_cookies\" target=\"_blank\" rel=\"noopener\">Google Chrome<\/a><\/li>\n        <li><a href=\"https:\/\/support.mozilla.org\/es\/kb\/habilitar-y-deshabilitar-cookies-que-los-sitios-we\" target=\"_blank\" rel=\"noopener\">Mozilla Firefox<\/a><\/li>\n        <li><a href=\"https:\/\/support.apple.com\/es-es\/guide\/safari\/manage-cookies-and-website-data-sfri11471\/\" target=\"_blank\" rel=\"noopener\">Apple Safari<\/a><\/li>\n        <li><a href=\"http:\/\/windows.microsoft.com\/es-es\/windows-vista\/block-or-allow-cookies\" target=\"_blank\" rel=\"noopener\">Microsoft Internet Explorer<\/a><\/li>\n        <li><a href=\"https:\/\/support.microsoft.com\/es-es\/help\/4027947\" target=\"_blank\" rel=\"noopener\">Microsoft Edge<\/a><\/li>\n        <li><a href=\"https:\/\/support.brave.com\/hc\/articles\/360022806212-How-do-I-use-Shields-while-browsing\" target=\"_blank\" rel=\"noopener\">Brave<\/a><\/li>\n        <li><a href=\"https:\/\/help.opera.com\/latest\/web-preferences\/#cookies\" target=\"_blank\" rel=\"noopener\">Opera<\/a><\/li>\n    <\/ul>\n    <p>Los Usuarios tambi\u00e9n podr\u00e1n gestionar determinadas categor\u00edas de Rastreadores utilizados en aplicaciones m\u00f3viles\n    inhabilit\u00e1ndolos a trav\u00e9s de la configuraci\u00f3n del dispositivo relevante, como la configuraci\u00f3n de publicidad del dispositivo para\n    dispositivos m\u00f3viles o la configuraci\u00f3n de rastreo en general (los Usuarios podr\u00e1n abrir la configuraci\u00f3n del dispositivo y buscar\n    la opci\u00f3n relevante).<\/p>\n    \n    <h3>Consecuencias de no permitir el uso de Rastreadores<\/h3>\n    <p>Los Usuarios pueden decidir libremente si permitir o no el uso de Rastreadores. Sin embargo, debe se\u00f1alarse que los\n    Rastreadores ayudan a www.xtftattoo.com a proporcionar a los Usuarios una mejor experiencia y funcionalidades avanzadas (en\n    l\u00ednea con las finalidades indicadas en el presente documento). Por lo tanto, si el Usuario decide bloquear el uso de los\n    Rastreadores, es posible que el Titular no pueda proporcionar las caracter\u00edsticas relacionadas.<\/p>\n    \n    <h2>Titular y Responsable de Tratamiento<\/h2>\n    <p>Xandro Tattoo Studio &#8211; Calle de Viriato, 2, esquina, Chamber\u00ed, 28010 Madrid<\/p>\n    <p>Correo electr\u00f3nico de contacto del Titular: <a href=\"mailto:xandrotattoostudio@gmail.com\">xandrotattoostudio@gmail.com<\/a><\/p>\n    \n    <p>En vista de la complejidad objetiva que rodea a las tecnolog\u00edas de seguimiento, se anima a los Usuarios a contactar con el Titular\n    en caso de que deseen recibir informaci\u00f3n adicional sobre el uso de dichas tecnolog\u00edas por www.xtftattoo.com.<\/p>\n    \n    <h2>Definiciones y referencias legales<\/h2>\n    \n    <h3>Datos Personales (o Datos)<\/h3>\n    <p>Constituye un dato personal cualquier informaci\u00f3n que, directa, indirectamente o en relaci\u00f3n con otra informaci\u00f3n \u2013 incluyendo\n    un n\u00famero de identificaci\u00f3n personal \u2013 permita identificar a una persona f\u00edsica.<\/p>\n    \n    <h3>Datos de Uso<\/h3>\n    <p>Las informaciones recogidas de forma autom\u00e1tica por www.xtftattoo.com (o por servicios de terceros utilizados por\n    www.xtftattoo.com), podr\u00e1n incluir: las direcciones IP o nombres de dominio de los ordenadores utilizados por el Usuario que se\n    conecte a www.xtftattoo.com, las direcciones URI (Uniform Resource Identifier), la hora de la solicitud, el m\u00e9todo utilizado\n    para realizar la solicitud al servidor, las dimensiones del archivo obtenido en respuesta, el c\u00f3digo num\u00e9rico indicando el estado\n    de la respuesta del servidor (resultado satisfactorio, error, etc.), el pa\u00eds de origen, las caracter\u00edsticas del navegador y del sistema\n    operativo utilizados por el visitante, las diversas coordenadas temporales de la visita (por ejemplo, el tiempo de permanencia en\n    cada una de las p\u00e1ginas) y los detalles relativos al itinerario seguido dentro de la Aplicaci\u00f3n, con especial referencia a la\n    secuencia de p\u00e1ginas consultadas, a los par\u00e1metros relativos al sistema operativo y al entorno inform\u00e1tico del Usuario.<\/p>\n    \n    <h3>Usuario<\/h3>\n    <p>El individuo que utilice www.xtftattoo.com, quien, a menos que se indique lo contrario deber\u00e1 coincidir con el Interesado.<\/p>\n    \n    <h3>Interesado<\/h3>\n    <p>La persona f\u00edsica a la que se refieren los Datos Personales.<\/p>\n    \n    <h3>Encargado del Tratamiento (o Encargado)<\/h3>\n    <p>La persona f\u00edsica o jur\u00eddica, administraci\u00f3n p\u00fablica, agencia o cualquier otra instituci\u00f3n, que procese los Datos Personales en\n    nombre del Responsable del Tratamiento, descrita en la presente pol\u00edtica de privacidad.<\/p>\n    \n    <h3>Responsable del Tratamiento (o Titular)<\/h3>\n    <p>La persona f\u00edsica o jur\u00eddica, administraci\u00f3n p\u00fablica, agencia o cualquier otra instituci\u00f3n, que actuando en solitario o\n    conjuntamente con otras, determine las finalidades y las medidas del tratamiento de los Datos Personales, incluyendo las medidas\n    de seguridad relativas al funcionamiento y al uso de www.xtftattoo.com. A menos que se especifique lo contrario, el\n    Responsable del Tratamiento es el Titular de www.xtftattoo.com.<\/p>\n    \n    <h3>www.xtftattoo.com (o esta Aplicaci\u00f3n)<\/h3>\n    <p>El medio a trav\u00e9s del cual se han recogido y tratado los Datos Personales del Usuario.<\/p>\n    \n    <h3>Servicio<\/h3>\n    <p>El servicio proporcionado por www.xtftattoo.com, tal y como se describe en las definiciones y referencias legales (en caso de\n    estar disponibles) y en esta p\u00e1gina o aplicaci\u00f3n.<\/p>\n    \n    <h3>Uni\u00f3n Europea (o UE)<\/h3>\n    <p>A menos que se indique lo contrario, todas las referencias hechas a la Uni\u00f3n Europea en el presente documento incluyen todos\n    los actuales Estados miembros de la Uni\u00f3n Europea y del Espacio Econ\u00f3mico Europeo.<\/p>\n    \n    <h3>Cookie<\/h3>\n    <p>Las Cookies son Rastreadores que consisten en peque\u00f1as cantidades de datos almacenados en el navegador del Usuario.<\/p>\n    \n    <h3>Rastreador<\/h3>\n    <p>Rastreador designa cualquier tecnolog\u00eda &#8211; p.ej. Cookies, identificadores \u00fanicos, balizas web, scripts incrustados, etiquetas de\n    entidad y creaci\u00f3n de huella digital &#8211; que permite rastrear a los Usuarios, por ejemplo, accediendo a informaci\u00f3n o almacen\u00e1ndola\n    en el dispositivo del Usuario.<\/p>\n    \n    <h2>Informaci\u00f3n legal<\/h2>\n    <p>Esta pol\u00edtica de privacidad se refiere s\u00f3lo a www.xtftattoo.com, a menos que se indique lo contrario en el presente documento.<\/p>\n    \n    <p>\u00daltima revisi\u00f3n: 18 mayo 2024<\/p>\n","protected":false},"excerpt":{"rendered":"<p>Pol\u00edtica de Cookies de www.xtftattoo.com El presente documento informa a los Usuarios sobre las tecnolog\u00edas que ayudan&#8230;<\/p>\n","protected":false},"author":1,"featured_media":0,"parent":0,"menu_order":0,"comment_status":"closed","ping_status":"closed","template":"","meta":{"footnotes":""},"yoast_head":"<!-- This site is optimized with the Yoast SEO Premium plugin v22.7 (Yoast SEO v22.9) - https:\/\/yoast.com\/wordpress\/plugins\/seo\/ -->\n<title>Politica de cookies - xtftattoo<\/title>\n<meta name=\"robots\" content=\"index, follow, max-snippet:-1, max-image-preview:large, max-video-preview:-1\" \/>\n<link rel=\"canonical\" href=\"https:\/\/xtftattoo.com\/index.php\/politica-de-cookies\/\" \/>\n<meta property=\"og:locale\" content=\"es_ES\" \/>\n<meta property=\"og:type\" content=\"article\" \/>\n<meta property=\"og:title\" content=\"Politica de cookies\" \/>\n<meta property=\"og:description\" content=\"Pol\u00edtica de Cookies de www.xtftattoo.com El presente documento informa a los Usuarios sobre las tecnolog\u00edas que ayudan...\" \/>\n<meta property=\"og:url\" content=\"https:\/\/xtftattoo.com\/index.php\/politica-de-cookies\/\" \/>\n<meta property=\"og:site_name\" content=\"xtftattoo\" \/>\n<meta property=\"article:modified_time\" content=\"2024-05-28T15:06:06+00:00\" \/>\n<meta name=\"twitter:card\" content=\"summary_large_image\" \/>\n<meta name=\"twitter:label1\" content=\"Tiempo de lectura\" \/>\n\t<meta name=\"twitter:data1\" content=\"6 minutos\" \/>\n<script type=\"application\/ld+json\" class=\"yoast-schema-graph\">{\"@context\":\"https:\/\/schema.org\",\"@graph\":[{\"@type\":\"WebPage\",\"@id\":\"https:\/\/xtftattoo.com\/index.php\/politica-de-cookies\/\",\"url\":\"https:\/\/xtftattoo.com\/index.php\/politica-de-cookies\/\",\"name\":\"Politica de cookies - xtftattoo\",\"isPartOf\":{\"@id\":\"https:\/\/xtftattoo.com\/#website\"},\"datePublished\":\"2024-05-28T15:06:05+00:00\",\"dateModified\":\"2024-05-28T15:06:06+00:00\",\"breadcrumb\":{\"@id\":\"https:\/\/xtftattoo.com\/index.php\/politica-de-cookies\/#breadcrumb\"},\"inLanguage\":\"es\",\"potentialAction\":[{\"@type\":\"ReadAction\",\"target\":[\"https:\/\/xtftattoo.com\/index.php\/politica-de-cookies\/\"]}]},{\"@type\":\"BreadcrumbList\",\"@id\":\"https:\/\/xtftattoo.com\/index.php\/politica-de-cookies\/#breadcrumb\",\"itemListElement\":[{\"@type\":\"ListItem\",\"position\":1,\"name\":\"Portada\",\"item\":\"https:\/\/xtftattoo.com\/\"},{\"@type\":\"ListItem\",\"position\":2,\"name\":\"Politica de cookies\"}]},{\"@type\":\"WebSite\",\"@id\":\"https:\/\/xtftattoo.com\/#website\",\"url\":\"https:\/\/xtftattoo.com\/\",\"name\":\"xtftattoo\",\"description\":\"\",\"publisher\":{\"@id\":\"https:\/\/xtftattoo.com\/#organization\"},\"potentialAction\":[{\"@type\":\"SearchAction\",\"target\":{\"@type\":\"EntryPoint\",\"urlTemplate\":\"https:\/\/xtftattoo.com\/?s={search_term_string}\"},\"query-input\":\"required name=search_term_string\"}],\"inLanguage\":\"es\"},{\"@type\":\"Organization\",\"@id\":\"https:\/\/xtftattoo.com\/#organization\",\"name\":\"xtftattoo\",\"url\":\"https:\/\/xtftattoo.com\/\",\"logo\":{\"@type\":\"ImageObject\",\"inLanguage\":\"es\",\"@id\":\"https:\/\/xtftattoo.com\/#\/schema\/logo\/image\/\",\"url\":\"https:\/\/xtftattoo.com\/wp-content\/uploads\/2024\/05\/LogoXandro-e1716470833493.png\",\"contentUrl\":\"https:\/\/xtftattoo.com\/wp-content\/uploads\/2024\/05\/LogoXandro-e1716470833493.png\",\"width\":95,\"height\":100,\"caption\":\"xtftattoo\"},\"image\":{\"@id\":\"https:\/\/xtftattoo.com\/#\/schema\/logo\/image\/\"}}]}<\/script>\n<!-- \/ Yoast SEO Premium plugin. -->","yoast_head_json":{"title":"Politica de cookies - xtftattoo","robots":{"index":"index","follow":"follow","max-snippet":"max-snippet:-1","max-image-preview":"max-image-preview:large","max-video-preview":"max-video-preview:-1"},"canonical":"https:\/\/xtftattoo.com\/index.php\/politica-de-cookies\/","og_locale":"es_ES","og_type":"article","og_title":"Politica de cookies","og_description":"Pol\u00edtica de Cookies de www.xtftattoo.com El presente documento informa a los Usuarios sobre las tecnolog\u00edas que ayudan...","og_url":"https:\/\/xtftattoo.com\/index.php\/politica-de-cookies\/","og_site_name":"xtftattoo","article_modified_time":"2024-05-28T15:06:06+00:00","twitter_card":"summary_large_image","twitter_misc":{"Tiempo de lectura":"6 minutos"},"schema":{"@context":"https:\/\/schema.org","@graph":[{"@type":"WebPage","@id":"https:\/\/xtftattoo.com\/index.php\/politica-de-cookies\/","url":"https:\/\/xtftattoo.com\/index.php\/politica-de-cookies\/","name":"Politica de cookies - xtftattoo","isPartOf":{"@id":"https:\/\/xtftattoo.com\/#website"},"datePublished":"2024-05-28T15:06:05+00:00","dateModified":"2024-05-28T15:06:06+00:00","breadcrumb":{"@id":"https:\/\/xtftattoo.com\/index.php\/politica-de-cookies\/#breadcrumb"},"inLanguage":"es","potentialAction":[{"@type":"ReadAction","target":["https:\/\/xtftattoo.com\/index.php\/politica-de-cookies\/"]}]},{"@type":"BreadcrumbList","@id":"https:\/\/xtftattoo.com\/index.php\/politica-de-cookies\/#breadcrumb","itemListElement":[{"@type":"ListItem","position":1,"name":"Portada","item":"https:\/\/xtftattoo.com\/"},{"@type":"ListItem","position":2,"name":"Politica de cookies"}]},{"@type":"WebSite","@id":"https:\/\/xtftattoo.com\/#website","url":"https:\/\/xtftattoo.com\/","name":"xtftattoo","description":"","publisher":{"@id":"https:\/\/xtftattoo.com\/#organization"},"potentialAction":[{"@type":"SearchAction","target":{"@type":"EntryPoint","urlTemplate":"https:\/\/xtftattoo.com\/?s={search_term_string}"},"query-input":"required name=search_term_string"}],"inLanguage":"es"},{"@type":"Organization","@id":"https:\/\/xtftattoo.com\/#organization","name":"xtftattoo","url":"https:\/\/xtftattoo.com\/","logo":{"@type":"ImageObject","inLanguage":"es","@id":"https:\/\/xtftattoo.com\/#\/schema\/logo\/image\/","url":"https:\/\/xtftattoo.com\/wp-content\/uploads\/2024\/05\/LogoXandro-e1716470833493.png","contentUrl":"https:\/\/xtftattoo.com\/wp-content\/uploads\/2024\/05\/LogoXandro-e1716470833493.png","width":95,"height":100,"caption":"xtftattoo"},"image":{"@id":"https:\/\/xtftattoo.com\/#\/schema\/logo\/image\/"}}]}},"_links":{"self":[{"href":"https:\/\/xtftattoo.com\/index.php\/wp-json\/wp\/v2\/pages\/2874"}],"collection":[{"href":"https:\/\/xtftattoo.com\/index.php\/wp-json\/wp\/v2\/pages"}],"about":[{"href":"https:\/\/xtftattoo.com\/index.php\/wp-json\/wp\/v2\/types\/page"}],"author":[{"embeddable":true,"href":"https:\/\/xtftattoo.com\/index.php\/wp-json\/wp\/v2\/users\/1"}],"replies":[{"embeddable":true,"href":"https:\/\/xtftattoo.com\/index.php\/wp-json\/wp\/v2\/comments?post=2874"}],"version-history":[{"count":1,"href":"https:\/\/xtftattoo.com\/index.php\/wp-json\/wp\/v2\/pages\/2874\/revisions"}],"predecessor-version":[{"id":2875,"href":"https:\/\/xtftattoo.com\/index.php\/wp-json\/wp\/v2\/pages\/2874\/revisions\/2875"}],"wp:attachment":[{"href":"https:\/\/xtftattoo.com\/index.php\/wp-json\/wp\/v2\/media?parent=2874"}],"curies":[{"name":"wp","href":"https:\/\/api.w.org\/{rel}","templated":true}]}}