{"id":3,"date":"2024-04-10T09:06:30","date_gmt":"2024-04-10T09:06:30","guid":{"rendered":"https:\/\/xtftattoo.com\/?page_id=3"},"modified":"2024-05-30T10:02:03","modified_gmt":"2024-05-30T09:02:03","slug":"politica-de-privacidad","status":"publish","type":"page","link":"https:\/\/xtftattoo.com\/index.php\/politica-de-privacidad\/","title":{"rendered":"Pol\u00edtica de privacidad"},"content":{"rendered":"\n <h1>Pol\u00edtica de privacidad de www.xtftattoo.com<\/h1>\n    <p>Para recibir la informaci\u00f3n sobre sus Datos Personales, la finalidad y las partes con las que se comparte, contacten con el Titular.\n    Si necesita m\u00e1s informaci\u00f3n y quiere conocer sus derechos, puedes visualizar la versi\u00f3n completa de esta pol\u00edtica de privacidad\n    clicando en el v\u00ednculo en la parte inferior de esta p\u00e1gina.<\/p>\n    \n    <h2>Titular y Responsable del tratamiento de los Datos<\/h2>\n    <p>Xandro Tattoo Studio &#8211; Calle de Viriato, 2, esquina, Chamber\u00ed, 28010 Madrid<\/p>\n    <p>Correo electr\u00f3nico de contacto del Titular: <a href=\"mailto:xandrotattoostudio@gmail.com\">xandrotattoostudio@gmail.com<\/a><\/p>\n    \n    <h2>Clases de Datos recogidos<\/h2>\n    <p>El Titular no proporciona una lista de categor\u00edas de Datos Personales recogidos.<\/p>\n    <p>La informaci\u00f3n completa referente a cada categor\u00eda de Datos Personales que se recogen se proporciona en las secciones de la\n    presente pol\u00edtica de privacidad dedicadas a tal fin o mediante textos explicativos espec\u00edficos que se muestran antes de la recogida\n    de dichos Datos.<\/p>\n    <p>Los Datos Personales podr\u00e1n ser proporcionados libremente por el Usuario o, en caso de los Datos de Uso, ser\u00e1n recogidos\n    autom\u00e1ticamente cuando se utilice www.xtftattoo.com.<\/p>\n    <p>Salvo que se indique lo contrario, todos los Datos solicitados por www.xtftattoo.com son obligatorios y la negativa a\n    proporcionarlos podr\u00e1 imposibilitar que www.xtftattoo.com pueda proceder a la prestaci\u00f3n de sus servicios. En los casos en los\n    que www.xtftattoo.com indique espec\u00edficamente que ciertos Datos no son obligatorios, los Usuarios ser\u00e1n libres de no\n    comunicar tales Datos sin que esto tenga consecuencia alguna sobre la disponibilidad o el funcionamiento del Servicio.<\/p>\n    <p>Los Usuarios que tengan dudas sobre qu\u00e9 Datos son obligatorios pueden contactar con el Titular.<\/p>\n    <p>El uso de Cookies &#8211; o de otras herramientas de seguimiento &#8211; por parte de www.xtftattoo.com o por los titulares de servicios de\n    terceros utilizados por www.xtftattoo.com tiene como finalidad la prestaci\u00f3n del Servicio solicitado por el Usuario, adem\u00e1s de\n    cualesquiera otras finalidades que se describan en el presente documento y en la <a href=\"https:\/\/www.iubenda.com\/privacy-policy\/84916989\/cookie-policy\" target=\"_blank\" rel=\"noopener\">Pol\u00edtica de Cookies<\/a>.<\/p>\n    <p>El Usuario asume la responsabilidad respecto de los Datos Personales de terceros que se obtengan, publiquen o compartan a\n    trav\u00e9s de www.xtftattoo.com.<\/p>\n    \n    <h2>Modalidad y lugar del tratamiento de los Datos recogidos<\/h2>\n    \n    <h3>Modalidades de Tratamiento<\/h3>\n    <p>El Titular tratar\u00e1 los Datos de los Usuarios de manera adecuada y adoptar\u00e1 las medidas de seguridad apropiadas para impedir el\n    acceso, la revelaci\u00f3n, alteraci\u00f3n o destrucci\u00f3n no autorizados de los Datos.<\/p>\n    <p>El tratamiento de Datos se realizar\u00e1 mediante ordenadores y\/o herramientas inform\u00e1ticas, siguiendo procedimientos y\n    modalidades organizativas estrictamente relacionadas con las finalidades se\u00f1aladas. Adem\u00e1s del Titular, en algunos casos podr\u00e1n\n    acceder a los Datos ciertas categor\u00edas de personas autorizadas, relacionadas con el funcionamiento de www.xtftattoo.com\n    (administraci\u00f3n, ventas, marketing, departamento jur\u00eddico y de administraci\u00f3n de sistemas) o contratistas externos que presten\n    servicios al Titular (tales como proveedores externos de servicios t\u00e9cnicos, empresas de mensajer\u00eda, empresas de hosting,\n    empresas de inform\u00e1tica, agencias de comunicaci\u00f3n) que ser\u00e1n nombrados por el Titular como Encargados del Tratamiento, si\n    fuera necesario. Se podr\u00e1 solicitar al Titular en cualquier momento una lista actualizada de dichas personas.<\/p>\n    \n    <h3>Lugar<\/h3>\n    <p>Los Datos se tratan en las oficinas del Titular, as\u00ed como en cualquier otro lugar en el que se encuentren situadas las partes\n    implicadas en dicho proceso de tratamiento.<\/p>\n    <p>Dependiendo de la localizaci\u00f3n de los Usuarios, las transferencias de Datos pueden implicar la transferencia de los Datos de los\n    Usuarios a otro pa\u00eds diferente al suyo propio. Para m\u00e1s informaci\u00f3n sobre el lugar de tratamiento de dichos Datos transferidos,\n    los Usuarios podr\u00e1n consultar la secci\u00f3n que contiene los detalles sobre el tratamiento de los Datos Personales.<\/p>\n    \n    <h3>Per\u00edodo de conservaci\u00f3n<\/h3>\n    <p>Salvo que se indique lo contrario en el presente documento, los Datos Personales ser\u00e1n tratados y conservados durante el tiempo\n    necesario y para la finalidad por la que han sido recogidos y podr\u00e1n conservarse durante m\u00e1s tiempo debido a una obligaci\u00f3n\n    legal pertinente o sobre la base del consentimiento de los Usuarios.<\/p>\n    \n    <h2>Pol\u00edtica de Cookies<\/h2>\n    <p>Www.xtftattoo.com utiliza Rastreadores. Para obtener m\u00e1s informaci\u00f3n, los Usuarios pueden consultar la <a href=\"https:\/\/www.iubenda.com\/privacy-policy\/84916989\/cookie-policy\" target=\"_blank\" rel=\"noopener\">Pol\u00edtica de Cookies<\/a>.<\/p>\n    \n    <h2>M\u00e1s informaci\u00f3n para los usuarios<\/h2>\n    \n    <h3>Base jur\u00eddica del Tratamiento<\/h3>\n    <p>El Titular podr\u00e1 tratar los Datos Personales del Usuario, si se cumple una de las siguientes condiciones:<\/p>\n    <ul>\n        <li>Cuando los Usuarios hayan dado su consentimiento para una o m\u00e1s finalidades espec\u00edficas.<\/li>\n        <li>Cuando la obtenci\u00f3n de Datos sea necesaria para el cumplimiento de un contrato con el Usuario y\/o cualquier otra\n        obligaci\u00f3n precontractual del mismo;<\/li>\n        <li>Cuando el tratamiento sea necesario para el cumplimiento de una obligaci\u00f3n legal de obligado cumplimiento por parte del\n        Usuario;<\/li>\n        <li>Cuando el tratamiento est\u00e9 relacionado con una tarea ejecutada en inter\u00e9s p\u00fablico o en el ejercicio de competencias\n        oficiales otorgadas al Titular;<\/li>\n        <li>Cuando el tratamiento sea necesario con el fin de un inter\u00e9s leg\u00edtimo perseguido por el Titular o un tercero.<\/li>\n    <\/ul>\n    <p>En cualquier caso, el Titular est\u00e1 a su disposici\u00f3n para definir las bases jur\u00eddicas espec\u00edficas que se aplican al tratamiento y en\n    particular, si la obtenci\u00f3n de los Datos Personales es un requisito contractual o estatutario o un requisito necesario para\n    formalizar un contrato.<\/p>\n    \n    <h3>M\u00e1s informaci\u00f3n sobre el tiempo de retenci\u00f3n<\/h3>\n    <p>Salvo que se indique lo contrario en el presente documento, los Datos Personales ser\u00e1n tratados y conservados durante el tiempo\n    necesario y para la finalidad por la que han sido recogidos y podr\u00e1n conservarse durante m\u00e1s tiempo debido a una obligaci\u00f3n\n    legal pertinente o sobre la base del consentimiento de los Usuarios.<\/p>\n    <p>Por lo tanto:<\/p>\n    <ul>\n        <li>Los Datos Personales recogidos para la formalizaci\u00f3n de un contrato entre el Titular y el Usuario deber\u00e1n conservarse\n        como tales hasta en tanto dicho contrato se haya formalizado por completo.<\/li>\n        <li>Los Datos Personales recogidos en leg\u00edtimo inter\u00e9s del Titular deber\u00e1n conservarse durante el tiempo necesario para\n        cumplir con dicha finalidad. Los Usuarios pueden encontrar informaci\u00f3n espec\u00edfica relacionada con el inter\u00e9s leg\u00edtimo del\n        Titular consultando las secciones relevantes del presente documento o contactando con el Titular.<\/li>\n    <\/ul>\n    <p>El Titular podr\u00e1 conservar los Datos Personales durante un periodo adicional cuando el Usuario preste su consentimiento a tal\n    tratamiento, siempre que dicho consentimiento siga vigente. Adem\u00e1s, el Titular podr\u00e1 estar obligado a conservar Datos\n    Personales durante un periodo adicional siempre que se precise para el cumplimiento de una obligaci\u00f3n legal o por orden que\n    proceda de la autoridad.<\/p>\n    <p>Una vez terminado el per\u00edodo de conservaci\u00f3n, los Datos Personales deber\u00e1n eliminarse. Por lo tanto, los derechos de acceso,\n    supresi\u00f3n, rectificaci\u00f3n y de portabilidad de datos no podr\u00e1n ejercerse una vez haya expirado dicho periodo de conservaci\u00f3n.<\/p>\n    \n    <h3>Los derechos de los Usuarios basados en el Reglamento General de Protecci\u00f3n de datos (RGPD)<\/h3>\n    <p>Los Usuarios podr\u00e1n ejercer ciertos derechos con respecto al tratamiento de Datos por parte del Titular.<\/p>\n    <p>En particular, los Usuarios tienen derecho a hacer lo siguiente, en la medida en que lo permita la ley:<\/p>\n    <ul>\n        <li>Retirar su consentimiento en cualquier momento. Los Usuarios tienen derecho a retirar su consentimiento cuando lo\n        hubieran concedido con anterioridad para el tratamiento de sus Datos Personales.<\/li>\n        <li>Objeci\u00f3n al tratamiento de sus Datos. Los Usuarios tienen derecho a oponerse al tratamiento de sus Datos si dicho\n        tratamiento se lleva a cabo con arreglo a una base jur\u00eddica distinta del consentimiento.<\/li>\n        <li>Acceso a sus Datos. Los Usuarios tienen derecho a conocer si sus Datos ser\u00e1n tratados por el Titular, a obtener\n        informaci\u00f3n sobre ciertos aspectos del tratamiento, adem\u00e1s de obtener una copia de los Datos objeto del tratamiento.<\/li>\n        <li>Verificar y solicitar la modificaci\u00f3n. Los Usuarios tienen derecho a verificar la exactitud de sus Datos y solicitar que los\n        mismos se actualicen o corrijan.<\/li>\n        <li>Limitar el tratamiento de sus Datos. Los Usuarios tienen derecho a limitar el tratamiento de sus Datos. En ese supuesto,\n        el Titular solo tratar\u00e1 sus Datos con la finalidad de almacenarlos.<\/li>\n        <li>Borrar o eliminar los Datos Personales. Los Usuarios tienen derecho a obtener la supresi\u00f3n de sus Datos por parte del\n        Titular.<\/li>\n        <li>Recibir sus Datos y transferirlos a otro responsable. Los Usuarios tienen derecho a recibir sus Datos en un formato\n        estructurado, de uso com\u00fan y lectura mec\u00e1nica y, si fuera t\u00e9cnicamente posible, a que se transmitan los mismos a otro\n        responsable sin ning\u00fan impedimento.<\/li>\n        <li>Poner una reclamaci\u00f3n. Los Usuarios tienen derecho a poner una reclamaci\u00f3n ante la autoridad competente en materia de\n        protecci\u00f3n de datos de car\u00e1cter personal.<\/li>\n    <\/ul>\n    \n    <p>Los Usuarios tambi\u00e9n tendr\u00e1n derecho a conocer las bases legales de las transferencias de Datos al extranjero, incluido a\n    cualquier organizaci\u00f3n internacional que se rija por el Derecho Internacional P\u00fablico o que est\u00e9 formada por dos o m\u00e1s pa\u00edses,\n    como la ONU, y a conocer las medidas de seguridad tomadas por el Titular para salvaguardar sus Datos.<\/p>\n    \n    <h3>Detalles sobre el derecho de oposici\u00f3n al tratamiento<\/h3>\n    <p>Cuando el tratamiento de los Datos Personales sea de inter\u00e9s p\u00fablico, en el ejercicio de competencias oficiales otorgadas\n    al Titular o con motivo de un inter\u00e9s leg\u00edtimo del Titular, los Usuarios podr\u00e1n oponerse a dicho tratamiento explicando un\n    motivo con relaci\u00f3n a su situaci\u00f3n particular para justificar su objeci\u00f3n.<\/p>\n    <p>Los Usuarios deben saber, sin embargo, que en caso de que sus Datos Personales sean tratados con fines de marketing\n    directo, pueden oponerse en cualquier momento a tal tratamiento, de forma gratuita y sin necesidad de justificaci\u00f3n.\n    Cuanto el Usuario se oponga al tratamiento para fines de marketing directo, los Datos Personales no podr\u00e1n continuar\n    siendo tratados para tales fines. Para saber si los Datos Personales de los Usuarios est\u00e1n siendo tratados por el Titular\n    para fines de marketing directo, los Usuarios deber\u00e1n consultar las secciones relevantes del presente documento.<\/p>\n    \n    <h3>C\u00f3mo ejercer estos derechos<\/h3>\n    <p>Cualquier solicitud para ejercer los derechos del Usuario puede dirigirse al Titular a trav\u00e9s de los datos de contacto facilitados en\n    el presente documento. Dichas solicitudes son gratuitas y el Titular responder\u00e1 a ellas tan pronto como le sea posible y siempre\n    dentro del plazo de un mes, proporcionando a los Usuarios la informaci\u00f3n exigida por la ley. El Titular comunicar\u00e1 cualquier\n    rectificaci\u00f3n o supresi\u00f3n de Datos Personales o limitaci\u00f3n del tratamiento a cada destinatario, en su caso, al que se le hayan\n    comunicado los Datos Personales, salvo que sea imposible o exija un esfuerzo desproporcionado. A solicitud de los Usuarios, el\n    Titular les informar\u00e1 sobre dichos destinatarios.<\/p>\n    \n    <h2>Informaci\u00f3n adicional sobre la recogida de Datos y su tratamiento<\/h2>\n    \n    <h3>Defensa jur\u00eddica<\/h3>\n    <p>Los Datos Personales del Usuario podr\u00e1n ser utilizados para la defensa jur\u00eddica del Titular ante un tribunal o en las fases\n    judiciales previas a un posible pleito derivado del uso inapropiado de www.xtftattoo.com o de los Servicios relacionados.<\/p>\n    <p>El Usuario declara conocer que el Titular puede ser requerido por las autoridades p\u00fablicas a fin de revelar Datos Personales.<\/p>\n    \n    <h3>Informaci\u00f3n adicional acerca de los Datos Personales del Usuario<\/h3>\n    <p>Adem\u00e1s de las informaciones contenidas en esta pol\u00edtica de privacidad, www.xtftattoo.com podr\u00e1 proporcionar al Usuario\n    informaci\u00f3n adicional y contextual relativa a Servicios espec\u00edficos o a la recogida y tratamiento de los Datos Personales.<\/p>\n    \n    <h3>Log del sistema y mantenimiento<\/h3>\n    <p>Por motivos relativos al funcionamiento y mantenimiento, www.xtftattoo.com y cualquier otro servicio, proporcionado por\n    terceros, que se utilice, podr\u00e1 recoger un registro del sistema; es decir, archivos que registren la interacci\u00f3n con\n    www.xtftattoo.com y que puedan contener Datos Personales, tales como la direcci\u00f3n IP del Usuario.<\/p>\n    \n    <h3>Informaci\u00f3n no contenida en esta pol\u00edtica de privacidad<\/h3>\n    <p>Se podr\u00e1 solicitar en cualquier momento informaci\u00f3n adicional sobre la recogida y el tratamiento de los Datos Personales al\n    Titular. La informaci\u00f3n de contacto se indica al inicio del presente documento.<\/p>\n    \n    <h3>Modificaci\u00f3n de la presente pol\u00edtica de privacidad<\/h3>\n    <p>El Titular se reserva el derecho de modificar esta pol\u00edtica de privacidad en cualquier momento, notific\u00e1ndolo a los Usuarios a\n    trav\u00e9s de esta p\u00e1gina y, a ser posible, a trav\u00e9s de www.xtftattoo.com y\/o de ser t\u00e9cnica y legalmente posible notificando\n    directamente a los Usuarios, en caso de que el Titular cuente con la informaci\u00f3n de contacto necesaria a tal fin. Se recomienda\n    encarecidamente que revisen esta p\u00e1gina con frecuencia, tomando como referencia la fecha de la \u00faltima actualizaci\u00f3n indicada al\n    final de la p\u00e1gina.<\/p>\n    <p>En el caso de que los cambios afectasen a las actividades de tratamiento realizadas en base al consentimiento del Usuario, el\n    Titular deber\u00e1 obtener, si fuera necesario, el nuevo consentimiento del Usuario.<\/p>\n    \n    <h3>Definiciones y referencias legales<\/h3>\n    \n    <h4>Datos Personales (o Datos)<\/h4>\n    <p>Constituye un dato personal cualquier informaci\u00f3n que, directa, indirectamente o en relaci\u00f3n con otra informaci\u00f3n \u2013 incluyendo\n    un n\u00famero de identificaci\u00f3n personal \u2013 permita identificar a una persona f\u00edsica.<\/p>\n    \n    <h4>Datos de Uso<\/h4>\n    <p>Las informaciones recogidas de forma autom\u00e1tica por www.xtftattoo.com (o por servicios de terceros utilizados por\n    www.xtftattoo.com), podr\u00e1n incluir: las direcciones IP o nombres de dominio de los ordenadores utilizados por el Usuario que se\n    conecte a www.xtftattoo.com, las direcciones URI (Uniform Resource Identifier), la hora de la solicitud, el m\u00e9todo utilizado\n    para realizar la solicitud al servidor, las dimensiones del archivo obtenido en respuesta, el c\u00f3digo num\u00e9rico indicando el estado\n    de la respuesta del servidor (resultado satisfactorio, error, etc.), el pa\u00eds de origen, las caracter\u00edsticas del navegador y del sistema\n    operativo utilizados por el visitante, las diversas coordenadas temporales de la visita (por ejemplo, el tiempo de permanencia en\n    cada una de las p\u00e1ginas) y los detalles relativos al itinerario seguido dentro de la Aplicaci\u00f3n, con especial referencia a la\n    secuencia de p\u00e1ginas consultadas, a los par\u00e1metros relativos al sistema operativo y al entorno inform\u00e1tico del Usuario.<\/p>\n    \n    <h4>Usuario<\/h4>\n    <p>El individuo que utilice www.xtftattoo.com, quien, a menos que se indique lo contrario deber\u00e1 coincidir con el Interesado.<\/p>\n    \n    <h4>Interesado<\/h4>\n    <p>La persona f\u00edsica a la que se refieren los Datos Personales.<\/p>\n    \n    <h4>Encargado del Tratamiento (o Encargado)<\/h4>\n    <p>La persona f\u00edsica o jur\u00eddica, administraci\u00f3n p\u00fablica, agencia o cualquier otra instituci\u00f3n, que procese los Datos Personales en\n    nombre del Responsable del Tratamiento, descrita en la presente pol\u00edtica de privacidad.<\/p>\n    \n    <h4>Responsable del Tratamiento (o Titular)<\/h4>\n    <p>La persona f\u00edsica o jur\u00eddica, administraci\u00f3n p\u00fablica, agencia o cualquier otra instituci\u00f3n, que actuando en solitario o\n    conjuntamente con otras, determine las finalidades y las medidas del tratamiento de los Datos Personales, incluyendo las medidas\n    de seguridad relativas al funcionamiento y al uso de www.xtftattoo.com. A menos que se especifique lo contrario, el\n    Responsable del Tratamiento es el Titular de www.xtftattoo.com.<\/p>\n    \n    <h4>www.xtftattoo.com (o esta Aplicaci\u00f3n)<\/h4>\n    <p>El medio a trav\u00e9s del cual se han recogido y tratado los Datos Personales del Usuario.<\/p>\n    \n    <h4>Servicio<\/h4>\n    <p>El servicio proporcionado por www.xtftattoo.com, tal y como se describe en las definiciones y referencias legales (en caso de\n    estar disponibles) y en esta p\u00e1gina o aplicaci\u00f3n.<\/p>\n    \n    <h4>Uni\u00f3n Europea (o UE)<\/h4>\n    <p>A menos que se indique lo contrario, todas las referencias hechas a la Uni\u00f3n Europea en el presente documento incluyen todos\n    los actuales Estados miembros de la Uni\u00f3n Europea y del Espacio Econ\u00f3mico Europeo.<\/p>\n    \n    <h3>Informaci\u00f3n legal<\/h3>\n    <p>Esta pol\u00edtica de privacidad se refiere s\u00f3lo a www.xtftattoo.com, a menos que se indique lo contrario en el presente documento.<\/p>\n    \n    <p>\u00daltima revisi\u00f3n: 18 mayo 2024<\/p>\n","protected":false},"excerpt":{"rendered":"<p>Pol\u00edtica de privacidad de www.xtftattoo.com Para recibir la informaci\u00f3n sobre sus Datos Personales, la finalidad y las&#8230;<\/p>\n","protected":false},"author":1,"featured_media":0,"parent":0,"menu_order":0,"comment_status":"closed","ping_status":"open","template":"","meta":{"footnotes":""},"yoast_head":"<!-- This site is optimized with the Yoast SEO Premium plugin v22.7 (Yoast SEO v22.9) - https:\/\/yoast.com\/wordpress\/plugins\/seo\/ -->\n<title>Pol\u00edtica de privacidad - xtftattoo<\/title>\n<meta name=\"robots\" content=\"index, follow, max-snippet:-1, max-image-preview:large, max-video-preview:-1\" \/>\n<link rel=\"canonical\" href=\"https:\/\/xtftattoo.com\/index.php\/politica-de-privacidad\/\" \/>\n<meta property=\"og:locale\" content=\"es_ES\" \/>\n<meta property=\"og:type\" content=\"article\" \/>\n<meta property=\"og:title\" content=\"Pol\u00edtica de privacidad\" \/>\n<meta property=\"og:description\" content=\"Pol\u00edtica de privacidad de www.xtftattoo.com Para recibir la informaci\u00f3n sobre sus Datos Personales, la finalidad y las...\" \/>\n<meta property=\"og:url\" content=\"https:\/\/xtftattoo.com\/index.php\/politica-de-privacidad\/\" \/>\n<meta property=\"og:site_name\" content=\"xtftattoo\" \/>\n<meta property=\"article:modified_time\" content=\"2024-05-30T09:02:03+00:00\" \/>\n<meta name=\"twitter:card\" content=\"summary_large_image\" \/>\n<meta name=\"twitter:label1\" content=\"Tiempo de lectura\" \/>\n\t<meta name=\"twitter:data1\" content=\"12 minutos\" \/>\n<script type=\"application\/ld+json\" class=\"yoast-schema-graph\">{\"@context\":\"https:\/\/schema.org\",\"@graph\":[{\"@type\":\"WebPage\",\"@id\":\"https:\/\/xtftattoo.com\/index.php\/politica-de-privacidad\/\",\"url\":\"https:\/\/xtftattoo.com\/index.php\/politica-de-privacidad\/\",\"name\":\"Pol\u00edtica de privacidad - xtftattoo\",\"isPartOf\":{\"@id\":\"https:\/\/xtftattoo.com\/#website\"},\"datePublished\":\"2024-04-10T09:06:30+00:00\",\"dateModified\":\"2024-05-30T09:02:03+00:00\",\"breadcrumb\":{\"@id\":\"https:\/\/xtftattoo.com\/index.php\/politica-de-privacidad\/#breadcrumb\"},\"inLanguage\":\"es\",\"potentialAction\":[{\"@type\":\"ReadAction\",\"target\":[\"https:\/\/xtftattoo.com\/index.php\/politica-de-privacidad\/\"]}]},{\"@type\":\"BreadcrumbList\",\"@id\":\"https:\/\/xtftattoo.com\/index.php\/politica-de-privacidad\/#breadcrumb\",\"itemListElement\":[{\"@type\":\"ListItem\",\"position\":1,\"name\":\"Portada\",\"item\":\"https:\/\/xtftattoo.com\/\"},{\"@type\":\"ListItem\",\"position\":2,\"name\":\"Pol\u00edtica de privacidad\"}]},{\"@type\":\"WebSite\",\"@id\":\"https:\/\/xtftattoo.com\/#website\",\"url\":\"https:\/\/xtftattoo.com\/\",\"name\":\"xtftattoo\",\"description\":\"\",\"publisher\":{\"@id\":\"https:\/\/xtftattoo.com\/#organization\"},\"potentialAction\":[{\"@type\":\"SearchAction\",\"target\":{\"@type\":\"EntryPoint\",\"urlTemplate\":\"https:\/\/xtftattoo.com\/?s={search_term_string}\"},\"query-input\":\"required name=search_term_string\"}],\"inLanguage\":\"es\"},{\"@type\":\"Organization\",\"@id\":\"https:\/\/xtftattoo.com\/#organization\",\"name\":\"xtftattoo\",\"url\":\"https:\/\/xtftattoo.com\/\",\"logo\":{\"@type\":\"ImageObject\",\"inLanguage\":\"es\",\"@id\":\"https:\/\/xtftattoo.com\/#\/schema\/logo\/image\/\",\"url\":\"https:\/\/xtftattoo.com\/wp-content\/uploads\/2024\/05\/LogoXandro-e1716470833493.png\",\"contentUrl\":\"https:\/\/xtftattoo.com\/wp-content\/uploads\/2024\/05\/LogoXandro-e1716470833493.png\",\"width\":95,\"height\":100,\"caption\":\"xtftattoo\"},\"image\":{\"@id\":\"https:\/\/xtftattoo.com\/#\/schema\/logo\/image\/\"}}]}<\/script>\n<!-- \/ Yoast SEO Premium plugin. -->","yoast_head_json":{"title":"Pol\u00edtica de privacidad - xtftattoo","robots":{"index":"index","follow":"follow","max-snippet":"max-snippet:-1","max-image-preview":"max-image-preview:large","max-video-preview":"max-video-preview:-1"},"canonical":"https:\/\/xtftattoo.com\/index.php\/politica-de-privacidad\/","og_locale":"es_ES","og_type":"article","og_title":"Pol\u00edtica de privacidad","og_description":"Pol\u00edtica de privacidad de www.xtftattoo.com Para recibir la informaci\u00f3n sobre sus Datos Personales, la finalidad y las...","og_url":"https:\/\/xtftattoo.com\/index.php\/politica-de-privacidad\/","og_site_name":"xtftattoo","article_modified_time":"2024-05-30T09:02:03+00:00","twitter_card":"summary_large_image","twitter_misc":{"Tiempo de lectura":"12 minutos"},"schema":{"@context":"https:\/\/schema.org","@graph":[{"@type":"WebPage","@id":"https:\/\/xtftattoo.com\/index.php\/politica-de-privacidad\/","url":"https:\/\/xtftattoo.com\/index.php\/politica-de-privacidad\/","name":"Pol\u00edtica de privacidad - xtftattoo","isPartOf":{"@id":"https:\/\/xtftattoo.com\/#website"},"datePublished":"2024-04-10T09:06:30+00:00","dateModified":"2024-05-30T09:02:03+00:00","breadcrumb":{"@id":"https:\/\/xtftattoo.com\/index.php\/politica-de-privacidad\/#breadcrumb"},"inLanguage":"es","potentialAction":[{"@type":"ReadAction","target":["https:\/\/xtftattoo.com\/index.php\/politica-de-privacidad\/"]}]},{"@type":"BreadcrumbList","@id":"https:\/\/xtftattoo.com\/index.php\/politica-de-privacidad\/#breadcrumb","itemListElement":[{"@type":"ListItem","position":1,"name":"Portada","item":"https:\/\/xtftattoo.com\/"},{"@type":"ListItem","position":2,"name":"Pol\u00edtica de privacidad"}]},{"@type":"WebSite","@id":"https:\/\/xtftattoo.com\/#website","url":"https:\/\/xtftattoo.com\/","name":"xtftattoo","description":"","publisher":{"@id":"https:\/\/xtftattoo.com\/#organization"},"potentialAction":[{"@type":"SearchAction","target":{"@type":"EntryPoint","urlTemplate":"https:\/\/xtftattoo.com\/?s={search_term_string}"},"query-input":"required name=search_term_string"}],"inLanguage":"es"},{"@type":"Organization","@id":"https:\/\/xtftattoo.com\/#organization","name":"xtftattoo","url":"https:\/\/xtftattoo.com\/","logo":{"@type":"ImageObject","inLanguage":"es","@id":"https:\/\/xtftattoo.com\/#\/schema\/logo\/image\/","url":"https:\/\/xtftattoo.com\/wp-content\/uploads\/2024\/05\/LogoXandro-e1716470833493.png","contentUrl":"https:\/\/xtftattoo.com\/wp-content\/uploads\/2024\/05\/LogoXandro-e1716470833493.png","width":95,"height":100,"caption":"xtftattoo"},"image":{"@id":"https:\/\/xtftattoo.com\/#\/schema\/logo\/image\/"}}]}},"_links":{"self":[{"href":"https:\/\/xtftattoo.com\/index.php\/wp-json\/wp\/v2\/pages\/3"}],"collection":[{"href":"https:\/\/xtftattoo.com\/index.php\/wp-json\/wp\/v2\/pages"}],"about":[{"href":"https:\/\/xtftattoo.com\/index.php\/wp-json\/wp\/v2\/types\/page"}],"author":[{"embeddable":true,"href":"https:\/\/xtftattoo.com\/index.php\/wp-json\/wp\/v2\/users\/1"}],"replies":[{"embeddable":true,"href":"https:\/\/xtftattoo.com\/index.php\/wp-json\/wp\/v2\/comments?post=3"}],"version-history":[{"count":2,"href":"https:\/\/xtftattoo.com\/index.php\/wp-json\/wp\/v2\/pages\/3\/revisions"}],"predecessor-version":[{"id":2872,"href":"https:\/\/xtftattoo.com\/index.php\/wp-json\/wp\/v2\/pages\/3\/revisions\/2872"}],"wp:attachment":[{"href":"https:\/\/xtftattoo.com\/index.php\/wp-json\/wp\/v2\/media?parent=3"}],"curies":[{"name":"wp","href":"https:\/\/api.w.org\/{rel}","templated":true}]}}