{"id":3357,"date":"2024-08-07T11:55:33","date_gmt":"2024-08-07T10:55:33","guid":{"rendered":"https:\/\/xtftattoo.com\/?page_id=3357"},"modified":"2024-08-07T12:06:39","modified_gmt":"2024-08-07T11:06:39","slug":"aprende-a-tatuar-practica","status":"publish","type":"page","link":"https:\/\/xtftattoo.com\/index.php\/aprende-a-tatuar-practica\/","title":{"rendered":"La Practica Hace Al Maestro"},"content":{"rendered":"\t\t<div data-elementor-type=\"wp-page\" data-elementor-id=\"3357\" class=\"elementor elementor-3357\" data-elementor-post-type=\"page\">\n\t\t\t\t<div class=\"elementor-element elementor-element-30820f7 e-flex e-con-boxed e-con e-parent\" data-id=\"30820f7\" data-element_type=\"container\">\n\t\t\t\t\t<div class=\"e-con-inner\">\n\t\t\t\t<div class=\"elementor-element elementor-element-152ebc3 elementor-widget elementor-widget-heading\" data-id=\"152ebc3\" data-element_type=\"widget\" data-widget_type=\"heading.default\">\n\t\t\t\t<div class=\"elementor-widget-container\">\n\t\t\t<style>\/*! elementor - v3.22.0 - 17-06-2024 *\/\n.elementor-heading-title{padding:0;margin:0;line-height:1}.elementor-widget-heading .elementor-heading-title[class*=elementor-size-]>a{color:inherit;font-size:inherit;line-height:inherit}.elementor-widget-heading .elementor-heading-title.elementor-size-small{font-size:15px}.elementor-widget-heading .elementor-heading-title.elementor-size-medium{font-size:19px}.elementor-widget-heading .elementor-heading-title.elementor-size-large{font-size:29px}.elementor-widget-heading .elementor-heading-title.elementor-size-xl{font-size:39px}.elementor-widget-heading .elementor-heading-title.elementor-size-xxl{font-size:59px}<\/style><h1 class=\"elementor-heading-title elementor-size-default\">La practica hace al maestro<\/h1>\t\t<\/div>\n\t\t\t\t<\/div>\n\t\t\t\t\t<\/div>\n\t\t\t\t<\/div>\n\t\t<div class=\"elementor-element elementor-element-afb1445 e-flex e-con-boxed e-con e-parent\" data-id=\"afb1445\" data-element_type=\"container\">\n\t\t\t\t\t<div class=\"e-con-inner\">\n\t\t\t\t<div class=\"elementor-element elementor-element-ebcb124 elementor-widget elementor-widget-heading\" data-id=\"ebcb124\" data-element_type=\"widget\" data-widget_type=\"heading.default\">\n\t\t\t\t<div class=\"elementor-widget-container\">\n\t\t\t<p class=\"elementor-heading-title elementor-size-default\">Dominar las t\u00e9cnicas b\u00e1sicas del tatuaje es solo el comienzo de un largo camino lleno de dedicaci\u00f3n y esfuerzo. Tras muchas, sino miles de horas de pr\u00e1ctica en superficies artificiales (nunca en piel real al principio), llega el momento de enfrentarse a un nuevo desaf\u00edo: practicar en modelos de piel real. Este es un proceso gradual y meticuloso que puede tomar a\u00f1os en dominar por completo. Es crucial que nunca realices tus primeras pr\u00e1cticas en personas. Solo cuando hayas adquirido un nivel significativo de experiencia y confianza en tus habilidades, podr\u00e1s buscar voluntarios dispuestos a recibir tatuajes gratuitos o a precio reducido. Recuerda siempre obtener el consentimiento adecuado de los modelos y continuar perfeccionando tus t\u00e9cnicas.<\/p>\t\t<\/div>\n\t\t\t\t<\/div>\n\t\t\t\t\t<\/div>\n\t\t\t\t<\/div>\n\t\t<div class=\"elementor-element elementor-element-503df3c e-flex e-con-boxed e-con e-parent\" data-id=\"503df3c\" data-element_type=\"container\">\n\t\t\t\t\t<div class=\"e-con-inner\">\n\t\t\t\t<div class=\"elementor-element elementor-element-1d000fb elementor-widget elementor-widget-heading\" data-id=\"1d000fb\" data-element_type=\"widget\" data-widget_type=\"heading.default\">\n\t\t\t\t<div class=\"elementor-widget-container\">\n\t\t\t<h2 class=\"elementor-heading-title elementor-size-default\">La B\u00fasqueda de Mentores y el Aprendizaje Continuo<\/h2>\t\t<\/div>\n\t\t\t\t<\/div>\n\t\t\t\t<div class=\"elementor-element elementor-element-16fa57f elementor-widget elementor-widget-heading\" data-id=\"16fa57f\" data-element_type=\"widget\" data-widget_type=\"heading.default\">\n\t\t\t\t<div class=\"elementor-widget-container\">\n\t\t\t<p class=\"elementor-heading-title elementor-size-default\">El mundo del tatuaje es vasto y en constante evoluci\u00f3n. Buscar mentores en la industria y aprovechar cada oportunidad para seguir aprendiendo son pasos esenciales en tu viaje. Asistir a convenciones de tatuajes, talleres y seminarios te ayudar\u00e1 a mantenerte al d\u00eda con las \u00faltimas t\u00e9cnicas y tendencias. <\/p>\t\t<\/div>\n\t\t\t\t<\/div>\n\t\t\t\t\t<\/div>\n\t\t\t\t<\/div>\n\t\t<div class=\"elementor-element elementor-element-fb33207 e-flex e-con-boxed e-con e-parent\" data-id=\"fb33207\" data-element_type=\"container\">\n\t\t\t\t\t<div class=\"e-con-inner\">\n\t\t\t\t<div class=\"elementor-element elementor-element-05fda89 elementor-widget elementor-widget-heading\" data-id=\"05fda89\" data-element_type=\"widget\" data-widget_type=\"heading.default\">\n\t\t\t\t<div class=\"elementor-widget-container\">\n\t\t\t<h2 class=\"elementor-heading-title elementor-size-default\">Construcci\u00f3n de tu Portafolio y Promoci\u00f3n de tu Trabajo\n<\/h2>\t\t<\/div>\n\t\t\t\t<\/div>\n\t\t\t\t<div class=\"elementor-element elementor-element-a28ad8b elementor-widget elementor-widget-heading\" data-id=\"a28ad8b\" data-element_type=\"widget\" data-widget_type=\"heading.default\">\n\t\t\t\t<div class=\"elementor-widget-container\">\n\t\t\t<p class=\"elementor-heading-title elementor-size-default\">A medida que adquieres experiencia y confianza en tus habilidades, es fundamental construir un portafolio s\u00f3lido de tu trabajo. Toma fotos de alta calidad de tus tatuajes terminados y comp\u00e1rtelas en redes sociales y en tu sitio web o blog personal. Promocionar tu trabajo en eventos locales y en l\u00ednea es una excelente manera de ganar visibilidad y atraer a m\u00e1s clientes. Nuestros cursos tambi\u00e9n te proporcionan estrategias efectivas para la promoci\u00f3n de tu trabajo y la construcci\u00f3n de una presencia s\u00f3lida en l\u00ednea.<\/p>\t\t<\/div>\n\t\t\t\t<\/div>\n\t\t\t\t\t<\/div>\n\t\t\t\t<\/div>\n\t\t<div class=\"elementor-element elementor-element-33722ef e-flex e-con-boxed e-con e-parent\" data-id=\"33722ef\" data-element_type=\"container\">\n\t\t\t\t\t<div class=\"e-con-inner\">\n\t\t\t\t<div class=\"elementor-element elementor-element-ebbd2ae elementor-widget elementor-widget-heading\" data-id=\"ebbd2ae\" data-element_type=\"widget\" data-widget_type=\"heading.default\">\n\t\t\t\t<div class=\"elementor-widget-container\">\n\t\t\t<h2 class=\"elementor-heading-title elementor-size-default\">Cursos Especializados para Futuros Tatuadores<\/h2>\t\t<\/div>\n\t\t\t\t<\/div>\n\t\t\t\t<div class=\"elementor-element elementor-element-9bb0828 elementor-widget elementor-widget-heading\" data-id=\"9bb0828\" data-element_type=\"widget\" data-widget_type=\"heading.default\">\n\t\t\t\t<div class=\"elementor-widget-container\">\n\t\t\t<p class=\"elementor-heading-title elementor-size-default\">Entendemos que el camino hacia la maestr\u00eda en el arte del tatuaje puede ser desafiante. Es por eso que ofrecemos cursos especializados dise\u00f1ados para guiarte en cada etapa de tu desarrollo como tatuador. Nuestros cursos est\u00e1n creados para proporcionarte las herramientas y conocimientos necesarios para avanzar con seguridad y eficiencia.<\/p>\t\t<\/div>\n\t\t\t\t<\/div>\n\t\t\t\t\t<\/div>\n\t\t\t\t<\/div>\n\t\t<div class=\"elementor-element elementor-element-a26437d e-flex e-con-boxed e-con e-parent\" data-id=\"a26437d\" data-element_type=\"container\">\n\t\t\t\t\t<div class=\"e-con-inner\">\n\t\t\t\t\t<\/div>\n\t\t\t\t<\/div>\n\t\t\t\t<\/div>\n\t\t","protected":false},"excerpt":{"rendered":"<p>La practica hace al maestro Dominar las t\u00e9cnicas b\u00e1sicas del tatuaje es solo el comienzo de un&#8230;<\/p>\n","protected":false},"author":1,"featured_media":0,"parent":0,"menu_order":0,"comment_status":"closed","ping_status":"closed","template":"","meta":{"footnotes":""},"yoast_head":"<!-- This site is optimized with the Yoast SEO Premium plugin v22.7 (Yoast SEO v22.9) - https:\/\/yoast.com\/wordpress\/plugins\/seo\/ -->\n<title>Curso para Aprender a Tatuar: Domina las T\u00e9cnicas<\/title>\n<meta name=\"description\" content=\"Aprende a tatuar con nuestros cursos. Con pr\u00e1ctica adecuada, domina el arte del tatuaje y construye una carrera exitosa en esta industria.\" \/>\n<meta name=\"robots\" content=\"index, follow, max-snippet:-1, max-image-preview:large, max-video-preview:-1\" \/>\n<link rel=\"canonical\" href=\"https:\/\/xtftattoo.com\/index.php\/aprende-a-tatuar-practica\/\" \/>\n<meta property=\"og:locale\" content=\"es_ES\" \/>\n<meta property=\"og:type\" content=\"article\" \/>\n<meta property=\"og:title\" content=\"La Practica Hace Al Maestro\" \/>\n<meta property=\"og:description\" content=\"Aprende a tatuar con nuestros cursos. Con pr\u00e1ctica adecuada, domina el arte del tatuaje y construye una carrera exitosa en esta industria.\" \/>\n<meta property=\"og:url\" content=\"https:\/\/xtftattoo.com\/index.php\/aprende-a-tatuar-practica\/\" \/>\n<meta property=\"og:site_name\" content=\"xtftattoo\" \/>\n<meta property=\"article:modified_time\" content=\"2024-08-07T11:06:39+00:00\" \/>\n<meta name=\"twitter:card\" content=\"summary_large_image\" \/>\n<meta name=\"twitter:label1\" content=\"Tiempo de lectura\" \/>\n\t<meta name=\"twitter:data1\" content=\"2 minutos\" \/>\n<script type=\"application\/ld+json\" class=\"yoast-schema-graph\">{\"@context\":\"https:\/\/schema.org\",\"@graph\":[{\"@type\":\"WebPage\",\"@id\":\"https:\/\/xtftattoo.com\/index.php\/aprende-a-tatuar-practica\/\",\"url\":\"https:\/\/xtftattoo.com\/index.php\/aprende-a-tatuar-practica\/\",\"name\":\"Curso para Aprender a Tatuar: Domina las T\u00e9cnicas\",\"isPartOf\":{\"@id\":\"https:\/\/xtftattoo.com\/#website\"},\"datePublished\":\"2024-08-07T10:55:33+00:00\",\"dateModified\":\"2024-08-07T11:06:39+00:00\",\"description\":\"Aprende a tatuar con nuestros cursos. Con pr\u00e1ctica adecuada, domina el arte del tatuaje y construye una carrera exitosa en esta industria.\",\"breadcrumb\":{\"@id\":\"https:\/\/xtftattoo.com\/index.php\/aprende-a-tatuar-practica\/#breadcrumb\"},\"inLanguage\":\"es\",\"potentialAction\":[{\"@type\":\"ReadAction\",\"target\":[\"https:\/\/xtftattoo.com\/index.php\/aprende-a-tatuar-practica\/\"]}]},{\"@type\":\"BreadcrumbList\",\"@id\":\"https:\/\/xtftattoo.com\/index.php\/aprende-a-tatuar-practica\/#breadcrumb\",\"itemListElement\":[{\"@type\":\"ListItem\",\"position\":1,\"name\":\"Portada\",\"item\":\"https:\/\/xtftattoo.com\/\"},{\"@type\":\"ListItem\",\"position\":2,\"name\":\"La Practica Hace Al Maestro\"}]},{\"@type\":\"WebSite\",\"@id\":\"https:\/\/xtftattoo.com\/#website\",\"url\":\"https:\/\/xtftattoo.com\/\",\"name\":\"xtftattoo\",\"description\":\"\",\"publisher\":{\"@id\":\"https:\/\/xtftattoo.com\/#organization\"},\"potentialAction\":[{\"@type\":\"SearchAction\",\"target\":{\"@type\":\"EntryPoint\",\"urlTemplate\":\"https:\/\/xtftattoo.com\/?s={search_term_string}\"},\"query-input\":\"required name=search_term_string\"}],\"inLanguage\":\"es\"},{\"@type\":\"Organization\",\"@id\":\"https:\/\/xtftattoo.com\/#organization\",\"name\":\"xtftattoo\",\"url\":\"https:\/\/xtftattoo.com\/\",\"logo\":{\"@type\":\"ImageObject\",\"inLanguage\":\"es\",\"@id\":\"https:\/\/xtftattoo.com\/#\/schema\/logo\/image\/\",\"url\":\"https:\/\/xtftattoo.com\/wp-content\/uploads\/2024\/05\/LogoXandro-e1716470833493.png\",\"contentUrl\":\"https:\/\/xtftattoo.com\/wp-content\/uploads\/2024\/05\/LogoXandro-e1716470833493.png\",\"width\":95,\"height\":100,\"caption\":\"xtftattoo\"},\"image\":{\"@id\":\"https:\/\/xtftattoo.com\/#\/schema\/logo\/image\/\"}}]}<\/script>\n<!-- \/ Yoast SEO Premium plugin. -->","yoast_head_json":{"title":"Curso para Aprender a Tatuar: Domina las T\u00e9cnicas","description":"Aprende a tatuar con nuestros cursos. Con pr\u00e1ctica adecuada, domina el arte del tatuaje y construye una carrera exitosa en esta industria.","robots":{"index":"index","follow":"follow","max-snippet":"max-snippet:-1","max-image-preview":"max-image-preview:large","max-video-preview":"max-video-preview:-1"},"canonical":"https:\/\/xtftattoo.com\/index.php\/aprende-a-tatuar-practica\/","og_locale":"es_ES","og_type":"article","og_title":"La Practica Hace Al Maestro","og_description":"Aprende a tatuar con nuestros cursos. Con pr\u00e1ctica adecuada, domina el arte del tatuaje y construye una carrera exitosa en esta industria.","og_url":"https:\/\/xtftattoo.com\/index.php\/aprende-a-tatuar-practica\/","og_site_name":"xtftattoo","article_modified_time":"2024-08-07T11:06:39+00:00","twitter_card":"summary_large_image","twitter_misc":{"Tiempo de lectura":"2 minutos"},"schema":{"@context":"https:\/\/schema.org","@graph":[{"@type":"WebPage","@id":"https:\/\/xtftattoo.com\/index.php\/aprende-a-tatuar-practica\/","url":"https:\/\/xtftattoo.com\/index.php\/aprende-a-tatuar-practica\/","name":"Curso para Aprender a Tatuar: Domina las T\u00e9cnicas","isPartOf":{"@id":"https:\/\/xtftattoo.com\/#website"},"datePublished":"2024-08-07T10:55:33+00:00","dateModified":"2024-08-07T11:06:39+00:00","description":"Aprende a tatuar con nuestros cursos. Con pr\u00e1ctica adecuada, domina el arte del tatuaje y construye una carrera exitosa en esta industria.","breadcrumb":{"@id":"https:\/\/xtftattoo.com\/index.php\/aprende-a-tatuar-practica\/#breadcrumb"},"inLanguage":"es","potentialAction":[{"@type":"ReadAction","target":["https:\/\/xtftattoo.com\/index.php\/aprende-a-tatuar-practica\/"]}]},{"@type":"BreadcrumbList","@id":"https:\/\/xtftattoo.com\/index.php\/aprende-a-tatuar-practica\/#breadcrumb","itemListElement":[{"@type":"ListItem","position":1,"name":"Portada","item":"https:\/\/xtftattoo.com\/"},{"@type":"ListItem","position":2,"name":"La Practica Hace Al Maestro"}]},{"@type":"WebSite","@id":"https:\/\/xtftattoo.com\/#website","url":"https:\/\/xtftattoo.com\/","name":"xtftattoo","description":"","publisher":{"@id":"https:\/\/xtftattoo.com\/#organization"},"potentialAction":[{"@type":"SearchAction","target":{"@type":"EntryPoint","urlTemplate":"https:\/\/xtftattoo.com\/?s={search_term_string}"},"query-input":"required name=search_term_string"}],"inLanguage":"es"},{"@type":"Organization","@id":"https:\/\/xtftattoo.com\/#organization","name":"xtftattoo","url":"https:\/\/xtftattoo.com\/","logo":{"@type":"ImageObject","inLanguage":"es","@id":"https:\/\/xtftattoo.com\/#\/schema\/logo\/image\/","url":"https:\/\/xtftattoo.com\/wp-content\/uploads\/2024\/05\/LogoXandro-e1716470833493.png","contentUrl":"https:\/\/xtftattoo.com\/wp-content\/uploads\/2024\/05\/LogoXandro-e1716470833493.png","width":95,"height":100,"caption":"xtftattoo"},"image":{"@id":"https:\/\/xtftattoo.com\/#\/schema\/logo\/image\/"}}]}},"_links":{"self":[{"href":"https:\/\/xtftattoo.com\/index.php\/wp-json\/wp\/v2\/pages\/3357"}],"collection":[{"href":"https:\/\/xtftattoo.com\/index.php\/wp-json\/wp\/v2\/pages"}],"about":[{"href":"https:\/\/xtftattoo.com\/index.php\/wp-json\/wp\/v2\/types\/page"}],"author":[{"embeddable":true,"href":"https:\/\/xtftattoo.com\/index.php\/wp-json\/wp\/v2\/users\/1"}],"replies":[{"embeddable":true,"href":"https:\/\/xtftattoo.com\/index.php\/wp-json\/wp\/v2\/comments?post=3357"}],"version-history":[{"count":5,"href":"https:\/\/xtftattoo.com\/index.php\/wp-json\/wp\/v2\/pages\/3357\/revisions"}],"predecessor-version":[{"id":3363,"href":"https:\/\/xtftattoo.com\/index.php\/wp-json\/wp\/v2\/pages\/3357\/revisions\/3363"}],"wp:attachment":[{"href":"https:\/\/xtftattoo.com\/index.php\/wp-json\/wp\/v2\/media?parent=3357"}],"curies":[{"name":"wp","href":"https:\/\/api.w.org\/{rel}","templated":true}]}}