{"id":3372,"date":"2024-08-07T12:26:35","date_gmt":"2024-08-07T11:26:35","guid":{"rendered":"https:\/\/xtftattoo.com\/?page_id=3372"},"modified":"2024-08-07T12:28:16","modified_gmt":"2024-08-07T11:28:16","slug":"conceptos-claves-para-iniciar-en-el-tatuaje","status":"publish","type":"page","link":"https:\/\/xtftattoo.com\/index.php\/conceptos-claves-para-iniciar-en-el-tatuaje\/","title":{"rendered":"Conceptos claves para iniciar en el tatuaje"},"content":{"rendered":"\t\t<div data-elementor-type=\"wp-page\" data-elementor-id=\"3372\" class=\"elementor elementor-3372\" data-elementor-post-type=\"page\">\n\t\t\t\t<div class=\"elementor-element elementor-element-51a1c4b e-flex e-con-boxed e-con e-parent\" data-id=\"51a1c4b\" data-element_type=\"container\">\n\t\t\t\t\t<div class=\"e-con-inner\">\n\t\t\t\t<div class=\"elementor-element elementor-element-081f80a elementor-widget elementor-widget-heading\" data-id=\"081f80a\" data-element_type=\"widget\" data-widget_type=\"heading.default\">\n\t\t\t\t<div class=\"elementor-widget-container\">\n\t\t\t<style>\/*! elementor - v3.22.0 - 17-06-2024 *\/\n.elementor-heading-title{padding:0;margin:0;line-height:1}.elementor-widget-heading .elementor-heading-title[class*=elementor-size-]>a{color:inherit;font-size:inherit;line-height:inherit}.elementor-widget-heading .elementor-heading-title.elementor-size-small{font-size:15px}.elementor-widget-heading .elementor-heading-title.elementor-size-medium{font-size:19px}.elementor-widget-heading .elementor-heading-title.elementor-size-large{font-size:29px}.elementor-widget-heading .elementor-heading-title.elementor-size-xl{font-size:39px}.elementor-widget-heading .elementor-heading-title.elementor-size-xxl{font-size:59px}<\/style><h1 class=\"elementor-heading-title elementor-size-default\">Conceptos claves para iniciar en el tatuaje<\/h1>\t\t<\/div>\n\t\t\t\t<\/div>\n\t\t\t\t\t<\/div>\n\t\t\t\t<\/div>\n\t\t<div class=\"elementor-element elementor-element-6c05ace e-flex e-con-boxed e-con e-parent\" data-id=\"6c05ace\" data-element_type=\"container\">\n\t\t\t\t\t<div class=\"e-con-inner\">\n\t\t\t\t<div class=\"elementor-element elementor-element-9f80f60 elementor-widget elementor-widget-heading\" data-id=\"9f80f60\" data-element_type=\"widget\" data-widget_type=\"heading.default\">\n\t\t\t\t<div class=\"elementor-widget-container\">\n\t\t\t<h2 class=\"elementor-heading-title elementor-size-default\">Estudiar el arte del tatuaje<\/h2>\t\t<\/div>\n\t\t\t\t<\/div>\n\t\t\t\t\t<\/div>\n\t\t\t\t<\/div>\n\t\t<div class=\"elementor-element elementor-element-fd02fb3 e-flex e-con-boxed e-con e-parent\" data-id=\"fd02fb3\" data-element_type=\"container\">\n\t\t\t\t\t<div class=\"e-con-inner\">\n\t\t\t\t<div class=\"elementor-element elementor-element-d4c59c4 elementor-widget elementor-widget-heading\" data-id=\"d4c59c4\" data-element_type=\"widget\" data-widget_type=\"heading.default\">\n\t\t\t\t<div class=\"elementor-widget-container\">\n\t\t\t<p class=\"elementor-heading-title elementor-size-default\">Antes de comenzar a tatuar en serio, es imprescindible trabajar en la t\u00e9cnica. Lee libros sobre el tema, mira videos en l\u00ednea, haz pr\u00e1ctica en piel falsa, y sobre todo, trabaja junto a un tatuador m\u00e1s experimentado.<\/p>\t\t<\/div>\n\t\t\t\t<\/div>\n\t\t\t\t\t<\/div>\n\t\t\t\t<\/div>\n\t\t<div class=\"elementor-element elementor-element-f6b60d0 e-flex e-con-boxed e-con e-parent\" data-id=\"f6b60d0\" data-element_type=\"container\">\n\t\t\t\t\t<div class=\"e-con-inner\">\n\t\t\t\t<div class=\"elementor-element elementor-element-67e103a elementor-widget elementor-widget-heading\" data-id=\"67e103a\" data-element_type=\"widget\" data-widget_type=\"heading.default\">\n\t\t\t\t<div class=\"elementor-widget-container\">\n\t\t\t<h2 class=\"elementor-heading-title elementor-size-default\">S\u00e9 honesto y profesional<\/h2>\t\t<\/div>\n\t\t\t\t<\/div>\n\t\t\t\t\t<\/div>\n\t\t\t\t<\/div>\n\t\t<div class=\"elementor-element elementor-element-08adc1b e-flex e-con-boxed e-con e-parent\" data-id=\"08adc1b\" data-element_type=\"container\">\n\t\t\t\t\t<div class=\"e-con-inner\">\n\t\t\t\t<div class=\"elementor-element elementor-element-48ae019 elementor-widget elementor-widget-heading\" data-id=\"48ae019\" data-element_type=\"widget\" data-widget_type=\"heading.default\">\n\t\t\t\t<div class=\"elementor-widget-container\">\n\t\t\t<p class=\"elementor-heading-title elementor-size-default\">Trata de no sentirte abrumado por la cantidad de trabajo que tienes que hacer. Siempre es mejor tomarse el tiempo para realizar tatuajes de calidad, y no tatu\u00e1rselos a nadie solo porque quieren que los tat\u00faes r\u00e1pidamente.<\/p>\t\t<\/div>\n\t\t\t\t<\/div>\n\t\t\t\t\t<\/div>\n\t\t\t\t<\/div>\n\t\t<div class=\"elementor-element elementor-element-518dcad e-flex e-con-boxed e-con e-parent\" data-id=\"518dcad\" data-element_type=\"container\">\n\t\t\t\t\t<div class=\"e-con-inner\">\n\t\t\t\t<div class=\"elementor-element elementor-element-39d3109 elementor-widget elementor-widget-heading\" data-id=\"39d3109\" data-element_type=\"widget\" data-widget_type=\"heading.default\">\n\t\t\t\t<div class=\"elementor-widget-container\">\n\t\t\t<h3 class=\"elementor-heading-title elementor-size-default\">Escucha a tus clientes<\/h3>\t\t<\/div>\n\t\t\t\t<\/div>\n\t\t\t\t\t<\/div>\n\t\t\t\t<\/div>\n\t\t<div class=\"elementor-element elementor-element-962c4cd e-flex e-con-boxed e-con e-parent\" data-id=\"962c4cd\" data-element_type=\"container\">\n\t\t\t\t\t<div class=\"e-con-inner\">\n\t\t\t\t<div class=\"elementor-element elementor-element-a9fcdf5 elementor-widget elementor-widget-heading\" data-id=\"a9fcdf5\" data-element_type=\"widget\" data-widget_type=\"heading.default\">\n\t\t\t\t<div class=\"elementor-widget-container\">\n\t\t\t<p class=\"elementor-heading-title elementor-size-default\">Es importante que aprendas lo que tus clientes quieren en su tatuaje y comprender sus expectativas. No pierdas de vista el objetivo de la sesi\u00f3n y comunica cualquier duda al cliente para asegurarte de que ambos est\u00e9n en la misma p\u00e1gina.<\/p>\t\t<\/div>\n\t\t\t\t<\/div>\n\t\t\t\t\t<\/div>\n\t\t\t\t<\/div>\n\t\t<div class=\"elementor-element elementor-element-94edd08 e-flex e-con-boxed e-con e-parent\" data-id=\"94edd08\" data-element_type=\"container\">\n\t\t\t\t\t<div class=\"e-con-inner\">\n\t\t\t\t<div class=\"elementor-element elementor-element-e2b345c elementor-widget elementor-widget-heading\" data-id=\"e2b345c\" data-element_type=\"widget\" data-widget_type=\"heading.default\">\n\t\t\t\t<div class=\"elementor-widget-container\">\n\t\t\t<h3 class=\"elementor-heading-title elementor-size-default\">Practica, practica, practica<\/h3>\t\t<\/div>\n\t\t\t\t<\/div>\n\t\t\t\t\t<\/div>\n\t\t\t\t<\/div>\n\t\t<div class=\"elementor-element elementor-element-a9db250 e-flex e-con-boxed e-con e-parent\" data-id=\"a9db250\" data-element_type=\"container\">\n\t\t\t\t\t<div class=\"e-con-inner\">\n\t\t\t\t<div class=\"elementor-element elementor-element-77bd920 elementor-widget elementor-widget-heading\" data-id=\"77bd920\" data-element_type=\"widget\" data-widget_type=\"heading.default\">\n\t\t\t\t<div class=\"elementor-widget-container\">\n\t\t\t<p class=\"elementor-heading-title elementor-size-default\">No puedes ser t\u00edmido a la hora de practicar, as\u00ed que tat\u00faa tanto como puedas. Practica con diferentes tama\u00f1os, dise\u00f1os y zonas del cuerpo para adquirir la destreza necesaria para tatuar en cualquier lugar.<\/p>\t\t<\/div>\n\t\t\t\t<\/div>\n\t\t\t\t\t<\/div>\n\t\t\t\t<\/div>\n\t\t<div class=\"elementor-element elementor-element-949ba15 e-flex e-con-boxed e-con e-parent\" data-id=\"949ba15\" data-element_type=\"container\">\n\t\t\t\t\t<div class=\"e-con-inner\">\n\t\t\t\t<div class=\"elementor-element elementor-element-bfe28d4 elementor-widget elementor-widget-heading\" data-id=\"bfe28d4\" data-element_type=\"widget\" data-widget_type=\"heading.default\">\n\t\t\t\t<div class=\"elementor-widget-container\">\n\t\t\t<h2 class=\"elementor-heading-title elementor-size-default\">S\u00e9 honesto y profesional<\/h2>\t\t<\/div>\n\t\t\t\t<\/div>\n\t\t\t\t\t<\/div>\n\t\t\t\t<\/div>\n\t\t<div class=\"elementor-element elementor-element-3005cd1 e-flex e-con-boxed e-con e-parent\" data-id=\"3005cd1\" data-element_type=\"container\">\n\t\t\t\t\t<div class=\"e-con-inner\">\n\t\t\t\t<div class=\"elementor-element elementor-element-5f24d0e elementor-widget elementor-widget-heading\" data-id=\"5f24d0e\" data-element_type=\"widget\" data-widget_type=\"heading.default\">\n\t\t\t\t<div class=\"elementor-widget-container\">\n\t\t\t<p class=\"elementor-heading-title elementor-size-default\">Si surge alg\u00fan problema, nunca dejes de lado la \u00e9tica profesional. Aseg\u00farate de informar al cliente si ocurre algo malo durante la sesi\u00f3n de tatuaje y haz todo lo posible para rectificar la situaci\u00f3n. A veces, esto puede significar reembolsar al cliente o ofrecerles una sesi\u00f3n adicional para terminar el tatuaje seg\u00fan lo acordado.<\/p>\t\t<\/div>\n\t\t\t\t<\/div>\n\t\t\t\t\t<\/div>\n\t\t\t\t<\/div>\n\t\t<div class=\"elementor-element elementor-element-f1706c6 e-flex e-con-boxed e-con e-parent\" data-id=\"f1706c6\" data-element_type=\"container\">\n\t\t\t\t\t<div class=\"e-con-inner\">\n\t\t\t\t<div class=\"elementor-element elementor-element-cae3776 elementor-widget elementor-widget-heading\" data-id=\"cae3776\" data-element_type=\"widget\" data-widget_type=\"heading.default\">\n\t\t\t\t<div class=\"elementor-widget-container\">\n\t\t\t<h4 class=\"elementor-heading-title elementor-size-default\">Para obtener m\u00e1s consejos y aprender m\u00e1s sobre c\u00f3mo tatuar, te invitamos a descubrir nuestros cursos. Con ellos, no solo obtendr\u00e1s una formaci\u00f3n completa y detallada, sino tambi\u00e9n el apoyo y la gu\u00eda de nuestros expertos tatuadores. Nuestros programas est\u00e1n dise\u00f1ados para brindarte las habilidades y el conocimiento necesarios para convertirte en un tatuador exitoso.<\/h4>\t\t<\/div>\n\t\t\t\t<\/div>\n\t\t\t\t\t<\/div>\n\t\t\t\t<\/div>\n\t\t\t\t<\/div>\n\t\t","protected":false},"excerpt":{"rendered":"<p>Conceptos claves para iniciar en el tatuaje Estudiar el arte del tatuaje Antes de comenzar a tatuar&#8230;<\/p>\n","protected":false},"author":1,"featured_media":0,"parent":0,"menu_order":0,"comment_status":"closed","ping_status":"closed","template":"","meta":{"footnotes":""},"yoast_head":"<!-- This site is optimized with the Yoast SEO Premium plugin v22.7 (Yoast SEO v22.9) - https:\/\/yoast.com\/wordpress\/plugins\/seo\/ -->\n<title>Conceptos claves para iniciar en el tatuaje - xtftattoo<\/title>\n<meta name=\"robots\" content=\"index, follow, max-snippet:-1, max-image-preview:large, max-video-preview:-1\" \/>\n<link rel=\"canonical\" href=\"https:\/\/xtftattoo.com\/index.php\/conceptos-claves-para-iniciar-en-el-tatuaje\/\" \/>\n<meta property=\"og:locale\" content=\"es_ES\" \/>\n<meta property=\"og:type\" content=\"article\" \/>\n<meta property=\"og:title\" content=\"Conceptos claves para iniciar en el tatuaje\" \/>\n<meta property=\"og:description\" content=\"Conceptos claves para iniciar en el tatuaje Estudiar el arte del tatuaje Antes de comenzar a tatuar...\" \/>\n<meta property=\"og:url\" content=\"https:\/\/xtftattoo.com\/index.php\/conceptos-claves-para-iniciar-en-el-tatuaje\/\" \/>\n<meta property=\"og:site_name\" content=\"xtftattoo\" \/>\n<meta property=\"article:modified_time\" content=\"2024-08-07T11:28:16+00:00\" \/>\n<meta name=\"twitter:card\" content=\"summary_large_image\" \/>\n<meta name=\"twitter:label1\" content=\"Tiempo de lectura\" \/>\n\t<meta name=\"twitter:data1\" content=\"2 minutos\" \/>\n<script type=\"application\/ld+json\" class=\"yoast-schema-graph\">{\"@context\":\"https:\/\/schema.org\",\"@graph\":[{\"@type\":\"WebPage\",\"@id\":\"https:\/\/xtftattoo.com\/index.php\/conceptos-claves-para-iniciar-en-el-tatuaje\/\",\"url\":\"https:\/\/xtftattoo.com\/index.php\/conceptos-claves-para-iniciar-en-el-tatuaje\/\",\"name\":\"Conceptos claves para iniciar en el tatuaje - xtftattoo\",\"isPartOf\":{\"@id\":\"https:\/\/xtftattoo.com\/#website\"},\"datePublished\":\"2024-08-07T11:26:35+00:00\",\"dateModified\":\"2024-08-07T11:28:16+00:00\",\"breadcrumb\":{\"@id\":\"https:\/\/xtftattoo.com\/index.php\/conceptos-claves-para-iniciar-en-el-tatuaje\/#breadcrumb\"},\"inLanguage\":\"es\",\"potentialAction\":[{\"@type\":\"ReadAction\",\"target\":[\"https:\/\/xtftattoo.com\/index.php\/conceptos-claves-para-iniciar-en-el-tatuaje\/\"]}]},{\"@type\":\"BreadcrumbList\",\"@id\":\"https:\/\/xtftattoo.com\/index.php\/conceptos-claves-para-iniciar-en-el-tatuaje\/#breadcrumb\",\"itemListElement\":[{\"@type\":\"ListItem\",\"position\":1,\"name\":\"Portada\",\"item\":\"https:\/\/xtftattoo.com\/\"},{\"@type\":\"ListItem\",\"position\":2,\"name\":\"Conceptos claves para iniciar en el tatuaje\"}]},{\"@type\":\"WebSite\",\"@id\":\"https:\/\/xtftattoo.com\/#website\",\"url\":\"https:\/\/xtftattoo.com\/\",\"name\":\"xtftattoo\",\"description\":\"\",\"publisher\":{\"@id\":\"https:\/\/xtftattoo.com\/#organization\"},\"potentialAction\":[{\"@type\":\"SearchAction\",\"target\":{\"@type\":\"EntryPoint\",\"urlTemplate\":\"https:\/\/xtftattoo.com\/?s={search_term_string}\"},\"query-input\":\"required name=search_term_string\"}],\"inLanguage\":\"es\"},{\"@type\":\"Organization\",\"@id\":\"https:\/\/xtftattoo.com\/#organization\",\"name\":\"xtftattoo\",\"url\":\"https:\/\/xtftattoo.com\/\",\"logo\":{\"@type\":\"ImageObject\",\"inLanguage\":\"es\",\"@id\":\"https:\/\/xtftattoo.com\/#\/schema\/logo\/image\/\",\"url\":\"https:\/\/xtftattoo.com\/wp-content\/uploads\/2024\/05\/LogoXandro-e1716470833493.png\",\"contentUrl\":\"https:\/\/xtftattoo.com\/wp-content\/uploads\/2024\/05\/LogoXandro-e1716470833493.png\",\"width\":95,\"height\":100,\"caption\":\"xtftattoo\"},\"image\":{\"@id\":\"https:\/\/xtftattoo.com\/#\/schema\/logo\/image\/\"}}]}<\/script>\n<!-- \/ Yoast SEO Premium plugin. -->","yoast_head_json":{"title":"Conceptos claves para iniciar en el tatuaje - xtftattoo","robots":{"index":"index","follow":"follow","max-snippet":"max-snippet:-1","max-image-preview":"max-image-preview:large","max-video-preview":"max-video-preview:-1"},"canonical":"https:\/\/xtftattoo.com\/index.php\/conceptos-claves-para-iniciar-en-el-tatuaje\/","og_locale":"es_ES","og_type":"article","og_title":"Conceptos claves para iniciar en el tatuaje","og_description":"Conceptos claves para iniciar en el tatuaje Estudiar el arte del tatuaje Antes de comenzar a tatuar...","og_url":"https:\/\/xtftattoo.com\/index.php\/conceptos-claves-para-iniciar-en-el-tatuaje\/","og_site_name":"xtftattoo","article_modified_time":"2024-08-07T11:28:16+00:00","twitter_card":"summary_large_image","twitter_misc":{"Tiempo de lectura":"2 minutos"},"schema":{"@context":"https:\/\/schema.org","@graph":[{"@type":"WebPage","@id":"https:\/\/xtftattoo.com\/index.php\/conceptos-claves-para-iniciar-en-el-tatuaje\/","url":"https:\/\/xtftattoo.com\/index.php\/conceptos-claves-para-iniciar-en-el-tatuaje\/","name":"Conceptos claves para iniciar en el tatuaje - xtftattoo","isPartOf":{"@id":"https:\/\/xtftattoo.com\/#website"},"datePublished":"2024-08-07T11:26:35+00:00","dateModified":"2024-08-07T11:28:16+00:00","breadcrumb":{"@id":"https:\/\/xtftattoo.com\/index.php\/conceptos-claves-para-iniciar-en-el-tatuaje\/#breadcrumb"},"inLanguage":"es","potentialAction":[{"@type":"ReadAction","target":["https:\/\/xtftattoo.com\/index.php\/conceptos-claves-para-iniciar-en-el-tatuaje\/"]}]},{"@type":"BreadcrumbList","@id":"https:\/\/xtftattoo.com\/index.php\/conceptos-claves-para-iniciar-en-el-tatuaje\/#breadcrumb","itemListElement":[{"@type":"ListItem","position":1,"name":"Portada","item":"https:\/\/xtftattoo.com\/"},{"@type":"ListItem","position":2,"name":"Conceptos claves para iniciar en el tatuaje"}]},{"@type":"WebSite","@id":"https:\/\/xtftattoo.com\/#website","url":"https:\/\/xtftattoo.com\/","name":"xtftattoo","description":"","publisher":{"@id":"https:\/\/xtftattoo.com\/#organization"},"potentialAction":[{"@type":"SearchAction","target":{"@type":"EntryPoint","urlTemplate":"https:\/\/xtftattoo.com\/?s={search_term_string}"},"query-input":"required name=search_term_string"}],"inLanguage":"es"},{"@type":"Organization","@id":"https:\/\/xtftattoo.com\/#organization","name":"xtftattoo","url":"https:\/\/xtftattoo.com\/","logo":{"@type":"ImageObject","inLanguage":"es","@id":"https:\/\/xtftattoo.com\/#\/schema\/logo\/image\/","url":"https:\/\/xtftattoo.com\/wp-content\/uploads\/2024\/05\/LogoXandro-e1716470833493.png","contentUrl":"https:\/\/xtftattoo.com\/wp-content\/uploads\/2024\/05\/LogoXandro-e1716470833493.png","width":95,"height":100,"caption":"xtftattoo"},"image":{"@id":"https:\/\/xtftattoo.com\/#\/schema\/logo\/image\/"}}]}},"_links":{"self":[{"href":"https:\/\/xtftattoo.com\/index.php\/wp-json\/wp\/v2\/pages\/3372"}],"collection":[{"href":"https:\/\/xtftattoo.com\/index.php\/wp-json\/wp\/v2\/pages"}],"about":[{"href":"https:\/\/xtftattoo.com\/index.php\/wp-json\/wp\/v2\/types\/page"}],"author":[{"embeddable":true,"href":"https:\/\/xtftattoo.com\/index.php\/wp-json\/wp\/v2\/users\/1"}],"replies":[{"embeddable":true,"href":"https:\/\/xtftattoo.com\/index.php\/wp-json\/wp\/v2\/comments?post=3372"}],"version-history":[{"count":8,"href":"https:\/\/xtftattoo.com\/index.php\/wp-json\/wp\/v2\/pages\/3372\/revisions"}],"predecessor-version":[{"id":3380,"href":"https:\/\/xtftattoo.com\/index.php\/wp-json\/wp\/v2\/pages\/3372\/revisions\/3380"}],"wp:attachment":[{"href":"https:\/\/xtftattoo.com\/index.php\/wp-json\/wp\/v2\/media?parent=3372"}],"curies":[{"name":"wp","href":"https:\/\/api.w.org\/{rel}","templated":true}]}}