{"id":3381,"date":"2024-08-07T12:28:51","date_gmt":"2024-08-07T11:28:51","guid":{"rendered":"https:\/\/xtftattoo.com\/?page_id=3381"},"modified":"2024-08-07T12:35:18","modified_gmt":"2024-08-07T11:35:18","slug":"requisitos-para-iniciar-como-artista","status":"publish","type":"page","link":"https:\/\/xtftattoo.com\/index.php\/requisitos-para-iniciar-como-artista\/","title":{"rendered":"Requisitos para iniciar como artista"},"content":{"rendered":"\t\t<div data-elementor-type=\"wp-page\" data-elementor-id=\"3381\" class=\"elementor elementor-3381\" data-elementor-post-type=\"page\">\n\t\t\t\t<div class=\"elementor-element elementor-element-0ebbf67 e-flex e-con-boxed e-con e-parent\" data-id=\"0ebbf67\" data-element_type=\"container\">\n\t\t\t\t\t<div class=\"e-con-inner\">\n\t\t<div class=\"elementor-element elementor-element-70dadc5 e-con-full e-flex e-con e-child\" data-id=\"70dadc5\" data-element_type=\"container\">\n\t\t\t\t<div class=\"elementor-element elementor-element-0cbe465 elementor-widget elementor-widget-heading\" data-id=\"0cbe465\" data-element_type=\"widget\" data-widget_type=\"heading.default\">\n\t\t\t\t<div class=\"elementor-widget-container\">\n\t\t\t<style>\/*! elementor - v3.22.0 - 17-06-2024 *\/\n.elementor-heading-title{padding:0;margin:0;line-height:1}.elementor-widget-heading .elementor-heading-title[class*=elementor-size-]>a{color:inherit;font-size:inherit;line-height:inherit}.elementor-widget-heading .elementor-heading-title.elementor-size-small{font-size:15px}.elementor-widget-heading .elementor-heading-title.elementor-size-medium{font-size:19px}.elementor-widget-heading .elementor-heading-title.elementor-size-large{font-size:29px}.elementor-widget-heading .elementor-heading-title.elementor-size-xl{font-size:39px}.elementor-widget-heading .elementor-heading-title.elementor-size-xxl{font-size:59px}<\/style><h1 class=\"elementor-heading-title elementor-size-default\">Requisitos Para Empezar a Tatuas<\/h1>\t\t<\/div>\n\t\t\t\t<\/div>\n\t\t\t\t<\/div>\n\t\t\t\t\t<\/div>\n\t\t\t\t<\/div>\n\t\t<div class=\"elementor-element elementor-element-e22bde5 e-flex e-con-boxed e-con e-parent\" data-id=\"e22bde5\" data-element_type=\"container\">\n\t\t\t\t\t<div class=\"e-con-inner\">\n\t\t<div class=\"elementor-element elementor-element-5c3505a e-con-full e-flex e-con e-child\" data-id=\"5c3505a\" data-element_type=\"container\">\n\t\t\t\t<div class=\"elementor-element elementor-element-4470a0e elementor-widget elementor-widget-heading\" data-id=\"4470a0e\" data-element_type=\"widget\" data-widget_type=\"heading.default\">\n\t\t\t\t<div class=\"elementor-widget-container\">\n\t\t\t<p class=\"elementor-heading-title elementor-size-default\">Aunque el arte del tatuaje ha estado presente durante miles de a\u00f1os, es ahora cuando est\u00e1 experimentando un crecimiento m\u00e1s significativo en Espa\u00f1a. Este inter\u00e9s renovado por el tatuaje lleva a muchas personas a hacerse la pregunta inevitable: \u00bfc\u00f3mo empezar a tatuar?\nSin embargo, hay m\u00e1s aspectos importantes para adentrarse en este apasionante sector. Ve\u00e1moslos:<\/p>\t\t<\/div>\n\t\t\t\t<\/div>\n\t\t\t\t<\/div>\n\t\t\t\t\t<\/div>\n\t\t\t\t<\/div>\n\t\t<div class=\"elementor-element elementor-element-d79fee5 e-flex e-con-boxed e-con e-parent\" data-id=\"d79fee5\" data-element_type=\"container\">\n\t\t\t\t\t<div class=\"e-con-inner\">\n\t\t\t\t<div class=\"elementor-element elementor-element-73e5c28 elementor-widget elementor-widget-heading\" data-id=\"73e5c28\" data-element_type=\"widget\" data-widget_type=\"heading.default\">\n\t\t\t\t<div class=\"elementor-widget-container\">\n\t\t\t<h2 class=\"elementor-heading-title elementor-size-default\">Requisitos y Formaci\u00f3n<\/h2>\t\t<\/div>\n\t\t\t\t<\/div>\n\t\t\t\t\t<\/div>\n\t\t\t\t<\/div>\n\t\t<div class=\"elementor-element elementor-element-26f6c1c e-flex e-con-boxed e-con e-parent\" data-id=\"26f6c1c\" data-element_type=\"container\">\n\t\t\t\t\t<div class=\"e-con-inner\">\n\t\t<div class=\"elementor-element elementor-element-eeaa24a e-con-full e-flex e-con e-child\" data-id=\"eeaa24a\" data-element_type=\"container\">\n\t\t\t\t<div class=\"elementor-element elementor-element-bc6262e elementor-widget elementor-widget-heading\" data-id=\"bc6262e\" data-element_type=\"widget\" data-widget_type=\"heading.default\">\n\t\t\t\t<div class=\"elementor-widget-container\">\n\t\t\t<p class=\"elementor-heading-title elementor-size-default\">Uno de los principales requisitos para ser tatuador es contar con el t\u00edtulo higi\u00e9nico-sanitario, que te permite desarrollar esta profesi\u00f3n de manera legal y segura. Sin embargo, obtener este t\u00edtulo es solo el primer paso. La vocaci\u00f3n, el talento y la constancia son elementos clave que necesitas para ser un tatuador exitoso. Estos atributos se desarrollan con la pr\u00e1ctica y la formaci\u00f3n continua.Sin embargo, hay m\u00e1s aspectos importantes para adentrarse en este apasionante sector. Ve\u00e1moslos:<\/p>\t\t<\/div>\n\t\t\t\t<\/div>\n\t\t\t\t<\/div>\n\t\t\t\t\t<\/div>\n\t\t\t\t<\/div>\n\t\t<div class=\"elementor-element elementor-element-6913116 e-flex e-con-boxed e-con e-parent\" data-id=\"6913116\" data-element_type=\"container\">\n\t\t\t\t\t<div class=\"e-con-inner\">\n\t\t\t\t<div class=\"elementor-element elementor-element-0def4c4 elementor-widget elementor-widget-heading\" data-id=\"0def4c4\" data-element_type=\"widget\" data-widget_type=\"heading.default\">\n\t\t\t\t<div class=\"elementor-widget-container\">\n\t\t\t<h2 class=\"elementor-heading-title elementor-size-default\">\u00danete a Nuestra Comunidad<\/h2>\t\t<\/div>\n\t\t\t\t<\/div>\n\t\t\t\t\t<\/div>\n\t\t\t\t<\/div>\n\t\t<div class=\"elementor-element elementor-element-978efee e-flex e-con-boxed e-con e-parent\" data-id=\"978efee\" data-element_type=\"container\">\n\t\t\t\t\t<div class=\"e-con-inner\">\n\t\t<div class=\"elementor-element elementor-element-3e306d9 e-con-full e-flex e-con e-child\" data-id=\"3e306d9\" data-element_type=\"container\">\n\t\t\t\t<div class=\"elementor-element elementor-element-65c0839 elementor-widget elementor-widget-heading\" data-id=\"65c0839\" data-element_type=\"widget\" data-widget_type=\"heading.default\">\n\t\t\t\t<div class=\"elementor-widget-container\">\n\t\t\t<p class=\"elementor-heading-title elementor-size-default\">Para poder desarrollar todo tu potencial y comenzar a dise\u00f1ar tu trayectoria como tatuador, es fundamental contar con una formaci\u00f3n especializada. En nuestra academia, ofrecemos un curso de tatuador que te proporcionar\u00e1 todo el conocimiento y las habilidades necesarias para iniciar tu carrera en el mundo del tatuaje.\n\nNo pierdas la oportunidad de transformar tu pasi\u00f3n por el arte del tatuaje en una carrera gratificante. Descubre nuestros cursos y c\u00f3mo pueden ayudarte a alcanzar tus metas en el mundo del tatuaje. Con nuestra formaci\u00f3n especializada, estar\u00e1s completamente preparado para iniciar tu carrera y desarrollar todo tu potencial en este fascinante sector.<\/p>\t\t<\/div>\n\t\t\t\t<\/div>\n\t\t\t\t<\/div>\n\t\t\t\t\t<\/div>\n\t\t\t\t<\/div>\n\t\t<div class=\"elementor-element elementor-element-b116da9 e-flex e-con-boxed e-con e-parent\" data-id=\"b116da9\" data-element_type=\"container\">\n\t\t\t\t\t<div class=\"e-con-inner\">\n\t\t<div class=\"elementor-element elementor-element-0630de9 e-con-full e-flex e-con e-child\" data-id=\"0630de9\" data-element_type=\"container\">\n\t\t\t\t<div class=\"elementor-element elementor-element-8c2c127 elementor-widget elementor-widget-heading\" data-id=\"8c2c127\" data-element_type=\"widget\" data-widget_type=\"heading.default\">\n\t\t\t\t<div class=\"elementor-widget-container\">\n\t\t\t<p class=\"elementor-heading-title elementor-size-default\"> Aprender\u00e1s a crear bocetos, trabajar con claroscuro, volumen y profundidad, y mezclar colores para dar a tus tatuajes el aspecto deseado. Tambi\u00e9n te proporcionaremos consejos sobre c\u00f3mo construir tu cartera de trabajos, promocionarte en redes sociales y atraer a m\u00e1s clientes.Sin embargo, hay m\u00e1s aspectos importantes para adentrarse en este apasionante sector.  \u00a1Te esperamos para acompa\u00f1arte en cada paso de tu camino hacia el \u00e9xito!<\/p>\t\t<\/div>\n\t\t\t\t<\/div>\n\t\t\t\t<\/div>\n\t\t\t\t\t<\/div>\n\t\t\t\t<\/div>\n\t\t\t\t<\/div>\n\t\t","protected":false},"excerpt":{"rendered":"<p>Requisitos Para Empezar a Tatuas Aunque el arte del tatuaje ha estado presente durante miles de a\u00f1os,&#8230;<\/p>\n","protected":false},"author":1,"featured_media":0,"parent":0,"menu_order":0,"comment_status":"closed","ping_status":"closed","template":"","meta":{"footnotes":""},"yoast_head":"<!-- This site is optimized with the Yoast SEO Premium plugin v22.7 (Yoast SEO v22.9) - https:\/\/yoast.com\/wordpress\/plugins\/seo\/ -->\n<title>Requisitos para iniciar como artista - xtftattoo<\/title>\n<meta name=\"robots\" content=\"index, follow, max-snippet:-1, max-image-preview:large, max-video-preview:-1\" \/>\n<link rel=\"canonical\" href=\"https:\/\/xtftattoo.com\/index.php\/requisitos-para-iniciar-como-artista\/\" \/>\n<meta property=\"og:locale\" content=\"es_ES\" \/>\n<meta property=\"og:type\" content=\"article\" \/>\n<meta property=\"og:title\" content=\"Requisitos para iniciar como artista\" \/>\n<meta property=\"og:description\" content=\"Requisitos Para Empezar a Tatuas Aunque el arte del tatuaje ha estado presente durante miles de a\u00f1os,...\" \/>\n<meta property=\"og:url\" content=\"https:\/\/xtftattoo.com\/index.php\/requisitos-para-iniciar-como-artista\/\" \/>\n<meta property=\"og:site_name\" content=\"xtftattoo\" \/>\n<meta property=\"article:modified_time\" content=\"2024-08-07T11:35:18+00:00\" \/>\n<meta name=\"twitter:card\" content=\"summary_large_image\" \/>\n<meta name=\"twitter:label1\" content=\"Tiempo de lectura\" \/>\n\t<meta name=\"twitter:data1\" content=\"2 minutos\" \/>\n<script type=\"application\/ld+json\" class=\"yoast-schema-graph\">{\"@context\":\"https:\/\/schema.org\",\"@graph\":[{\"@type\":\"WebPage\",\"@id\":\"https:\/\/xtftattoo.com\/index.php\/requisitos-para-iniciar-como-artista\/\",\"url\":\"https:\/\/xtftattoo.com\/index.php\/requisitos-para-iniciar-como-artista\/\",\"name\":\"Requisitos para iniciar como artista - xtftattoo\",\"isPartOf\":{\"@id\":\"https:\/\/xtftattoo.com\/#website\"},\"datePublished\":\"2024-08-07T11:28:51+00:00\",\"dateModified\":\"2024-08-07T11:35:18+00:00\",\"breadcrumb\":{\"@id\":\"https:\/\/xtftattoo.com\/index.php\/requisitos-para-iniciar-como-artista\/#breadcrumb\"},\"inLanguage\":\"es\",\"potentialAction\":[{\"@type\":\"ReadAction\",\"target\":[\"https:\/\/xtftattoo.com\/index.php\/requisitos-para-iniciar-como-artista\/\"]}]},{\"@type\":\"BreadcrumbList\",\"@id\":\"https:\/\/xtftattoo.com\/index.php\/requisitos-para-iniciar-como-artista\/#breadcrumb\",\"itemListElement\":[{\"@type\":\"ListItem\",\"position\":1,\"name\":\"Portada\",\"item\":\"https:\/\/xtftattoo.com\/\"},{\"@type\":\"ListItem\",\"position\":2,\"name\":\"Requisitos para iniciar como artista\"}]},{\"@type\":\"WebSite\",\"@id\":\"https:\/\/xtftattoo.com\/#website\",\"url\":\"https:\/\/xtftattoo.com\/\",\"name\":\"xtftattoo\",\"description\":\"\",\"publisher\":{\"@id\":\"https:\/\/xtftattoo.com\/#organization\"},\"potentialAction\":[{\"@type\":\"SearchAction\",\"target\":{\"@type\":\"EntryPoint\",\"urlTemplate\":\"https:\/\/xtftattoo.com\/?s={search_term_string}\"},\"query-input\":\"required name=search_term_string\"}],\"inLanguage\":\"es\"},{\"@type\":\"Organization\",\"@id\":\"https:\/\/xtftattoo.com\/#organization\",\"name\":\"xtftattoo\",\"url\":\"https:\/\/xtftattoo.com\/\",\"logo\":{\"@type\":\"ImageObject\",\"inLanguage\":\"es\",\"@id\":\"https:\/\/xtftattoo.com\/#\/schema\/logo\/image\/\",\"url\":\"https:\/\/xtftattoo.com\/wp-content\/uploads\/2024\/05\/LogoXandro-e1716470833493.png\",\"contentUrl\":\"https:\/\/xtftattoo.com\/wp-content\/uploads\/2024\/05\/LogoXandro-e1716470833493.png\",\"width\":95,\"height\":100,\"caption\":\"xtftattoo\"},\"image\":{\"@id\":\"https:\/\/xtftattoo.com\/#\/schema\/logo\/image\/\"}}]}<\/script>\n<!-- \/ Yoast SEO Premium plugin. -->","yoast_head_json":{"title":"Requisitos para iniciar como artista - xtftattoo","robots":{"index":"index","follow":"follow","max-snippet":"max-snippet:-1","max-image-preview":"max-image-preview:large","max-video-preview":"max-video-preview:-1"},"canonical":"https:\/\/xtftattoo.com\/index.php\/requisitos-para-iniciar-como-artista\/","og_locale":"es_ES","og_type":"article","og_title":"Requisitos para iniciar como artista","og_description":"Requisitos Para Empezar a Tatuas Aunque el arte del tatuaje ha estado presente durante miles de a\u00f1os,...","og_url":"https:\/\/xtftattoo.com\/index.php\/requisitos-para-iniciar-como-artista\/","og_site_name":"xtftattoo","article_modified_time":"2024-08-07T11:35:18+00:00","twitter_card":"summary_large_image","twitter_misc":{"Tiempo de lectura":"2 minutos"},"schema":{"@context":"https:\/\/schema.org","@graph":[{"@type":"WebPage","@id":"https:\/\/xtftattoo.com\/index.php\/requisitos-para-iniciar-como-artista\/","url":"https:\/\/xtftattoo.com\/index.php\/requisitos-para-iniciar-como-artista\/","name":"Requisitos para iniciar como artista - xtftattoo","isPartOf":{"@id":"https:\/\/xtftattoo.com\/#website"},"datePublished":"2024-08-07T11:28:51+00:00","dateModified":"2024-08-07T11:35:18+00:00","breadcrumb":{"@id":"https:\/\/xtftattoo.com\/index.php\/requisitos-para-iniciar-como-artista\/#breadcrumb"},"inLanguage":"es","potentialAction":[{"@type":"ReadAction","target":["https:\/\/xtftattoo.com\/index.php\/requisitos-para-iniciar-como-artista\/"]}]},{"@type":"BreadcrumbList","@id":"https:\/\/xtftattoo.com\/index.php\/requisitos-para-iniciar-como-artista\/#breadcrumb","itemListElement":[{"@type":"ListItem","position":1,"name":"Portada","item":"https:\/\/xtftattoo.com\/"},{"@type":"ListItem","position":2,"name":"Requisitos para iniciar como artista"}]},{"@type":"WebSite","@id":"https:\/\/xtftattoo.com\/#website","url":"https:\/\/xtftattoo.com\/","name":"xtftattoo","description":"","publisher":{"@id":"https:\/\/xtftattoo.com\/#organization"},"potentialAction":[{"@type":"SearchAction","target":{"@type":"EntryPoint","urlTemplate":"https:\/\/xtftattoo.com\/?s={search_term_string}"},"query-input":"required name=search_term_string"}],"inLanguage":"es"},{"@type":"Organization","@id":"https:\/\/xtftattoo.com\/#organization","name":"xtftattoo","url":"https:\/\/xtftattoo.com\/","logo":{"@type":"ImageObject","inLanguage":"es","@id":"https:\/\/xtftattoo.com\/#\/schema\/logo\/image\/","url":"https:\/\/xtftattoo.com\/wp-content\/uploads\/2024\/05\/LogoXandro-e1716470833493.png","contentUrl":"https:\/\/xtftattoo.com\/wp-content\/uploads\/2024\/05\/LogoXandro-e1716470833493.png","width":95,"height":100,"caption":"xtftattoo"},"image":{"@id":"https:\/\/xtftattoo.com\/#\/schema\/logo\/image\/"}}]}},"_links":{"self":[{"href":"https:\/\/xtftattoo.com\/index.php\/wp-json\/wp\/v2\/pages\/3381"}],"collection":[{"href":"https:\/\/xtftattoo.com\/index.php\/wp-json\/wp\/v2\/pages"}],"about":[{"href":"https:\/\/xtftattoo.com\/index.php\/wp-json\/wp\/v2\/types\/page"}],"author":[{"embeddable":true,"href":"https:\/\/xtftattoo.com\/index.php\/wp-json\/wp\/v2\/users\/1"}],"replies":[{"embeddable":true,"href":"https:\/\/xtftattoo.com\/index.php\/wp-json\/wp\/v2\/comments?post=3381"}],"version-history":[{"count":4,"href":"https:\/\/xtftattoo.com\/index.php\/wp-json\/wp\/v2\/pages\/3381\/revisions"}],"predecessor-version":[{"id":3385,"href":"https:\/\/xtftattoo.com\/index.php\/wp-json\/wp\/v2\/pages\/3381\/revisions\/3385"}],"wp:attachment":[{"href":"https:\/\/xtftattoo.com\/index.php\/wp-json\/wp\/v2\/media?parent=3381"}],"curies":[{"name":"wp","href":"https:\/\/api.w.org\/{rel}","templated":true}]}}