{"id":3398,"date":"2024-08-07T12:55:27","date_gmt":"2024-08-07T11:55:27","guid":{"rendered":"https:\/\/xtftattoo.com\/?page_id=3398"},"modified":"2024-08-07T12:59:37","modified_gmt":"2024-08-07T11:59:37","slug":"primeros-pasos-para-convertirse-en-tatuador-profesional","status":"publish","type":"page","link":"https:\/\/xtftattoo.com\/index.php\/primeros-pasos-para-convertirse-en-tatuador-profesional\/","title":{"rendered":"Primeros pasos para convertirse en tatuador profesional"},"content":{"rendered":"\t\t<div data-elementor-type=\"wp-page\" data-elementor-id=\"3398\" class=\"elementor elementor-3398\" data-elementor-post-type=\"page\">\n\t\t\t\t<div class=\"elementor-element elementor-element-c183eb6 e-flex e-con-boxed e-con e-parent\" data-id=\"c183eb6\" data-element_type=\"container\">\n\t\t\t\t\t<div class=\"e-con-inner\">\n\t\t\t\t<div class=\"elementor-element elementor-element-f0dca5f elementor-widget elementor-widget-heading\" data-id=\"f0dca5f\" data-element_type=\"widget\" data-widget_type=\"heading.default\">\n\t\t\t\t<div class=\"elementor-widget-container\">\n\t\t\t<style>\/*! elementor - v3.22.0 - 17-06-2024 *\/\n.elementor-heading-title{padding:0;margin:0;line-height:1}.elementor-widget-heading .elementor-heading-title[class*=elementor-size-]>a{color:inherit;font-size:inherit;line-height:inherit}.elementor-widget-heading .elementor-heading-title.elementor-size-small{font-size:15px}.elementor-widget-heading .elementor-heading-title.elementor-size-medium{font-size:19px}.elementor-widget-heading .elementor-heading-title.elementor-size-large{font-size:29px}.elementor-widget-heading .elementor-heading-title.elementor-size-xl{font-size:39px}.elementor-widget-heading .elementor-heading-title.elementor-size-xxl{font-size:59px}<\/style><h1 class=\"elementor-heading-title elementor-size-default\">Primeros pasos para convertirse en tatuador profesional <\/h1>\t\t<\/div>\n\t\t\t\t<\/div>\n\t\t\t\t\t<\/div>\n\t\t\t\t<\/div>\n\t\t<div class=\"elementor-element elementor-element-a712e27 e-flex e-con-boxed e-con e-parent\" data-id=\"a712e27\" data-element_type=\"container\">\n\t\t\t\t\t<div class=\"e-con-inner\">\n\t\t<div class=\"elementor-element elementor-element-1b6d4f1 e-con-full e-flex e-con e-child\" data-id=\"1b6d4f1\" data-element_type=\"container\">\n\t\t\t\t<div class=\"elementor-element elementor-element-8b650d4 elementor-widget elementor-widget-heading\" data-id=\"8b650d4\" data-element_type=\"widget\" data-widget_type=\"heading.default\">\n\t\t\t\t<div class=\"elementor-widget-container\">\n\t\t\t<p class=\"elementor-heading-title elementor-size-default\">El tatuaje ha evolucionado de ser una subcultura a convertirse en una forma de arte altamente respetada y demandada en todo el mundo. Si sientes pasi\u00f3n por el arte del tatuaje y deseas convertirte en un tatuador profesional, es esencial comenzar con una base s\u00f3lida. En este art\u00edculo, te ofrecemos una gu\u00eda completa sobre los primeros pasos que debes seguir para iniciar tu carrera en el mundo del tatuaje.<\/p>\t\t<\/div>\n\t\t\t\t<\/div>\n\t\t\t\t<\/div>\n\t\t\t\t\t<\/div>\n\t\t\t\t<\/div>\n\t\t<div class=\"elementor-element elementor-element-6db2d8b e-flex e-con-boxed e-con e-parent\" data-id=\"6db2d8b\" data-element_type=\"container\">\n\t\t\t\t\t<div class=\"e-con-inner\">\n\t\t\t\t<div class=\"elementor-element elementor-element-b6774e5 elementor-widget elementor-widget-heading\" data-id=\"b6774e5\" data-element_type=\"widget\" data-widget_type=\"heading.default\">\n\t\t\t\t<div class=\"elementor-widget-container\">\n\t\t\t<h2 class=\"elementor-heading-title elementor-size-default\">Investigaci\u00f3n y Preparaci\u00f3n Inicial<\/h2>\t\t<\/div>\n\t\t\t\t<\/div>\n\t\t\t\t\t<\/div>\n\t\t\t\t<\/div>\n\t\t<div class=\"elementor-element elementor-element-392d4ba e-flex e-con-boxed e-con e-parent\" data-id=\"392d4ba\" data-element_type=\"container\">\n\t\t\t\t\t<div class=\"e-con-inner\">\n\t\t<div class=\"elementor-element elementor-element-0757bb3 e-con-full e-flex e-con e-child\" data-id=\"0757bb3\" data-element_type=\"container\">\n\t\t\t\t<div class=\"elementor-element elementor-element-27172c3 elementor-widget elementor-widget-heading\" data-id=\"27172c3\" data-element_type=\"widget\" data-widget_type=\"heading.default\">\n\t\t\t\t<div class=\"elementor-widget-container\">\n\t\t\t<p class=\"elementor-heading-title elementor-size-default\">Antes de empezar a tatuar, es fundamental que realices una investigaci\u00f3n exhaustiva sobre el arte del tatuaje. Examina el trabajo de tatuadores establecidos y experimentados para entender las t\u00e9cnicas y estilos que m\u00e1s te atraen. Esto te ayudar\u00e1 a definir tu enfoque y estilo personal. Adem\u00e1s, familiar\u00edzate con el equipo y los materiales que se utilizan en el tatuaje, como las m\u00e1quinas de tatuar, agujas, tintas y equipos de esterilizaci\u00f3n.<\/p>\t\t<\/div>\n\t\t\t\t<\/div>\n\t\t\t\t<\/div>\n\t\t\t\t\t<\/div>\n\t\t\t\t<\/div>\n\t\t<div class=\"elementor-element elementor-element-d5fb499 e-flex e-con-boxed e-con e-parent\" data-id=\"d5fb499\" data-element_type=\"container\">\n\t\t\t\t\t<div class=\"e-con-inner\">\n\t\t\t\t<div class=\"elementor-element elementor-element-0c7ba97 elementor-widget elementor-widget-heading\" data-id=\"0c7ba97\" data-element_type=\"widget\" data-widget_type=\"heading.default\">\n\t\t\t\t<div class=\"elementor-widget-container\">\n\t\t\t<h2 class=\"elementor-heading-title elementor-size-default\">Formaci\u00f3n Especializada<\/h2>\t\t<\/div>\n\t\t\t\t<\/div>\n\t\t\t\t\t<\/div>\n\t\t\t\t<\/div>\n\t\t<div class=\"elementor-element elementor-element-78a7838 e-flex e-con-boxed e-con e-parent\" data-id=\"78a7838\" data-element_type=\"container\">\n\t\t\t\t\t<div class=\"e-con-inner\">\n\t\t<div class=\"elementor-element elementor-element-76e13eb e-con-full e-flex e-con e-child\" data-id=\"76e13eb\" data-element_type=\"container\">\n\t\t\t\t<div class=\"elementor-element elementor-element-c71d619 elementor-widget elementor-widget-heading\" data-id=\"c71d619\" data-element_type=\"widget\" data-widget_type=\"heading.default\">\n\t\t\t\t<div class=\"elementor-widget-container\">\n\t\t\t<p class=\"elementor-heading-title elementor-size-default\">Invertir en una formaci\u00f3n adecuada es crucial para adquirir las habilidades necesarias y garantizar que tu trabajo sea profesional y seguro. Un curso de tatuaje especializado te proporcionar\u00e1 el conocimiento te\u00f3rico y pr\u00e1ctico necesario para comenzar. En nuestro curso, te ofrecemos formaci\u00f3n integral que cubre desde las t\u00e9cnicas b\u00e1sicas hasta las m\u00e1s avanzadas, incluyendo el uso de diferentes tipos de m\u00e1quinas y tintas, as\u00ed como procedimientos de higiene y seguridad.<\/p>\t\t<\/div>\n\t\t\t\t<\/div>\n\t\t\t\t<\/div>\n\t\t\t\t\t<\/div>\n\t\t\t\t<\/div>\n\t\t<div class=\"elementor-element elementor-element-83734f3 e-flex e-con-boxed e-con e-parent\" data-id=\"83734f3\" data-element_type=\"container\">\n\t\t\t\t\t<div class=\"e-con-inner\">\n\t\t\t\t<div class=\"elementor-element elementor-element-d5b09ca elementor-widget elementor-widget-heading\" data-id=\"d5b09ca\" data-element_type=\"widget\" data-widget_type=\"heading.default\">\n\t\t\t\t<div class=\"elementor-widget-container\">\n\t\t\t<h2 class=\"elementor-heading-title elementor-size-default\">Pr\u00e1ctica en Superficies Artificiales<\/h2>\t\t<\/div>\n\t\t\t\t<\/div>\n\t\t\t\t\t<\/div>\n\t\t\t\t<\/div>\n\t\t<div class=\"elementor-element elementor-element-fd79230 e-flex e-con-boxed e-con e-parent\" data-id=\"fd79230\" data-element_type=\"container\">\n\t\t\t\t\t<div class=\"e-con-inner\">\n\t\t<div class=\"elementor-element elementor-element-78f2fea e-con-full e-flex e-con e-child\" data-id=\"78f2fea\" data-element_type=\"container\">\n\t\t\t\t<div class=\"elementor-element elementor-element-3309a56 elementor-widget elementor-widget-heading\" data-id=\"3309a56\" data-element_type=\"widget\" data-widget_type=\"heading.default\">\n\t\t\t\t<div class=\"elementor-widget-container\">\n\t\t\t<p class=\"elementor-heading-title elementor-size-default\">La pr\u00e1ctica es esencial para perfeccionar tus habilidades antes de trabajar en piel real. Comienza practicando en superficies artificiales dise\u00f1adas para simular la piel humana. Esto te permitir\u00e1 familiarizarte con el manejo de la m\u00e1quina de tatuar, la aplicaci\u00f3n de tinta y el control del trazo. Es una etapa crucial para desarrollar precisi\u00f3n y confianza en tus habilidades.<\/p>\t\t<\/div>\n\t\t\t\t<\/div>\n\t\t\t\t<\/div>\n\t\t\t\t\t<\/div>\n\t\t\t\t<\/div>\n\t\t<div class=\"elementor-element elementor-element-9476cb1 e-flex e-con-boxed e-con e-parent\" data-id=\"9476cb1\" data-element_type=\"container\">\n\t\t\t\t\t<div class=\"e-con-inner\">\n\t\t\t\t<div class=\"elementor-element elementor-element-40a542c elementor-widget elementor-widget-heading\" data-id=\"40a542c\" data-element_type=\"widget\" data-widget_type=\"heading.default\">\n\t\t\t\t<div class=\"elementor-widget-container\">\n\t\t\t<h2 class=\"elementor-heading-title elementor-size-default\">Desarrollo de Habilidades de Dibujo<\/h2>\t\t<\/div>\n\t\t\t\t<\/div>\n\t\t\t\t\t<\/div>\n\t\t\t\t<\/div>\n\t\t<div class=\"elementor-element elementor-element-7894537 e-flex e-con-boxed e-con e-parent\" data-id=\"7894537\" data-element_type=\"container\">\n\t\t\t\t\t<div class=\"e-con-inner\">\n\t\t<div class=\"elementor-element elementor-element-73886be e-con-full e-flex e-con e-child\" data-id=\"73886be\" data-element_type=\"container\">\n\t\t\t\t<div class=\"elementor-element elementor-element-0170941 elementor-widget elementor-widget-heading\" data-id=\"0170941\" data-element_type=\"widget\" data-widget_type=\"heading.default\">\n\t\t\t\t<div class=\"elementor-widget-container\">\n\t\t\t<p class=\"elementor-heading-title elementor-size-default\">El arte del tatuaje no solo requiere habilidades t\u00e9cnicas, sino tambi\u00e9n un buen sentido del dise\u00f1o y la creatividad. Desarrolla tus habilidades de dibujo para crear dise\u00f1os atractivos y personalizados para tus clientes. Aprende a manejar el boceto, el claroscuro y la mezcla de colores para mejorar la calidad de tus tatuajes.<\/p>\t\t<\/div>\n\t\t\t\t<\/div>\n\t\t\t\t<\/div>\n\t\t\t\t\t<\/div>\n\t\t\t\t<\/div>\n\t\t<div class=\"elementor-element elementor-element-e3cdefd e-flex e-con-boxed e-con e-parent\" data-id=\"e3cdefd\" data-element_type=\"container\">\n\t\t\t\t\t<div class=\"e-con-inner\">\n\t\t\t\t<div class=\"elementor-element elementor-element-85a5ba9 elementor-widget elementor-widget-heading\" data-id=\"85a5ba9\" data-element_type=\"widget\" data-widget_type=\"heading.default\">\n\t\t\t\t<div class=\"elementor-widget-container\">\n\t\t\t<h2 class=\"elementor-heading-title elementor-size-default\">Conclusi\u00f3n<\/h2>\t\t<\/div>\n\t\t\t\t<\/div>\n\t\t\t\t\t<\/div>\n\t\t\t\t<\/div>\n\t\t<div class=\"elementor-element elementor-element-229a5ef e-flex e-con-boxed e-con e-parent\" data-id=\"229a5ef\" data-element_type=\"container\">\n\t\t\t\t\t<div class=\"e-con-inner\">\n\t\t<div class=\"elementor-element elementor-element-5b53557 e-con-full e-flex e-con e-child\" data-id=\"5b53557\" data-element_type=\"container\">\n\t\t\t\t<div class=\"elementor-element elementor-element-2d5d96a elementor-widget elementor-widget-heading\" data-id=\"2d5d96a\" data-element_type=\"widget\" data-widget_type=\"heading.default\">\n\t\t\t\t<div class=\"elementor-widget-container\">\n\t\t\t<p class=\"elementor-heading-title elementor-size-default\">Comenzar una carrera como tatuador requiere dedicaci\u00f3n, paciencia y formaci\u00f3n adecuada. Invertir en un curso especializado, practicar diligentemente y buscar oportunidades de aprendizaje te permitir\u00e1 desarrollar tus habilidades y construir una carrera exitosa. Con pasi\u00f3n y esfuerzo, puedes convertirte en un artista del tatuaje profesional y lograr tus objetivos en este emocionante campo. \u00a1Da el primer paso hoy y explora c\u00f3mo nuestro curso puede ayudarte a alcanzar tu sue\u00f1o de convertirte en tatuador!<\/p>\t\t<\/div>\n\t\t\t\t<\/div>\n\t\t\t\t<\/div>\n\t\t\t\t\t<\/div>\n\t\t\t\t<\/div>\n\t\t\t\t<\/div>\n\t\t","protected":false},"excerpt":{"rendered":"<p>Primeros pasos para convertirse en tatuador profesional El tatuaje ha evolucionado de ser una subcultura a convertirse&#8230;<\/p>\n","protected":false},"author":1,"featured_media":0,"parent":0,"menu_order":0,"comment_status":"closed","ping_status":"closed","template":"","meta":{"footnotes":""},"yoast_head":"<!-- This site is optimized with the Yoast SEO Premium plugin v22.7 (Yoast SEO v22.9) - https:\/\/yoast.com\/wordpress\/plugins\/seo\/ -->\n<title>Primeros pasos para convertirse en tatuador profesional - xtftattoo<\/title>\n<meta name=\"robots\" content=\"index, follow, max-snippet:-1, max-image-preview:large, max-video-preview:-1\" \/>\n<link rel=\"canonical\" href=\"https:\/\/xtftattoo.com\/index.php\/primeros-pasos-para-convertirse-en-tatuador-profesional\/\" \/>\n<meta property=\"og:locale\" content=\"es_ES\" \/>\n<meta property=\"og:type\" content=\"article\" \/>\n<meta property=\"og:title\" content=\"Primeros pasos para convertirse en tatuador profesional\" \/>\n<meta property=\"og:description\" content=\"Primeros pasos para convertirse en tatuador profesional El tatuaje ha evolucionado de ser una subcultura a convertirse...\" \/>\n<meta property=\"og:url\" content=\"https:\/\/xtftattoo.com\/index.php\/primeros-pasos-para-convertirse-en-tatuador-profesional\/\" \/>\n<meta property=\"og:site_name\" content=\"xtftattoo\" \/>\n<meta property=\"article:modified_time\" content=\"2024-08-07T11:59:37+00:00\" \/>\n<meta name=\"twitter:card\" content=\"summary_large_image\" \/>\n<meta name=\"twitter:label1\" content=\"Tiempo de lectura\" \/>\n\t<meta name=\"twitter:data1\" content=\"2 minutos\" \/>\n<script type=\"application\/ld+json\" class=\"yoast-schema-graph\">{\"@context\":\"https:\/\/schema.org\",\"@graph\":[{\"@type\":\"WebPage\",\"@id\":\"https:\/\/xtftattoo.com\/index.php\/primeros-pasos-para-convertirse-en-tatuador-profesional\/\",\"url\":\"https:\/\/xtftattoo.com\/index.php\/primeros-pasos-para-convertirse-en-tatuador-profesional\/\",\"name\":\"Primeros pasos para convertirse en tatuador profesional - xtftattoo\",\"isPartOf\":{\"@id\":\"https:\/\/xtftattoo.com\/#website\"},\"datePublished\":\"2024-08-07T11:55:27+00:00\",\"dateModified\":\"2024-08-07T11:59:37+00:00\",\"breadcrumb\":{\"@id\":\"https:\/\/xtftattoo.com\/index.php\/primeros-pasos-para-convertirse-en-tatuador-profesional\/#breadcrumb\"},\"inLanguage\":\"es\",\"potentialAction\":[{\"@type\":\"ReadAction\",\"target\":[\"https:\/\/xtftattoo.com\/index.php\/primeros-pasos-para-convertirse-en-tatuador-profesional\/\"]}]},{\"@type\":\"BreadcrumbList\",\"@id\":\"https:\/\/xtftattoo.com\/index.php\/primeros-pasos-para-convertirse-en-tatuador-profesional\/#breadcrumb\",\"itemListElement\":[{\"@type\":\"ListItem\",\"position\":1,\"name\":\"Portada\",\"item\":\"https:\/\/xtftattoo.com\/\"},{\"@type\":\"ListItem\",\"position\":2,\"name\":\"Primeros pasos para convertirse en tatuador profesional\"}]},{\"@type\":\"WebSite\",\"@id\":\"https:\/\/xtftattoo.com\/#website\",\"url\":\"https:\/\/xtftattoo.com\/\",\"name\":\"xtftattoo\",\"description\":\"\",\"publisher\":{\"@id\":\"https:\/\/xtftattoo.com\/#organization\"},\"potentialAction\":[{\"@type\":\"SearchAction\",\"target\":{\"@type\":\"EntryPoint\",\"urlTemplate\":\"https:\/\/xtftattoo.com\/?s={search_term_string}\"},\"query-input\":\"required name=search_term_string\"}],\"inLanguage\":\"es\"},{\"@type\":\"Organization\",\"@id\":\"https:\/\/xtftattoo.com\/#organization\",\"name\":\"xtftattoo\",\"url\":\"https:\/\/xtftattoo.com\/\",\"logo\":{\"@type\":\"ImageObject\",\"inLanguage\":\"es\",\"@id\":\"https:\/\/xtftattoo.com\/#\/schema\/logo\/image\/\",\"url\":\"https:\/\/xtftattoo.com\/wp-content\/uploads\/2024\/05\/LogoXandro-e1716470833493.png\",\"contentUrl\":\"https:\/\/xtftattoo.com\/wp-content\/uploads\/2024\/05\/LogoXandro-e1716470833493.png\",\"width\":95,\"height\":100,\"caption\":\"xtftattoo\"},\"image\":{\"@id\":\"https:\/\/xtftattoo.com\/#\/schema\/logo\/image\/\"}}]}<\/script>\n<!-- \/ Yoast SEO Premium plugin. -->","yoast_head_json":{"title":"Primeros pasos para convertirse en tatuador profesional - xtftattoo","robots":{"index":"index","follow":"follow","max-snippet":"max-snippet:-1","max-image-preview":"max-image-preview:large","max-video-preview":"max-video-preview:-1"},"canonical":"https:\/\/xtftattoo.com\/index.php\/primeros-pasos-para-convertirse-en-tatuador-profesional\/","og_locale":"es_ES","og_type":"article","og_title":"Primeros pasos para convertirse en tatuador profesional","og_description":"Primeros pasos para convertirse en tatuador profesional El tatuaje ha evolucionado de ser una subcultura a convertirse...","og_url":"https:\/\/xtftattoo.com\/index.php\/primeros-pasos-para-convertirse-en-tatuador-profesional\/","og_site_name":"xtftattoo","article_modified_time":"2024-08-07T11:59:37+00:00","twitter_card":"summary_large_image","twitter_misc":{"Tiempo de lectura":"2 minutos"},"schema":{"@context":"https:\/\/schema.org","@graph":[{"@type":"WebPage","@id":"https:\/\/xtftattoo.com\/index.php\/primeros-pasos-para-convertirse-en-tatuador-profesional\/","url":"https:\/\/xtftattoo.com\/index.php\/primeros-pasos-para-convertirse-en-tatuador-profesional\/","name":"Primeros pasos para convertirse en tatuador profesional - xtftattoo","isPartOf":{"@id":"https:\/\/xtftattoo.com\/#website"},"datePublished":"2024-08-07T11:55:27+00:00","dateModified":"2024-08-07T11:59:37+00:00","breadcrumb":{"@id":"https:\/\/xtftattoo.com\/index.php\/primeros-pasos-para-convertirse-en-tatuador-profesional\/#breadcrumb"},"inLanguage":"es","potentialAction":[{"@type":"ReadAction","target":["https:\/\/xtftattoo.com\/index.php\/primeros-pasos-para-convertirse-en-tatuador-profesional\/"]}]},{"@type":"BreadcrumbList","@id":"https:\/\/xtftattoo.com\/index.php\/primeros-pasos-para-convertirse-en-tatuador-profesional\/#breadcrumb","itemListElement":[{"@type":"ListItem","position":1,"name":"Portada","item":"https:\/\/xtftattoo.com\/"},{"@type":"ListItem","position":2,"name":"Primeros pasos para convertirse en tatuador profesional"}]},{"@type":"WebSite","@id":"https:\/\/xtftattoo.com\/#website","url":"https:\/\/xtftattoo.com\/","name":"xtftattoo","description":"","publisher":{"@id":"https:\/\/xtftattoo.com\/#organization"},"potentialAction":[{"@type":"SearchAction","target":{"@type":"EntryPoint","urlTemplate":"https:\/\/xtftattoo.com\/?s={search_term_string}"},"query-input":"required name=search_term_string"}],"inLanguage":"es"},{"@type":"Organization","@id":"https:\/\/xtftattoo.com\/#organization","name":"xtftattoo","url":"https:\/\/xtftattoo.com\/","logo":{"@type":"ImageObject","inLanguage":"es","@id":"https:\/\/xtftattoo.com\/#\/schema\/logo\/image\/","url":"https:\/\/xtftattoo.com\/wp-content\/uploads\/2024\/05\/LogoXandro-e1716470833493.png","contentUrl":"https:\/\/xtftattoo.com\/wp-content\/uploads\/2024\/05\/LogoXandro-e1716470833493.png","width":95,"height":100,"caption":"xtftattoo"},"image":{"@id":"https:\/\/xtftattoo.com\/#\/schema\/logo\/image\/"}}]}},"_links":{"self":[{"href":"https:\/\/xtftattoo.com\/index.php\/wp-json\/wp\/v2\/pages\/3398"}],"collection":[{"href":"https:\/\/xtftattoo.com\/index.php\/wp-json\/wp\/v2\/pages"}],"about":[{"href":"https:\/\/xtftattoo.com\/index.php\/wp-json\/wp\/v2\/types\/page"}],"author":[{"embeddable":true,"href":"https:\/\/xtftattoo.com\/index.php\/wp-json\/wp\/v2\/users\/1"}],"replies":[{"embeddable":true,"href":"https:\/\/xtftattoo.com\/index.php\/wp-json\/wp\/v2\/comments?post=3398"}],"version-history":[{"count":5,"href":"https:\/\/xtftattoo.com\/index.php\/wp-json\/wp\/v2\/pages\/3398\/revisions"}],"predecessor-version":[{"id":3403,"href":"https:\/\/xtftattoo.com\/index.php\/wp-json\/wp\/v2\/pages\/3398\/revisions\/3403"}],"wp:attachment":[{"href":"https:\/\/xtftattoo.com\/index.php\/wp-json\/wp\/v2\/media?parent=3398"}],"curies":[{"name":"wp","href":"https:\/\/api.w.org\/{rel}","templated":true}]}}