{"id":3059,"date":"2024-06-02T12:47:36","date_gmt":"2024-06-02T11:47:36","guid":{"rendered":"https:\/\/xtftattoo.com\/?post_type=product&#038;p=3059"},"modified":"2024-08-29T14:07:53","modified_gmt":"2024-08-29T13:07:53","slug":"realismo-color-tatuajes","status":"publish","type":"product","link":"https:\/\/xtftattoo.com\/index.php\/product\/realismo-color-tatuajes\/","title":{"rendered":"Realismo de color presencial"},"content":{"rendered":"","protected":false},"excerpt":{"rendered":"<p>Este seminario de un d\u00eda, que dura alrededor de 9 horas, consta de explicaci\u00f3n de como se hizo el dise\u00f1o, tips de como usar procreate o sketchup, que agujas se recomiendan en cada caso y la aplicaci\u00f3n del tatuaje, pudiendo hacer preguntas a lo largo del mismo e incluye un seguimiento online de como vas progresando en la perfecci\u00f3n de esta t\u00e9cnica, lleva tus dise\u00f1os y pigmentaci\u00f3n a un nivel superior con nuestro conocimiento. Este seminario en concreto ser\u00e1 impartido por @xandrotattoo.<\/p>\n","protected":false},"featured_media":3060,"comment_status":"open","ping_status":"closed","template":"","meta":[],"etheme_brands":[],"product_cat":[306],"product_tag":[],"yoast_head":"<!-- This site is optimized with the Yoast SEO Premium plugin v22.7 (Yoast SEO v22.9) - https:\/\/yoast.com\/wordpress\/plugins\/seo\/ -->\n<title>Realismo de color en tatuajes<\/title>\n<meta name=\"description\" content=\"Descubre t\u00e9cnicas de realismo de color en tatuajes para lograr dise\u00f1os vibrantes y detallados. Nuestros productos y equipos especializados para tatuadores\" \/>\n<meta name=\"robots\" content=\"index, follow, max-snippet:-1, max-image-preview:large, max-video-preview:-1\" \/>\n<link rel=\"canonical\" href=\"https:\/\/xtftattoo.com\/index.php\/product\/realismo-color-tatuajes\/\" \/>\n<meta property=\"og:locale\" content=\"es_ES\" \/>\n<meta property=\"og:type\" content=\"article\" \/>\n<meta property=\"og:title\" content=\"Realismo de color presencial\" \/>\n<meta property=\"og:description\" content=\"Descubre t\u00e9cnicas de realismo de color en tatuajes para lograr dise\u00f1os vibrantes y detallados. Nuestros productos y equipos especializados para tatuadores\" \/>\n<meta property=\"og:url\" content=\"https:\/\/xtftattoo.com\/index.php\/product\/realismo-color-tatuajes\/\" \/>\n<meta property=\"og:site_name\" content=\"xtftattoo\" \/>\n<meta property=\"article:modified_time\" content=\"2024-08-29T13:07:53+00:00\" \/>\n<meta property=\"og:image\" content=\"https:\/\/xtftattoo.com\/wp-content\/uploads\/2024\/06\/C0E91145-B66D-41C0-A3C9-F64AB5F5A539.png\" \/>\n\t<meta property=\"og:image:width\" content=\"600\" \/>\n\t<meta property=\"og:image:height\" content=\"600\" \/>\n\t<meta property=\"og:image:type\" content=\"image\/png\" \/>\n<meta name=\"twitter:card\" content=\"summary_large_image\" \/>\n<meta name=\"twitter:label1\" content=\"Precio\" \/>\n\t<meta name=\"twitter:data1\" content=\"&euro;300.00 IVA no incluido\" \/>\n\t<meta name=\"twitter:label2\" content=\"Disponibilidad\" \/>\n\t<meta name=\"twitter:data2\" content=\"Disponible\" \/>\n<script type=\"application\/ld+json\" class=\"yoast-schema-graph\">{\"@context\":\"https:\/\/schema.org\",\"@graph\":[{\"@type\":\"WebPage\",\"@id\":\"https:\/\/xtftattoo.com\/index.php\/product\/realismo-color-tatuajes\/\",\"url\":\"https:\/\/xtftattoo.com\/index.php\/product\/realismo-color-tatuajes\/\",\"name\":\"Realismo de color en tatuajes\",\"isPartOf\":{\"@id\":\"https:\/\/xtftattoo.com\/#website\"},\"primaryImageOfPage\":{\"@id\":\"https:\/\/xtftattoo.com\/index.php\/product\/realismo-color-tatuajes\/#primaryimage\"},\"image\":{\"@id\":\"https:\/\/xtftattoo.com\/index.php\/product\/realismo-color-tatuajes\/#primaryimage\"},\"thumbnailUrl\":\"https:\/\/xtftattoo.com\/wp-content\/uploads\/2024\/06\/C0E91145-B66D-41C0-A3C9-F64AB5F5A539.png\",\"datePublished\":\"2024-06-02T11:47:36+00:00\",\"dateModified\":\"2024-08-29T13:07:53+00:00\",\"description\":\"Descubre t\u00e9cnicas de realismo de color en tatuajes para lograr dise\u00f1os vibrantes y detallados. Nuestros productos y equipos especializados para tatuadores\",\"breadcrumb\":{\"@id\":\"https:\/\/xtftattoo.com\/index.php\/product\/realismo-color-tatuajes\/#breadcrumb\"},\"inLanguage\":\"es\",\"potentialAction\":[{\"@type\":\"ReadAction\",\"target\":[\"https:\/\/xtftattoo.com\/index.php\/product\/realismo-color-tatuajes\/\"]}]},{\"@type\":\"ImageObject\",\"inLanguage\":\"es\",\"@id\":\"https:\/\/xtftattoo.com\/index.php\/product\/realismo-color-tatuajes\/#primaryimage\",\"url\":\"https:\/\/xtftattoo.com\/wp-content\/uploads\/2024\/06\/C0E91145-B66D-41C0-A3C9-F64AB5F5A539.png\",\"contentUrl\":\"https:\/\/xtftattoo.com\/wp-content\/uploads\/2024\/06\/C0E91145-B66D-41C0-A3C9-F64AB5F5A539.png\",\"width\":600,\"height\":600,\"caption\":\"Realismo de color en tatuajes\"},{\"@type\":\"BreadcrumbList\",\"@id\":\"https:\/\/xtftattoo.com\/index.php\/product\/realismo-color-tatuajes\/#breadcrumb\",\"itemListElement\":[{\"@type\":\"ListItem\",\"position\":1,\"name\":\"Portada\",\"item\":\"https:\/\/xtftattoo.com\/\"},{\"@type\":\"ListItem\",\"position\":2,\"name\":\"Tienda\",\"item\":\"https:\/\/xtftattoo.com\/index.php\/tienda\/\"},{\"@type\":\"ListItem\",\"position\":3,\"name\":\"Realismo de color presencial\"}]},{\"@type\":\"WebSite\",\"@id\":\"https:\/\/xtftattoo.com\/#website\",\"url\":\"https:\/\/xtftattoo.com\/\",\"name\":\"xtftattoo\",\"description\":\"\",\"publisher\":{\"@id\":\"https:\/\/xtftattoo.com\/#organization\"},\"potentialAction\":[{\"@type\":\"SearchAction\",\"target\":{\"@type\":\"EntryPoint\",\"urlTemplate\":\"https:\/\/xtftattoo.com\/?s={search_term_string}\"},\"query-input\":\"required name=search_term_string\"}],\"inLanguage\":\"es\"},{\"@type\":\"Organization\",\"@id\":\"https:\/\/xtftattoo.com\/#organization\",\"name\":\"xtftattoo\",\"url\":\"https:\/\/xtftattoo.com\/\",\"logo\":{\"@type\":\"ImageObject\",\"inLanguage\":\"es\",\"@id\":\"https:\/\/xtftattoo.com\/#\/schema\/logo\/image\/\",\"url\":\"https:\/\/xtftattoo.com\/wp-content\/uploads\/2024\/05\/LogoXandro-e1716470833493.png\",\"contentUrl\":\"https:\/\/xtftattoo.com\/wp-content\/uploads\/2024\/05\/LogoXandro-e1716470833493.png\",\"width\":95,\"height\":100,\"caption\":\"xtftattoo\"},\"image\":{\"@id\":\"https:\/\/xtftattoo.com\/#\/schema\/logo\/image\/\"}}]}<\/script>\n<meta property=\"product:price:amount\" content=\"300.00\" \/>\n<meta property=\"product:price:currency\" content=\"EUR\" \/>\n<meta property=\"og:availability\" content=\"instock\" \/>\n<meta property=\"product:availability\" content=\"instock\" \/>\n<meta property=\"product:condition\" content=\"new\" \/>\n<!-- \/ Yoast SEO Premium plugin. -->","yoast_head_json":{"title":"Realismo de color en tatuajes","description":"Descubre t\u00e9cnicas de realismo de color en tatuajes para lograr dise\u00f1os vibrantes y detallados. Nuestros productos y equipos especializados para tatuadores","robots":{"index":"index","follow":"follow","max-snippet":"max-snippet:-1","max-image-preview":"max-image-preview:large","max-video-preview":"max-video-preview:-1"},"canonical":"https:\/\/xtftattoo.com\/index.php\/product\/realismo-color-tatuajes\/","og_locale":"es_ES","og_type":"article","og_title":"Realismo de color presencial","og_description":"Descubre t\u00e9cnicas de realismo de color en tatuajes para lograr dise\u00f1os vibrantes y detallados. Nuestros productos y equipos especializados para tatuadores","og_url":"https:\/\/xtftattoo.com\/index.php\/product\/realismo-color-tatuajes\/","og_site_name":"xtftattoo","article_modified_time":"2024-08-29T13:07:53+00:00","og_image":[{"width":600,"height":600,"url":"https:\/\/xtftattoo.com\/wp-content\/uploads\/2024\/06\/C0E91145-B66D-41C0-A3C9-F64AB5F5A539.png","type":"image\/png"}],"twitter_card":"summary_large_image","twitter_misc":{"Precio":"&euro;300.00 IVA no incluido","Disponibilidad":"Disponible"},"schema":{"@context":"https:\/\/schema.org","@graph":[{"@type":"WebPage","@id":"https:\/\/xtftattoo.com\/index.php\/product\/realismo-color-tatuajes\/","url":"https:\/\/xtftattoo.com\/index.php\/product\/realismo-color-tatuajes\/","name":"Realismo de color en tatuajes","isPartOf":{"@id":"https:\/\/xtftattoo.com\/#website"},"primaryImageOfPage":{"@id":"https:\/\/xtftattoo.com\/index.php\/product\/realismo-color-tatuajes\/#primaryimage"},"image":{"@id":"https:\/\/xtftattoo.com\/index.php\/product\/realismo-color-tatuajes\/#primaryimage"},"thumbnailUrl":"https:\/\/xtftattoo.com\/wp-content\/uploads\/2024\/06\/C0E91145-B66D-41C0-A3C9-F64AB5F5A539.png","datePublished":"2024-06-02T11:47:36+00:00","dateModified":"2024-08-29T13:07:53+00:00","description":"Descubre t\u00e9cnicas de realismo de color en tatuajes para lograr dise\u00f1os vibrantes y detallados. Nuestros productos y equipos especializados para tatuadores","breadcrumb":{"@id":"https:\/\/xtftattoo.com\/index.php\/product\/realismo-color-tatuajes\/#breadcrumb"},"inLanguage":"es","potentialAction":[{"@type":"ReadAction","target":["https:\/\/xtftattoo.com\/index.php\/product\/realismo-color-tatuajes\/"]}]},{"@type":"ImageObject","inLanguage":"es","@id":"https:\/\/xtftattoo.com\/index.php\/product\/realismo-color-tatuajes\/#primaryimage","url":"https:\/\/xtftattoo.com\/wp-content\/uploads\/2024\/06\/C0E91145-B66D-41C0-A3C9-F64AB5F5A539.png","contentUrl":"https:\/\/xtftattoo.com\/wp-content\/uploads\/2024\/06\/C0E91145-B66D-41C0-A3C9-F64AB5F5A539.png","width":600,"height":600,"caption":"Realismo de color en tatuajes"},{"@type":"BreadcrumbList","@id":"https:\/\/xtftattoo.com\/index.php\/product\/realismo-color-tatuajes\/#breadcrumb","itemListElement":[{"@type":"ListItem","position":1,"name":"Portada","item":"https:\/\/xtftattoo.com\/"},{"@type":"ListItem","position":2,"name":"Tienda","item":"https:\/\/xtftattoo.com\/index.php\/tienda\/"},{"@type":"ListItem","position":3,"name":"Realismo de color presencial"}]},{"@type":"WebSite","@id":"https:\/\/xtftattoo.com\/#website","url":"https:\/\/xtftattoo.com\/","name":"xtftattoo","description":"","publisher":{"@id":"https:\/\/xtftattoo.com\/#organization"},"potentialAction":[{"@type":"SearchAction","target":{"@type":"EntryPoint","urlTemplate":"https:\/\/xtftattoo.com\/?s={search_term_string}"},"query-input":"required name=search_term_string"}],"inLanguage":"es"},{"@type":"Organization","@id":"https:\/\/xtftattoo.com\/#organization","name":"xtftattoo","url":"https:\/\/xtftattoo.com\/","logo":{"@type":"ImageObject","inLanguage":"es","@id":"https:\/\/xtftattoo.com\/#\/schema\/logo\/image\/","url":"https:\/\/xtftattoo.com\/wp-content\/uploads\/2024\/05\/LogoXandro-e1716470833493.png","contentUrl":"https:\/\/xtftattoo.com\/wp-content\/uploads\/2024\/05\/LogoXandro-e1716470833493.png","width":95,"height":100,"caption":"xtftattoo"},"image":{"@id":"https:\/\/xtftattoo.com\/#\/schema\/logo\/image\/"}}]},"product_price_amount":"300.00","product_price_currency":"EUR","og_availability":"instock","product_availability":"instock","product_condition":"new"},"_links":{"self":[{"href":"https:\/\/xtftattoo.com\/index.php\/wp-json\/wp\/v2\/product\/3059"}],"collection":[{"href":"https:\/\/xtftattoo.com\/index.php\/wp-json\/wp\/v2\/product"}],"about":[{"href":"https:\/\/xtftattoo.com\/index.php\/wp-json\/wp\/v2\/types\/product"}],"replies":[{"embeddable":true,"href":"https:\/\/xtftattoo.com\/index.php\/wp-json\/wp\/v2\/comments?post=3059"}],"version-history":[{"count":11,"href":"https:\/\/xtftattoo.com\/index.php\/wp-json\/wp\/v2\/product\/3059\/revisions"}],"predecessor-version":[{"id":3703,"href":"https:\/\/xtftattoo.com\/index.php\/wp-json\/wp\/v2\/product\/3059\/revisions\/3703"}],"wp:featuredmedia":[{"embeddable":true,"href":"https:\/\/xtftattoo.com\/index.php\/wp-json\/wp\/v2\/media\/3060"}],"wp:attachment":[{"href":"https:\/\/xtftattoo.com\/index.php\/wp-json\/wp\/v2\/media?parent=3059"}],"wp:term":[{"taxonomy":"brand","embeddable":true,"href":"https:\/\/xtftattoo.com\/index.php\/wp-json\/wp\/v2\/etheme_brands?post=3059"},{"taxonomy":"product_cat","embeddable":true,"href":"https:\/\/xtftattoo.com\/index.php\/wp-json\/wp\/v2\/product_cat?post=3059"},{"taxonomy":"product_tag","embeddable":true,"href":"https:\/\/xtftattoo.com\/index.php\/wp-json\/wp\/v2\/product_tag?post=3059"}],"curies":[{"name":"wp","href":"https:\/\/api.w.org\/{rel}","templated":true}]}}