{"id":3209,"date":"2024-07-09T21:55:08","date_gmt":"2024-07-09T20:55:08","guid":{"rendered":"https:\/\/xtftattoo.com\/?post_type=product&#038;p=3209"},"modified":"2024-08-28T19:31:28","modified_gmt":"2024-08-28T18:31:28","slug":"apoyabrazos-tatuadores","status":"publish","type":"product","link":"https:\/\/xtftattoo.com\/index.php\/product\/apoyabrazos-tatuadores\/","title":{"rendered":"Apoyabrazos"},"content":{"rendered":"<p>Nuestro apoyabrazos profesional para tatuadores est\u00e1 dise\u00f1ado para ofrecer un soporte \u00f3ptimo y mejorar la comodidad durante largas sesiones de trabajo. Son ideales para ajustar la postura del cliente, permitiendo un trabajo m\u00e1s preciso y eficiente.<\/p>\n<p>Estos apoyabrazos son fundamentales en cualquier estudio de tatuajes profesional. Est\u00e1n fabricados con materiales duraderos y de alta calidad. Aseguran una experiencia de trabajo c\u00f3moda tanto para tatuadores como para clientes, mejorando el servicio y el resultado final.<\/p>\n","protected":false},"excerpt":{"rendered":"<p>Apoyabrazos profesional para tatuadores, dise\u00f1ado para proporcionar soporte y comodidad, optimizando la postura del cliente. Facilita el trabajo al permitir mayor precisi\u00f3n y estabilidad durante el proceso.<\/p>\n","protected":false},"featured_media":3210,"comment_status":"open","ping_status":"closed","template":"","meta":[],"etheme_brands":[{"term_id":323,"name":"TAIDU","slug":"taidu","term_group":0,"term_taxonomy_id":323,"taxonomy":"brand","description":"","parent":0,"count":5,"filter":"raw"}],"product_cat":[322],"product_tag":[],"yoast_head":"<!-- This site is optimized with the Yoast SEO Premium plugin v22.7 (Yoast SEO v22.9) - https:\/\/yoast.com\/wordpress\/plugins\/seo\/ -->\n<title>Apoyabrazos profesional para tatuadores<\/title>\n<meta name=\"description\" content=\"Apoyabrazos profesional para tatuadores, dise\u00f1ado para ofrecer soporte y comodidad durante el trabajo. Ideal para mejorar la postura del cliente.\" \/>\n<meta name=\"robots\" content=\"index, follow, max-snippet:-1, max-image-preview:large, max-video-preview:-1\" \/>\n<link rel=\"canonical\" href=\"https:\/\/xtftattoo.com\/index.php\/product\/apoyabrazos-tatuadores\/\" \/>\n<meta property=\"og:locale\" content=\"es_ES\" \/>\n<meta property=\"og:type\" content=\"article\" \/>\n<meta property=\"og:title\" content=\"Apoyabrazos\" \/>\n<meta property=\"og:description\" content=\"Apoyabrazos profesional para tatuadores, dise\u00f1ado para ofrecer soporte y comodidad durante el trabajo. Ideal para mejorar la postura del cliente.\" \/>\n<meta property=\"og:url\" content=\"https:\/\/xtftattoo.com\/index.php\/product\/apoyabrazos-tatuadores\/\" \/>\n<meta property=\"og:site_name\" content=\"xtftattoo\" \/>\n<meta property=\"article:modified_time\" content=\"2024-08-28T18:31:28+00:00\" \/>\n<meta property=\"og:image\" content=\"https:\/\/xtftattoo.com\/wp-content\/uploads\/2024\/07\/af63780ec3ac03de26ae3821fab84e35.jpg\" \/>\n\t<meta property=\"og:image:width\" content=\"800\" \/>\n\t<meta property=\"og:image:height\" content=\"800\" \/>\n\t<meta property=\"og:image:type\" content=\"image\/jpeg\" \/>\n<meta name=\"twitter:card\" content=\"summary_large_image\" \/>\n<meta name=\"twitter:label1\" content=\"Precio\" \/>\n\t<meta name=\"twitter:data1\" content=\"&euro;199.00 IVA no incluido\" \/>\n\t<meta name=\"twitter:label2\" content=\"Disponibilidad\" \/>\n\t<meta name=\"twitter:data2\" content=\"Disponible\" \/>\n<script type=\"application\/ld+json\" class=\"yoast-schema-graph\">{\"@context\":\"https:\/\/schema.org\",\"@graph\":[{\"@type\":\"WebPage\",\"@id\":\"https:\/\/xtftattoo.com\/index.php\/product\/apoyabrazos-tatuadores\/\",\"url\":\"https:\/\/xtftattoo.com\/index.php\/product\/apoyabrazos-tatuadores\/\",\"name\":\"Apoyabrazos profesional para tatuadores\",\"isPartOf\":{\"@id\":\"https:\/\/xtftattoo.com\/#website\"},\"primaryImageOfPage\":{\"@id\":\"https:\/\/xtftattoo.com\/index.php\/product\/apoyabrazos-tatuadores\/#primaryimage\"},\"image\":{\"@id\":\"https:\/\/xtftattoo.com\/index.php\/product\/apoyabrazos-tatuadores\/#primaryimage\"},\"thumbnailUrl\":\"https:\/\/xtftattoo.com\/wp-content\/uploads\/2024\/07\/af63780ec3ac03de26ae3821fab84e35.jpg\",\"datePublished\":\"2024-07-09T20:55:08+00:00\",\"dateModified\":\"2024-08-28T18:31:28+00:00\",\"description\":\"Apoyabrazos profesional para tatuadores, dise\u00f1ado para ofrecer soporte y comodidad durante el trabajo. Ideal para mejorar la postura del cliente.\",\"breadcrumb\":{\"@id\":\"https:\/\/xtftattoo.com\/index.php\/product\/apoyabrazos-tatuadores\/#breadcrumb\"},\"inLanguage\":\"es\",\"potentialAction\":[{\"@type\":\"ReadAction\",\"target\":[\"https:\/\/xtftattoo.com\/index.php\/product\/apoyabrazos-tatuadores\/\"]}]},{\"@type\":\"ImageObject\",\"inLanguage\":\"es\",\"@id\":\"https:\/\/xtftattoo.com\/index.php\/product\/apoyabrazos-tatuadores\/#primaryimage\",\"url\":\"https:\/\/xtftattoo.com\/wp-content\/uploads\/2024\/07\/af63780ec3ac03de26ae3821fab84e35.jpg\",\"contentUrl\":\"https:\/\/xtftattoo.com\/wp-content\/uploads\/2024\/07\/af63780ec3ac03de26ae3821fab84e35.jpg\",\"width\":800,\"height\":800,\"caption\":\"Apoyabrazos para tatuadores\"},{\"@type\":\"BreadcrumbList\",\"@id\":\"https:\/\/xtftattoo.com\/index.php\/product\/apoyabrazos-tatuadores\/#breadcrumb\",\"itemListElement\":[{\"@type\":\"ListItem\",\"position\":1,\"name\":\"Portada\",\"item\":\"https:\/\/xtftattoo.com\/\"},{\"@type\":\"ListItem\",\"position\":2,\"name\":\"Tienda\",\"item\":\"https:\/\/xtftattoo.com\/index.php\/tienda\/\"},{\"@type\":\"ListItem\",\"position\":3,\"name\":\"Apoyabrazos\"}]},{\"@type\":\"WebSite\",\"@id\":\"https:\/\/xtftattoo.com\/#website\",\"url\":\"https:\/\/xtftattoo.com\/\",\"name\":\"xtftattoo\",\"description\":\"\",\"publisher\":{\"@id\":\"https:\/\/xtftattoo.com\/#organization\"},\"potentialAction\":[{\"@type\":\"SearchAction\",\"target\":{\"@type\":\"EntryPoint\",\"urlTemplate\":\"https:\/\/xtftattoo.com\/?s={search_term_string}\"},\"query-input\":\"required name=search_term_string\"}],\"inLanguage\":\"es\"},{\"@type\":\"Organization\",\"@id\":\"https:\/\/xtftattoo.com\/#organization\",\"name\":\"xtftattoo\",\"url\":\"https:\/\/xtftattoo.com\/\",\"logo\":{\"@type\":\"ImageObject\",\"inLanguage\":\"es\",\"@id\":\"https:\/\/xtftattoo.com\/#\/schema\/logo\/image\/\",\"url\":\"https:\/\/xtftattoo.com\/wp-content\/uploads\/2024\/05\/LogoXandro-e1716470833493.png\",\"contentUrl\":\"https:\/\/xtftattoo.com\/wp-content\/uploads\/2024\/05\/LogoXandro-e1716470833493.png\",\"width\":95,\"height\":100,\"caption\":\"xtftattoo\"},\"image\":{\"@id\":\"https:\/\/xtftattoo.com\/#\/schema\/logo\/image\/\"}}]}<\/script>\n<meta property=\"product:price:amount\" content=\"199.00\" \/>\n<meta property=\"product:price:currency\" content=\"EUR\" \/>\n<meta property=\"og:availability\" content=\"instock\" \/>\n<meta property=\"product:availability\" content=\"instock\" \/>\n<meta property=\"product:retailer_item_id\" content=\"3209\" \/>\n<meta property=\"product:condition\" content=\"new\" \/>\n<!-- \/ Yoast SEO Premium plugin. -->","yoast_head_json":{"title":"Apoyabrazos profesional para tatuadores","description":"Apoyabrazos profesional para tatuadores, dise\u00f1ado para ofrecer soporte y comodidad durante el trabajo. Ideal para mejorar la postura del cliente.","robots":{"index":"index","follow":"follow","max-snippet":"max-snippet:-1","max-image-preview":"max-image-preview:large","max-video-preview":"max-video-preview:-1"},"canonical":"https:\/\/xtftattoo.com\/index.php\/product\/apoyabrazos-tatuadores\/","og_locale":"es_ES","og_type":"article","og_title":"Apoyabrazos","og_description":"Apoyabrazos profesional para tatuadores, dise\u00f1ado para ofrecer soporte y comodidad durante el trabajo. Ideal para mejorar la postura del cliente.","og_url":"https:\/\/xtftattoo.com\/index.php\/product\/apoyabrazos-tatuadores\/","og_site_name":"xtftattoo","article_modified_time":"2024-08-28T18:31:28+00:00","og_image":[{"width":800,"height":800,"url":"https:\/\/xtftattoo.com\/wp-content\/uploads\/2024\/07\/af63780ec3ac03de26ae3821fab84e35.jpg","type":"image\/jpeg"}],"twitter_card":"summary_large_image","twitter_misc":{"Precio":"&euro;199.00 IVA no incluido","Disponibilidad":"Disponible"},"schema":{"@context":"https:\/\/schema.org","@graph":[{"@type":"WebPage","@id":"https:\/\/xtftattoo.com\/index.php\/product\/apoyabrazos-tatuadores\/","url":"https:\/\/xtftattoo.com\/index.php\/product\/apoyabrazos-tatuadores\/","name":"Apoyabrazos profesional para tatuadores","isPartOf":{"@id":"https:\/\/xtftattoo.com\/#website"},"primaryImageOfPage":{"@id":"https:\/\/xtftattoo.com\/index.php\/product\/apoyabrazos-tatuadores\/#primaryimage"},"image":{"@id":"https:\/\/xtftattoo.com\/index.php\/product\/apoyabrazos-tatuadores\/#primaryimage"},"thumbnailUrl":"https:\/\/xtftattoo.com\/wp-content\/uploads\/2024\/07\/af63780ec3ac03de26ae3821fab84e35.jpg","datePublished":"2024-07-09T20:55:08+00:00","dateModified":"2024-08-28T18:31:28+00:00","description":"Apoyabrazos profesional para tatuadores, dise\u00f1ado para ofrecer soporte y comodidad durante el trabajo. Ideal para mejorar la postura del cliente.","breadcrumb":{"@id":"https:\/\/xtftattoo.com\/index.php\/product\/apoyabrazos-tatuadores\/#breadcrumb"},"inLanguage":"es","potentialAction":[{"@type":"ReadAction","target":["https:\/\/xtftattoo.com\/index.php\/product\/apoyabrazos-tatuadores\/"]}]},{"@type":"ImageObject","inLanguage":"es","@id":"https:\/\/xtftattoo.com\/index.php\/product\/apoyabrazos-tatuadores\/#primaryimage","url":"https:\/\/xtftattoo.com\/wp-content\/uploads\/2024\/07\/af63780ec3ac03de26ae3821fab84e35.jpg","contentUrl":"https:\/\/xtftattoo.com\/wp-content\/uploads\/2024\/07\/af63780ec3ac03de26ae3821fab84e35.jpg","width":800,"height":800,"caption":"Apoyabrazos para tatuadores"},{"@type":"BreadcrumbList","@id":"https:\/\/xtftattoo.com\/index.php\/product\/apoyabrazos-tatuadores\/#breadcrumb","itemListElement":[{"@type":"ListItem","position":1,"name":"Portada","item":"https:\/\/xtftattoo.com\/"},{"@type":"ListItem","position":2,"name":"Tienda","item":"https:\/\/xtftattoo.com\/index.php\/tienda\/"},{"@type":"ListItem","position":3,"name":"Apoyabrazos"}]},{"@type":"WebSite","@id":"https:\/\/xtftattoo.com\/#website","url":"https:\/\/xtftattoo.com\/","name":"xtftattoo","description":"","publisher":{"@id":"https:\/\/xtftattoo.com\/#organization"},"potentialAction":[{"@type":"SearchAction","target":{"@type":"EntryPoint","urlTemplate":"https:\/\/xtftattoo.com\/?s={search_term_string}"},"query-input":"required name=search_term_string"}],"inLanguage":"es"},{"@type":"Organization","@id":"https:\/\/xtftattoo.com\/#organization","name":"xtftattoo","url":"https:\/\/xtftattoo.com\/","logo":{"@type":"ImageObject","inLanguage":"es","@id":"https:\/\/xtftattoo.com\/#\/schema\/logo\/image\/","url":"https:\/\/xtftattoo.com\/wp-content\/uploads\/2024\/05\/LogoXandro-e1716470833493.png","contentUrl":"https:\/\/xtftattoo.com\/wp-content\/uploads\/2024\/05\/LogoXandro-e1716470833493.png","width":95,"height":100,"caption":"xtftattoo"},"image":{"@id":"https:\/\/xtftattoo.com\/#\/schema\/logo\/image\/"}}]},"product_price_amount":"199.00","product_price_currency":"EUR","og_availability":"instock","product_availability":"instock","product_retailer_item_id":"3209","product_condition":"new"},"_links":{"self":[{"href":"https:\/\/xtftattoo.com\/index.php\/wp-json\/wp\/v2\/product\/3209"}],"collection":[{"href":"https:\/\/xtftattoo.com\/index.php\/wp-json\/wp\/v2\/product"}],"about":[{"href":"https:\/\/xtftattoo.com\/index.php\/wp-json\/wp\/v2\/types\/product"}],"replies":[{"embeddable":true,"href":"https:\/\/xtftattoo.com\/index.php\/wp-json\/wp\/v2\/comments?post=3209"}],"version-history":[{"count":5,"href":"https:\/\/xtftattoo.com\/index.php\/wp-json\/wp\/v2\/product\/3209\/revisions"}],"predecessor-version":[{"id":3497,"href":"https:\/\/xtftattoo.com\/index.php\/wp-json\/wp\/v2\/product\/3209\/revisions\/3497"}],"wp:featuredmedia":[{"embeddable":true,"href":"https:\/\/xtftattoo.com\/index.php\/wp-json\/wp\/v2\/media\/3210"}],"wp:attachment":[{"href":"https:\/\/xtftattoo.com\/index.php\/wp-json\/wp\/v2\/media?parent=3209"}],"wp:term":[{"taxonomy":"brand","embeddable":true,"href":"https:\/\/xtftattoo.com\/index.php\/wp-json\/wp\/v2\/etheme_brands?post=3209"},{"taxonomy":"product_cat","embeddable":true,"href":"https:\/\/xtftattoo.com\/index.php\/wp-json\/wp\/v2\/product_cat?post=3209"},{"taxonomy":"product_tag","embeddable":true,"href":"https:\/\/xtftattoo.com\/index.php\/wp-json\/wp\/v2\/product_tag?post=3209"}],"curies":[{"name":"wp","href":"https:\/\/api.w.org\/{rel}","templated":true}]}}