{"id":3571,"date":"2024-08-28T20:04:13","date_gmt":"2024-08-28T19:04:13","guid":{"rendered":"https:\/\/xtftattoo.com\/?post_type=product&#038;p=3571"},"modified":"2024-08-28T23:53:32","modified_gmt":"2024-08-28T22:53:32","slug":"lampara-pared-soporte-tablet","status":"publish","type":"product","link":"https:\/\/xtftattoo.com\/index.php\/product\/lampara-pared-soporte-tablet\/","title":{"rendered":"Lampara de pared con soporte de Tablet"},"content":{"rendered":"<p>Mejora tu espacio de trabajo con nuestra l\u00e1mpara de pared, que cuenta con un soporte integrado para tablet. Esta l\u00e1mpara ofrece iluminaci\u00f3n ajustable, permitiendo adaptar la luz seg\u00fan tus necesidades espec\u00edficas y tareas, proporcionando siempre la intensidad adecuada.<\/p>\n<p>El soporte para tablet asegura comodidad y accesibilidad, manteni\u00e9ndola siempre a la vista y al alcance. Ideal para estudios de tatuaje, facilita una visualizaci\u00f3n clara y eficiente, mejorando la precisi\u00f3n y la comodidad durante las sesiones, y optimizando el entorno de trabajo para los tatuadores.<\/p>\n","protected":false},"excerpt":{"rendered":"<p>L\u00e1mpara de pared vers\u00e1til con soporte para tablet, ideal para estudios de tatuaje. Ofrece iluminaci\u00f3n ajustable y acceso f\u00e1cil a la tablet para una visualizaci\u00f3n \u00f3ptima.<\/p>\n","protected":false},"featured_media":3572,"comment_status":"open","ping_status":"closed","template":"","meta":[],"etheme_brands":[{"term_id":323,"name":"TAIDU","slug":"taidu","term_group":0,"term_taxonomy_id":323,"taxonomy":"brand","description":"","parent":0,"count":5,"filter":"raw"}],"product_cat":[322],"product_tag":[],"yoast_head":"<!-- This site is optimized with the Yoast SEO Premium plugin v22.7 (Yoast SEO v22.9) - https:\/\/yoast.com\/wordpress\/plugins\/seo\/ -->\n<title>L\u00e1mpara de Pared con Soporte de Tablet<\/title>\n<meta name=\"description\" content=\"Optimiza tu espacio de trabajo con nuestra l\u00e1mpara de pared con soporte para tablet. Perfecta para iluminar y gestionar tus referencias digitales.\" \/>\n<meta name=\"robots\" content=\"index, follow, max-snippet:-1, max-image-preview:large, max-video-preview:-1\" \/>\n<link rel=\"canonical\" href=\"https:\/\/xtftattoo.com\/index.php\/product\/lampara-pared-soporte-tablet\/\" \/>\n<meta property=\"og:locale\" content=\"es_ES\" \/>\n<meta property=\"og:type\" content=\"article\" \/>\n<meta property=\"og:title\" content=\"Lampara de pared con soporte de Tablet\" \/>\n<meta property=\"og:description\" content=\"Optimiza tu espacio de trabajo con nuestra l\u00e1mpara de pared con soporte para tablet. Perfecta para iluminar y gestionar tus referencias digitales.\" \/>\n<meta property=\"og:url\" content=\"https:\/\/xtftattoo.com\/index.php\/product\/lampara-pared-soporte-tablet\/\" \/>\n<meta property=\"og:site_name\" content=\"xtftattoo\" \/>\n<meta property=\"article:modified_time\" content=\"2024-08-28T22:53:32+00:00\" \/>\n<meta property=\"og:image\" content=\"https:\/\/xtftattoo.com\/wp-content\/uploads\/2024\/08\/Captura-de-pantalla-2024-08-28-205746.png\" \/>\n\t<meta property=\"og:image:width\" content=\"1179\" \/>\n\t<meta property=\"og:image:height\" content=\"1177\" \/>\n\t<meta property=\"og:image:type\" content=\"image\/png\" \/>\n<meta name=\"twitter:card\" content=\"summary_large_image\" \/>\n<meta name=\"twitter:label1\" content=\"Precio\" \/>\n\t<meta name=\"twitter:data1\" content=\"&euro;249.00 IVA no incluido\" \/>\n\t<meta name=\"twitter:label2\" content=\"Disponibilidad\" \/>\n\t<meta name=\"twitter:data2\" content=\"Disponible\" \/>\n<script type=\"application\/ld+json\" class=\"yoast-schema-graph\">{\"@context\":\"https:\/\/schema.org\",\"@graph\":[{\"@type\":\"WebPage\",\"@id\":\"https:\/\/xtftattoo.com\/index.php\/product\/lampara-pared-soporte-tablet\/\",\"url\":\"https:\/\/xtftattoo.com\/index.php\/product\/lampara-pared-soporte-tablet\/\",\"name\":\"L\u00e1mpara de Pared con Soporte de Tablet\",\"isPartOf\":{\"@id\":\"https:\/\/xtftattoo.com\/#website\"},\"primaryImageOfPage\":{\"@id\":\"https:\/\/xtftattoo.com\/index.php\/product\/lampara-pared-soporte-tablet\/#primaryimage\"},\"image\":{\"@id\":\"https:\/\/xtftattoo.com\/index.php\/product\/lampara-pared-soporte-tablet\/#primaryimage\"},\"thumbnailUrl\":\"https:\/\/xtftattoo.com\/wp-content\/uploads\/2024\/08\/Captura-de-pantalla-2024-08-28-205746.png\",\"datePublished\":\"2024-08-28T19:04:13+00:00\",\"dateModified\":\"2024-08-28T22:53:32+00:00\",\"description\":\"Optimiza tu espacio de trabajo con nuestra l\u00e1mpara de pared con soporte para tablet. Perfecta para iluminar y gestionar tus referencias digitales.\",\"breadcrumb\":{\"@id\":\"https:\/\/xtftattoo.com\/index.php\/product\/lampara-pared-soporte-tablet\/#breadcrumb\"},\"inLanguage\":\"es\",\"potentialAction\":[{\"@type\":\"ReadAction\",\"target\":[\"https:\/\/xtftattoo.com\/index.php\/product\/lampara-pared-soporte-tablet\/\"]}]},{\"@type\":\"ImageObject\",\"inLanguage\":\"es\",\"@id\":\"https:\/\/xtftattoo.com\/index.php\/product\/lampara-pared-soporte-tablet\/#primaryimage\",\"url\":\"https:\/\/xtftattoo.com\/wp-content\/uploads\/2024\/08\/Captura-de-pantalla-2024-08-28-205746.png\",\"contentUrl\":\"https:\/\/xtftattoo.com\/wp-content\/uploads\/2024\/08\/Captura-de-pantalla-2024-08-28-205746.png\",\"width\":1179,\"height\":1177,\"caption\":\"l\u00e1mpara de pared con soporte de tablet\"},{\"@type\":\"BreadcrumbList\",\"@id\":\"https:\/\/xtftattoo.com\/index.php\/product\/lampara-pared-soporte-tablet\/#breadcrumb\",\"itemListElement\":[{\"@type\":\"ListItem\",\"position\":1,\"name\":\"Portada\",\"item\":\"https:\/\/xtftattoo.com\/\"},{\"@type\":\"ListItem\",\"position\":2,\"name\":\"Tienda\",\"item\":\"https:\/\/xtftattoo.com\/index.php\/tienda\/\"},{\"@type\":\"ListItem\",\"position\":3,\"name\":\"Lampara de pared con soporte de Tablet\"}]},{\"@type\":\"WebSite\",\"@id\":\"https:\/\/xtftattoo.com\/#website\",\"url\":\"https:\/\/xtftattoo.com\/\",\"name\":\"xtftattoo\",\"description\":\"\",\"publisher\":{\"@id\":\"https:\/\/xtftattoo.com\/#organization\"},\"potentialAction\":[{\"@type\":\"SearchAction\",\"target\":{\"@type\":\"EntryPoint\",\"urlTemplate\":\"https:\/\/xtftattoo.com\/?s={search_term_string}\"},\"query-input\":\"required name=search_term_string\"}],\"inLanguage\":\"es\"},{\"@type\":\"Organization\",\"@id\":\"https:\/\/xtftattoo.com\/#organization\",\"name\":\"xtftattoo\",\"url\":\"https:\/\/xtftattoo.com\/\",\"logo\":{\"@type\":\"ImageObject\",\"inLanguage\":\"es\",\"@id\":\"https:\/\/xtftattoo.com\/#\/schema\/logo\/image\/\",\"url\":\"https:\/\/xtftattoo.com\/wp-content\/uploads\/2024\/05\/LogoXandro-e1716470833493.png\",\"contentUrl\":\"https:\/\/xtftattoo.com\/wp-content\/uploads\/2024\/05\/LogoXandro-e1716470833493.png\",\"width\":95,\"height\":100,\"caption\":\"xtftattoo\"},\"image\":{\"@id\":\"https:\/\/xtftattoo.com\/#\/schema\/logo\/image\/\"}}]}<\/script>\n<meta property=\"product:price:amount\" content=\"249.00\" \/>\n<meta property=\"product:price:currency\" content=\"EUR\" \/>\n<meta property=\"og:availability\" content=\"instock\" \/>\n<meta property=\"product:availability\" content=\"instock\" \/>\n<meta property=\"product:retailer_item_id\" content=\"3571\" \/>\n<meta property=\"product:condition\" content=\"new\" \/>\n<!-- \/ Yoast SEO Premium plugin. -->","yoast_head_json":{"title":"L\u00e1mpara de Pared con Soporte de Tablet","description":"Optimiza tu espacio de trabajo con nuestra l\u00e1mpara de pared con soporte para tablet. Perfecta para iluminar y gestionar tus referencias digitales.","robots":{"index":"index","follow":"follow","max-snippet":"max-snippet:-1","max-image-preview":"max-image-preview:large","max-video-preview":"max-video-preview:-1"},"canonical":"https:\/\/xtftattoo.com\/index.php\/product\/lampara-pared-soporte-tablet\/","og_locale":"es_ES","og_type":"article","og_title":"Lampara de pared con soporte de Tablet","og_description":"Optimiza tu espacio de trabajo con nuestra l\u00e1mpara de pared con soporte para tablet. Perfecta para iluminar y gestionar tus referencias digitales.","og_url":"https:\/\/xtftattoo.com\/index.php\/product\/lampara-pared-soporte-tablet\/","og_site_name":"xtftattoo","article_modified_time":"2024-08-28T22:53:32+00:00","og_image":[{"width":1179,"height":1177,"url":"https:\/\/xtftattoo.com\/wp-content\/uploads\/2024\/08\/Captura-de-pantalla-2024-08-28-205746.png","type":"image\/png"}],"twitter_card":"summary_large_image","twitter_misc":{"Precio":"&euro;249.00 IVA no incluido","Disponibilidad":"Disponible"},"schema":{"@context":"https:\/\/schema.org","@graph":[{"@type":"WebPage","@id":"https:\/\/xtftattoo.com\/index.php\/product\/lampara-pared-soporte-tablet\/","url":"https:\/\/xtftattoo.com\/index.php\/product\/lampara-pared-soporte-tablet\/","name":"L\u00e1mpara de Pared con Soporte de Tablet","isPartOf":{"@id":"https:\/\/xtftattoo.com\/#website"},"primaryImageOfPage":{"@id":"https:\/\/xtftattoo.com\/index.php\/product\/lampara-pared-soporte-tablet\/#primaryimage"},"image":{"@id":"https:\/\/xtftattoo.com\/index.php\/product\/lampara-pared-soporte-tablet\/#primaryimage"},"thumbnailUrl":"https:\/\/xtftattoo.com\/wp-content\/uploads\/2024\/08\/Captura-de-pantalla-2024-08-28-205746.png","datePublished":"2024-08-28T19:04:13+00:00","dateModified":"2024-08-28T22:53:32+00:00","description":"Optimiza tu espacio de trabajo con nuestra l\u00e1mpara de pared con soporte para tablet. Perfecta para iluminar y gestionar tus referencias digitales.","breadcrumb":{"@id":"https:\/\/xtftattoo.com\/index.php\/product\/lampara-pared-soporte-tablet\/#breadcrumb"},"inLanguage":"es","potentialAction":[{"@type":"ReadAction","target":["https:\/\/xtftattoo.com\/index.php\/product\/lampara-pared-soporte-tablet\/"]}]},{"@type":"ImageObject","inLanguage":"es","@id":"https:\/\/xtftattoo.com\/index.php\/product\/lampara-pared-soporte-tablet\/#primaryimage","url":"https:\/\/xtftattoo.com\/wp-content\/uploads\/2024\/08\/Captura-de-pantalla-2024-08-28-205746.png","contentUrl":"https:\/\/xtftattoo.com\/wp-content\/uploads\/2024\/08\/Captura-de-pantalla-2024-08-28-205746.png","width":1179,"height":1177,"caption":"l\u00e1mpara de pared con soporte de tablet"},{"@type":"BreadcrumbList","@id":"https:\/\/xtftattoo.com\/index.php\/product\/lampara-pared-soporte-tablet\/#breadcrumb","itemListElement":[{"@type":"ListItem","position":1,"name":"Portada","item":"https:\/\/xtftattoo.com\/"},{"@type":"ListItem","position":2,"name":"Tienda","item":"https:\/\/xtftattoo.com\/index.php\/tienda\/"},{"@type":"ListItem","position":3,"name":"Lampara de pared con soporte de Tablet"}]},{"@type":"WebSite","@id":"https:\/\/xtftattoo.com\/#website","url":"https:\/\/xtftattoo.com\/","name":"xtftattoo","description":"","publisher":{"@id":"https:\/\/xtftattoo.com\/#organization"},"potentialAction":[{"@type":"SearchAction","target":{"@type":"EntryPoint","urlTemplate":"https:\/\/xtftattoo.com\/?s={search_term_string}"},"query-input":"required name=search_term_string"}],"inLanguage":"es"},{"@type":"Organization","@id":"https:\/\/xtftattoo.com\/#organization","name":"xtftattoo","url":"https:\/\/xtftattoo.com\/","logo":{"@type":"ImageObject","inLanguage":"es","@id":"https:\/\/xtftattoo.com\/#\/schema\/logo\/image\/","url":"https:\/\/xtftattoo.com\/wp-content\/uploads\/2024\/05\/LogoXandro-e1716470833493.png","contentUrl":"https:\/\/xtftattoo.com\/wp-content\/uploads\/2024\/05\/LogoXandro-e1716470833493.png","width":95,"height":100,"caption":"xtftattoo"},"image":{"@id":"https:\/\/xtftattoo.com\/#\/schema\/logo\/image\/"}}]},"product_price_amount":"249.00","product_price_currency":"EUR","og_availability":"instock","product_availability":"instock","product_retailer_item_id":"3571","product_condition":"new"},"_links":{"self":[{"href":"https:\/\/xtftattoo.com\/index.php\/wp-json\/wp\/v2\/product\/3571"}],"collection":[{"href":"https:\/\/xtftattoo.com\/index.php\/wp-json\/wp\/v2\/product"}],"about":[{"href":"https:\/\/xtftattoo.com\/index.php\/wp-json\/wp\/v2\/types\/product"}],"replies":[{"embeddable":true,"href":"https:\/\/xtftattoo.com\/index.php\/wp-json\/wp\/v2\/comments?post=3571"}],"version-history":[{"count":4,"href":"https:\/\/xtftattoo.com\/index.php\/wp-json\/wp\/v2\/product\/3571\/revisions"}],"predecessor-version":[{"id":3689,"href":"https:\/\/xtftattoo.com\/index.php\/wp-json\/wp\/v2\/product\/3571\/revisions\/3689"}],"wp:featuredmedia":[{"embeddable":true,"href":"https:\/\/xtftattoo.com\/index.php\/wp-json\/wp\/v2\/media\/3572"}],"wp:attachment":[{"href":"https:\/\/xtftattoo.com\/index.php\/wp-json\/wp\/v2\/media?parent=3571"}],"wp:term":[{"taxonomy":"brand","embeddable":true,"href":"https:\/\/xtftattoo.com\/index.php\/wp-json\/wp\/v2\/etheme_brands?post=3571"},{"taxonomy":"product_cat","embeddable":true,"href":"https:\/\/xtftattoo.com\/index.php\/wp-json\/wp\/v2\/product_cat?post=3571"},{"taxonomy":"product_tag","embeddable":true,"href":"https:\/\/xtftattoo.com\/index.php\/wp-json\/wp\/v2\/product_tag?post=3571"}],"curies":[{"name":"wp","href":"https:\/\/api.w.org\/{rel}","templated":true}]}}