{"id":3655,"date":"2024-08-28T21:39:53","date_gmt":"2024-08-28T20:39:53","guid":{"rendered":"https:\/\/xtftattoo.com\/?post_type=product&#038;p=3655"},"modified":"2024-08-29T14:22:48","modified_gmt":"2024-08-29T13:22:48","slug":"seminario-tatuaje-procreate-sketchup","status":"publish","type":"product","link":"https:\/\/xtftattoo.com\/index.php\/product\/seminario-tatuaje-procreate-sketchup\/","title":{"rendered":"Seminario de retrato presencial"},"content":{"rendered":"<p>Este seminario de un d\u00eda (9 horas) cubre dise\u00f1o, uso de Procreate y SketchUp, y recomendaciones de agujas. Aprender\u00e1s t\u00e9cnicas de aplicaci\u00f3n y podr\u00e1s hacer preguntas durante la sesi\u00f3n.<\/p>\n<p>Incluye seguimiento online para perfeccionar tu t\u00e9cnica y llevar tus dise\u00f1os y pigmentaci\u00f3n al siguiente nivel. Impartido por @xandrotattoo.<\/p>\n","protected":false},"excerpt":{"rendered":"<p>Aprende dise\u00f1o, uso de Procreate\/SketchUp, recomendaciones de agujas y t\u00e9cnicas de aplicaci\u00f3n. Incluye seguimiento online y preguntas. Impartido por @xandrotattoo.<\/p>\n","protected":false},"featured_media":3646,"comment_status":"open","ping_status":"closed","template":"","meta":[],"etheme_brands":[],"product_cat":[306],"product_tag":[],"yoast_head":"<!-- This site is optimized with the Yoast SEO Premium plugin v22.7 (Yoast SEO v22.9) - https:\/\/yoast.com\/wordpress\/plugins\/seo\/ -->\n<title>Seminario de tatuaje con Procreate y SketchUp<\/title>\n<meta name=\"description\" content=\"Nuestro Seminario de tatuaje con Procreate y SketchUp, aprender a usar Procreate y SketchUp, y recibir recomendaciones de agujas y t\u00e9cnicas de aplicaci\u00f3n.\" \/>\n<meta name=\"robots\" content=\"index, follow, max-snippet:-1, max-image-preview:large, max-video-preview:-1\" \/>\n<link rel=\"canonical\" href=\"https:\/\/xtftattoo.com\/index.php\/product\/seminario-tatuaje-procreate-sketchup\/\" \/>\n<meta property=\"og:locale\" content=\"es_ES\" \/>\n<meta property=\"og:type\" content=\"article\" \/>\n<meta property=\"og:title\" content=\"Seminario de retrato presencial\" \/>\n<meta property=\"og:description\" content=\"Nuestro Seminario de tatuaje con Procreate y SketchUp, aprender a usar Procreate y SketchUp, y recibir recomendaciones de agujas y t\u00e9cnicas de aplicaci\u00f3n.\" \/>\n<meta property=\"og:url\" content=\"https:\/\/xtftattoo.com\/index.php\/product\/seminario-tatuaje-procreate-sketchup\/\" \/>\n<meta property=\"og:site_name\" content=\"xtftattoo\" \/>\n<meta property=\"article:modified_time\" content=\"2024-08-29T13:22:48+00:00\" \/>\n<meta property=\"og:image\" content=\"https:\/\/xtftattoo.com\/wp-content\/uploads\/2024\/08\/Ilustracion_sin_titulo-2.jpg\" \/>\n\t<meta property=\"og:image:width\" content=\"1678\" \/>\n\t<meta property=\"og:image:height\" content=\"2185\" \/>\n\t<meta property=\"og:image:type\" content=\"image\/jpeg\" \/>\n<meta name=\"twitter:card\" content=\"summary_large_image\" \/>\n<meta name=\"twitter:label1\" content=\"Precio\" \/>\n\t<meta name=\"twitter:data1\" content=\"&euro;300.00 IVA no incluido\" \/>\n\t<meta name=\"twitter:label2\" content=\"Disponibilidad\" \/>\n\t<meta name=\"twitter:data2\" content=\"Disponible\" \/>\n<script type=\"application\/ld+json\" class=\"yoast-schema-graph\">{\"@context\":\"https:\/\/schema.org\",\"@graph\":[{\"@type\":\"WebPage\",\"@id\":\"https:\/\/xtftattoo.com\/index.php\/product\/seminario-tatuaje-procreate-sketchup\/\",\"url\":\"https:\/\/xtftattoo.com\/index.php\/product\/seminario-tatuaje-procreate-sketchup\/\",\"name\":\"Seminario de tatuaje con Procreate y SketchUp\",\"isPartOf\":{\"@id\":\"https:\/\/xtftattoo.com\/#website\"},\"primaryImageOfPage\":{\"@id\":\"https:\/\/xtftattoo.com\/index.php\/product\/seminario-tatuaje-procreate-sketchup\/#primaryimage\"},\"image\":{\"@id\":\"https:\/\/xtftattoo.com\/index.php\/product\/seminario-tatuaje-procreate-sketchup\/#primaryimage\"},\"thumbnailUrl\":\"https:\/\/xtftattoo.com\/wp-content\/uploads\/2024\/08\/Ilustracion_sin_titulo-2.jpg\",\"datePublished\":\"2024-08-28T20:39:53+00:00\",\"dateModified\":\"2024-08-29T13:22:48+00:00\",\"description\":\"Nuestro Seminario de tatuaje con Procreate y SketchUp, aprender a usar Procreate y SketchUp, y recibir recomendaciones de agujas y t\u00e9cnicas de aplicaci\u00f3n.\",\"breadcrumb\":{\"@id\":\"https:\/\/xtftattoo.com\/index.php\/product\/seminario-tatuaje-procreate-sketchup\/#breadcrumb\"},\"inLanguage\":\"es\",\"potentialAction\":[{\"@type\":\"ReadAction\",\"target\":[\"https:\/\/xtftattoo.com\/index.php\/product\/seminario-tatuaje-procreate-sketchup\/\"]}]},{\"@type\":\"ImageObject\",\"inLanguage\":\"es\",\"@id\":\"https:\/\/xtftattoo.com\/index.php\/product\/seminario-tatuaje-procreate-sketchup\/#primaryimage\",\"url\":\"https:\/\/xtftattoo.com\/wp-content\/uploads\/2024\/08\/Ilustracion_sin_titulo-2.jpg\",\"contentUrl\":\"https:\/\/xtftattoo.com\/wp-content\/uploads\/2024\/08\/Ilustracion_sin_titulo-2.jpg\",\"width\":1678,\"height\":2185,\"caption\":\"seminario de retrato presencial\"},{\"@type\":\"BreadcrumbList\",\"@id\":\"https:\/\/xtftattoo.com\/index.php\/product\/seminario-tatuaje-procreate-sketchup\/#breadcrumb\",\"itemListElement\":[{\"@type\":\"ListItem\",\"position\":1,\"name\":\"Portada\",\"item\":\"https:\/\/xtftattoo.com\/\"},{\"@type\":\"ListItem\",\"position\":2,\"name\":\"Tienda\",\"item\":\"https:\/\/xtftattoo.com\/index.php\/tienda\/\"},{\"@type\":\"ListItem\",\"position\":3,\"name\":\"Seminario de retrato presencial\"}]},{\"@type\":\"WebSite\",\"@id\":\"https:\/\/xtftattoo.com\/#website\",\"url\":\"https:\/\/xtftattoo.com\/\",\"name\":\"xtftattoo\",\"description\":\"\",\"publisher\":{\"@id\":\"https:\/\/xtftattoo.com\/#organization\"},\"potentialAction\":[{\"@type\":\"SearchAction\",\"target\":{\"@type\":\"EntryPoint\",\"urlTemplate\":\"https:\/\/xtftattoo.com\/?s={search_term_string}\"},\"query-input\":\"required name=search_term_string\"}],\"inLanguage\":\"es\"},{\"@type\":\"Organization\",\"@id\":\"https:\/\/xtftattoo.com\/#organization\",\"name\":\"xtftattoo\",\"url\":\"https:\/\/xtftattoo.com\/\",\"logo\":{\"@type\":\"ImageObject\",\"inLanguage\":\"es\",\"@id\":\"https:\/\/xtftattoo.com\/#\/schema\/logo\/image\/\",\"url\":\"https:\/\/xtftattoo.com\/wp-content\/uploads\/2024\/05\/LogoXandro-e1716470833493.png\",\"contentUrl\":\"https:\/\/xtftattoo.com\/wp-content\/uploads\/2024\/05\/LogoXandro-e1716470833493.png\",\"width\":95,\"height\":100,\"caption\":\"xtftattoo\"},\"image\":{\"@id\":\"https:\/\/xtftattoo.com\/#\/schema\/logo\/image\/\"}}]}<\/script>\n<meta property=\"product:price:amount\" content=\"300.00\" \/>\n<meta property=\"product:price:currency\" content=\"EUR\" \/>\n<meta property=\"og:availability\" content=\"instock\" \/>\n<meta property=\"product:availability\" content=\"instock\" \/>\n<meta property=\"product:retailer_item_id\" content=\"3655\" \/>\n<meta property=\"product:condition\" content=\"new\" \/>\n<!-- \/ Yoast SEO Premium plugin. -->","yoast_head_json":{"title":"Seminario de tatuaje con Procreate y SketchUp","description":"Nuestro Seminario de tatuaje con Procreate y SketchUp, aprender a usar Procreate y SketchUp, y recibir recomendaciones de agujas y t\u00e9cnicas de aplicaci\u00f3n.","robots":{"index":"index","follow":"follow","max-snippet":"max-snippet:-1","max-image-preview":"max-image-preview:large","max-video-preview":"max-video-preview:-1"},"canonical":"https:\/\/xtftattoo.com\/index.php\/product\/seminario-tatuaje-procreate-sketchup\/","og_locale":"es_ES","og_type":"article","og_title":"Seminario de retrato presencial","og_description":"Nuestro Seminario de tatuaje con Procreate y SketchUp, aprender a usar Procreate y SketchUp, y recibir recomendaciones de agujas y t\u00e9cnicas de aplicaci\u00f3n.","og_url":"https:\/\/xtftattoo.com\/index.php\/product\/seminario-tatuaje-procreate-sketchup\/","og_site_name":"xtftattoo","article_modified_time":"2024-08-29T13:22:48+00:00","og_image":[{"width":1678,"height":2185,"url":"https:\/\/xtftattoo.com\/wp-content\/uploads\/2024\/08\/Ilustracion_sin_titulo-2.jpg","type":"image\/jpeg"}],"twitter_card":"summary_large_image","twitter_misc":{"Precio":"&euro;300.00 IVA no incluido","Disponibilidad":"Disponible"},"schema":{"@context":"https:\/\/schema.org","@graph":[{"@type":"WebPage","@id":"https:\/\/xtftattoo.com\/index.php\/product\/seminario-tatuaje-procreate-sketchup\/","url":"https:\/\/xtftattoo.com\/index.php\/product\/seminario-tatuaje-procreate-sketchup\/","name":"Seminario de tatuaje con Procreate y SketchUp","isPartOf":{"@id":"https:\/\/xtftattoo.com\/#website"},"primaryImageOfPage":{"@id":"https:\/\/xtftattoo.com\/index.php\/product\/seminario-tatuaje-procreate-sketchup\/#primaryimage"},"image":{"@id":"https:\/\/xtftattoo.com\/index.php\/product\/seminario-tatuaje-procreate-sketchup\/#primaryimage"},"thumbnailUrl":"https:\/\/xtftattoo.com\/wp-content\/uploads\/2024\/08\/Ilustracion_sin_titulo-2.jpg","datePublished":"2024-08-28T20:39:53+00:00","dateModified":"2024-08-29T13:22:48+00:00","description":"Nuestro Seminario de tatuaje con Procreate y SketchUp, aprender a usar Procreate y SketchUp, y recibir recomendaciones de agujas y t\u00e9cnicas de aplicaci\u00f3n.","breadcrumb":{"@id":"https:\/\/xtftattoo.com\/index.php\/product\/seminario-tatuaje-procreate-sketchup\/#breadcrumb"},"inLanguage":"es","potentialAction":[{"@type":"ReadAction","target":["https:\/\/xtftattoo.com\/index.php\/product\/seminario-tatuaje-procreate-sketchup\/"]}]},{"@type":"ImageObject","inLanguage":"es","@id":"https:\/\/xtftattoo.com\/index.php\/product\/seminario-tatuaje-procreate-sketchup\/#primaryimage","url":"https:\/\/xtftattoo.com\/wp-content\/uploads\/2024\/08\/Ilustracion_sin_titulo-2.jpg","contentUrl":"https:\/\/xtftattoo.com\/wp-content\/uploads\/2024\/08\/Ilustracion_sin_titulo-2.jpg","width":1678,"height":2185,"caption":"seminario de retrato presencial"},{"@type":"BreadcrumbList","@id":"https:\/\/xtftattoo.com\/index.php\/product\/seminario-tatuaje-procreate-sketchup\/#breadcrumb","itemListElement":[{"@type":"ListItem","position":1,"name":"Portada","item":"https:\/\/xtftattoo.com\/"},{"@type":"ListItem","position":2,"name":"Tienda","item":"https:\/\/xtftattoo.com\/index.php\/tienda\/"},{"@type":"ListItem","position":3,"name":"Seminario de retrato presencial"}]},{"@type":"WebSite","@id":"https:\/\/xtftattoo.com\/#website","url":"https:\/\/xtftattoo.com\/","name":"xtftattoo","description":"","publisher":{"@id":"https:\/\/xtftattoo.com\/#organization"},"potentialAction":[{"@type":"SearchAction","target":{"@type":"EntryPoint","urlTemplate":"https:\/\/xtftattoo.com\/?s={search_term_string}"},"query-input":"required name=search_term_string"}],"inLanguage":"es"},{"@type":"Organization","@id":"https:\/\/xtftattoo.com\/#organization","name":"xtftattoo","url":"https:\/\/xtftattoo.com\/","logo":{"@type":"ImageObject","inLanguage":"es","@id":"https:\/\/xtftattoo.com\/#\/schema\/logo\/image\/","url":"https:\/\/xtftattoo.com\/wp-content\/uploads\/2024\/05\/LogoXandro-e1716470833493.png","contentUrl":"https:\/\/xtftattoo.com\/wp-content\/uploads\/2024\/05\/LogoXandro-e1716470833493.png","width":95,"height":100,"caption":"xtftattoo"},"image":{"@id":"https:\/\/xtftattoo.com\/#\/schema\/logo\/image\/"}}]},"product_price_amount":"300.00","product_price_currency":"EUR","og_availability":"instock","product_availability":"instock","product_retailer_item_id":"3655","product_condition":"new"},"_links":{"self":[{"href":"https:\/\/xtftattoo.com\/index.php\/wp-json\/wp\/v2\/product\/3655"}],"collection":[{"href":"https:\/\/xtftattoo.com\/index.php\/wp-json\/wp\/v2\/product"}],"about":[{"href":"https:\/\/xtftattoo.com\/index.php\/wp-json\/wp\/v2\/types\/product"}],"replies":[{"embeddable":true,"href":"https:\/\/xtftattoo.com\/index.php\/wp-json\/wp\/v2\/comments?post=3655"}],"version-history":[{"count":4,"href":"https:\/\/xtftattoo.com\/index.php\/wp-json\/wp\/v2\/product\/3655\/revisions"}],"predecessor-version":[{"id":3705,"href":"https:\/\/xtftattoo.com\/index.php\/wp-json\/wp\/v2\/product\/3655\/revisions\/3705"}],"wp:featuredmedia":[{"embeddable":true,"href":"https:\/\/xtftattoo.com\/index.php\/wp-json\/wp\/v2\/media\/3646"}],"wp:attachment":[{"href":"https:\/\/xtftattoo.com\/index.php\/wp-json\/wp\/v2\/media?parent=3655"}],"wp:term":[{"taxonomy":"brand","embeddable":true,"href":"https:\/\/xtftattoo.com\/index.php\/wp-json\/wp\/v2\/etheme_brands?post=3655"},{"taxonomy":"product_cat","embeddable":true,"href":"https:\/\/xtftattoo.com\/index.php\/wp-json\/wp\/v2\/product_cat?post=3655"},{"taxonomy":"product_tag","embeddable":true,"href":"https:\/\/xtftattoo.com\/index.php\/wp-json\/wp\/v2\/product_tag?post=3655"}],"curies":[{"name":"wp","href":"https:\/\/api.w.org\/{rel}","templated":true}]}}